{"id":28859,"date":"2020-09-23T14:56:33","date_gmt":"2020-09-23T12:56:33","guid":{"rendered":"https:\/\/koussikou.ch\/?post_type=product&#038;p=28859"},"modified":"2025-11-17T03:13:25","modified_gmt":"2025-11-17T01:13:25","slug":"ibiyaya-portico-tissu-mixte","status":"publish","type":"product","link":"https:\/\/koussikou.ch\/fr\/produit\/ibiyaya-portico-tissu-mixte\/","title":{"rendered":"Ibiyaya - Portique"},"content":{"rendered":"<div data-elementor-type=\"wp-post\" data-elementor-id=\"28859\" class=\"elementor elementor-28859\">\n\t\t\t\t<div class=\"wd-negative-gap elementor-element elementor-element-d46d074 e-flex e-con-boxed e-con e-parent\" data-id=\"d46d074\" data-element_type=\"container\" data-e-type=\"container\">\n\t\t\t\t\t<div class=\"e-con-inner\">\n\t\t<div class=\"elementor-element elementor-element-ddfe465 e-con-full e-flex e-con e-child\" data-id=\"ddfe465\" data-element_type=\"container\" data-e-type=\"container\">\n\t\t\t\t<div class=\"elementor-element elementor-element-38b080d elementor-widget elementor-widget-wd_text_block\" data-id=\"38b080d\" data-element_type=\"widget\" data-e-type=\"widget\" data-widget_type=\"wd_text_block.default\">\n\t\t\t\t<div class=\"elementor-widget-container\">\n\t\t\t\t\t\t\t<div class=\"wd-text-block reset-last-child text-left\">\n\t\t\t\n\t\t\t<p>Le <strong><span style=\"color: #83b735;\">Portico Deluxe<\/span><\/strong> <strong>sac de transport pour chiens et chats<\/strong>, est l'option luxe, si vous souhaitez voyager avec vos animaux de compagnie en toute \u00e9l\u00e9gance.<\/p><p>Id\u00e9al pour les petits chiens, les chats ou les chiots <strong>jusqu'\u00e0 6 kg<\/strong>.<\/p><p>Les fen\u00eatres transparentes offrent une vue rassurante aux animaux anxieux. Il est \u00e9galement dot\u00e9 de nombreux trous d'a\u00e9ration.<\/p><p>Le sac est dot\u00e9 de deux solides poign\u00e9es rembourr\u00e9es et d'une sangle rembourr\u00e9e r\u00e9glable permettant un portage confortable \u00e0 la main ou \u00e0 l'\u00e9paule.<\/p><p>Le Portico Deluxe Pet Transporter Bag est tr\u00e8s facile \u00e0 ranger. Il se replie compl\u00e8tement \u00e0 plat lorsqu'il n'est pas utilis\u00e9. La cage de transport est \u00e9quip\u00e9e d'un tapis confortable, \u00e9pais et doux. Id\u00e9al pour s'asseoir et dormir, il peut \u00eatre retir\u00e9 pour \u00eatre nettoy\u00e9.<\/p>\n\t\t\t\t\t<\/div>\n\t\t\t\t\t\t<\/div>\n\t\t\t\t<\/div>\n\t\t\t\t<\/div>\n\t\t<div class=\"elementor-element elementor-element-a62ed35 e-con-full e-flex e-con e-child\" data-id=\"a62ed35\" data-element_type=\"container\" data-e-type=\"container\">\n\t\t\t\t<div class=\"elementor-element elementor-element-eb34a56 elementor-widget elementor-widget-wd_text_block\" data-id=\"eb34a56\" data-element_type=\"widget\" data-e-type=\"widget\" data-widget_type=\"wd_text_block.default\">\n\t\t\t\t<div class=\"elementor-widget-container\">\n\t\t\t\t\t\t\t<div class=\"wd-text-block reset-last-child text-left\">\n\t\t\t\n\t\t\t<blockquote><h5><span style=\"color: #83b735;\">Principaux avantages<\/span><\/h5><\/blockquote><p>\u2714 Mat\u00e9riau r\u00e9sistant au stress, durable, gardant votre animal de compagnie en s\u00e9curit\u00e9.<\/p><p>\u2714 Grandes fen\u00eatres transparentes et ventilation.<\/p><p>\u2714 Bretelles r\u00e9glables pour le transport \u00e0 la main ou sur l'\u00e9paule.<\/p><p style=\"text-align: left;\">\u2714 Conception compacte, facile \u00e0 replier \u00e0 plat. Id\u00e9al pour \u00e9conomiser de l'espace lors du rangement.<\/p><p>\u2714 Coussin int\u00e9rieur souple pour le confort.<\/p><p>\u2714 Laisse interne pour assurer la s\u00e9curit\u00e9 de votre animal.<\/p>\n\t\t\t\t\t<\/div>\n\t\t\t\t\t\t<\/div>\n\t\t\t\t<\/div>\n\t\t\t\t<\/div>\n\t\t<div class=\"elementor-element elementor-element-abcdb9a e-con-full e-flex e-con e-child\" data-id=\"abcdb9a\" data-element_type=\"container\" data-e-type=\"container\">\n\t\t\t\t<\/div>\n\t\t<div class=\"elementor-element elementor-element-ebeb55c e-con-full e-flex e-con e-child\" data-id=\"ebeb55c\" data-element_type=\"container\" data-e-type=\"container\">\n\t\t\t\t<div class=\"elementor-element elementor-element-a24868a elementor-widget elementor-widget-wd_text_block\" data-id=\"a24868a\" data-element_type=\"widget\" data-e-type=\"widget\" data-widget_type=\"wd_text_block.default\">\n\t\t\t\t<div class=\"elementor-widget-container\">\n\t\t\t\t\t\t\t<div class=\"wd-text-block reset-last-child text-left\">\n\t\t\t\n\t\t\t<blockquote><h5><span style=\"color: #83b735;\">Accessoires inclus<\/span><\/h5><\/blockquote><p>\u2714 Coussin int\u00e9rieur amovible<\/p><p>\u2714 1 x c\u00e2ble interne<\/p><p>\u2714 Courroie r\u00e9glable pour la main et l'\u00e9paule<\/p>\n\t\t\t\t\t<\/div>\n\t\t\t\t\t\t<\/div>\n\t\t\t\t<\/div>\n\t\t\t\t<div class=\"elementor-element elementor-element-f28d9dc elementor-widget elementor-widget-spacer\" data-id=\"f28d9dc\" data-element_type=\"widget\" data-e-type=\"widget\" data-widget_type=\"spacer.default\">\n\t\t\t\t<div class=\"elementor-widget-container\">\n\t\t\t\t\t\t\t<div class=\"elementor-spacer\">\n\t\t\t<div class=\"elementor-spacer-inner\"><\/div>\n\t\t<\/div>\n\t\t\t\t\t\t<\/div>\n\t\t\t\t<\/div>\n\t\t\t\t<\/div>\n\t\t\t\t\t<\/div>\n\t\t\t\t<\/div>\n\t\t<div class=\"wd-negative-gap elementor-element elementor-element-0e6fd56 e-grid e-con-boxed e-con e-parent\" data-id=\"0e6fd56\" data-element_type=\"container\" data-e-type=\"container\">\n\t\t\t\t\t<div class=\"e-con-inner\">\n\t\t\t\t<div class=\"elementor-element elementor-element-afee5a7 elementor-widget elementor-widget-testimonial\" data-id=\"afee5a7\" data-element_type=\"widget\" data-e-type=\"widget\" data-widget_type=\"testimonial.default\">\n\t\t\t\t<div class=\"elementor-widget-container\">\n\t\t\t\t\t\t\t<div class=\"elementor-testimonial-wrapper\">\n\t\t\t\t\t\t\t<div class=\"elementor-testimonial-content\">Si vous cherchez un moyen \u00e9l\u00e9gant et pratique de voyager avec votre animal de compagnie, le sac Portico Deluxe est un excellent choix !<\/div>\n\t\t\t\n\t\t\t\t\t\t<div class=\"elementor-testimonial-meta elementor-has-image elementor-testimonial-image-position-aside\">\n\t\t\t\t<div class=\"elementor-testimonial-meta-inner\">\n\t\t\t\t\t\t\t\t\t\t\t<div class=\"elementor-testimonial-image\">\n\t\t\t\t\t\t\t<img loading=\"lazy\" decoding=\"async\" width=\"1024\" height=\"683\" src=\"https:\/\/koussikou.ch\/wp-content\/uploads\/2024\/06\/FC1821OG_13-1.webp\" class=\"attachment-full size-full wp-image-28951\" alt=\"\" srcset=\"https:\/\/koussikou.ch\/wp-content\/uploads\/2024\/06\/FC1821OG_13-1.webp 1024w, https:\/\/koussikou.ch\/wp-content\/uploads\/2024\/06\/FC1821OG_13-1-400x267.webp 400w, https:\/\/koussikou.ch\/wp-content\/uploads\/2024\/06\/FC1821OG_13-1-768x512.webp 768w, https:\/\/koussikou.ch\/wp-content\/uploads\/2024\/06\/FC1821OG_13-1-18x12.webp 18w, https:\/\/koussikou.ch\/wp-content\/uploads\/2024\/06\/FC1821OG_13-1-430x287.webp 430w, https:\/\/koussikou.ch\/wp-content\/uploads\/2024\/06\/FC1821OG_13-1-700x467.webp 700w, https:\/\/koussikou.ch\/wp-content\/uploads\/2024\/06\/FC1821OG_13-1-150x100.webp 150w\" sizes=\"auto, (max-width: 1024px) 100vw, 1024px\" \/>\t\t\t\t\t\t<\/div>\n\t\t\t\t\t\n\t\t\t\t\t\t\t\t\t\t<div class=\"elementor-testimonial-details\">\n\t\t\t\t\t\t\t\t\t\t\t\t\t\t<div class=\"elementor-testimonial-name\">Elina Bergmann<\/div>\n\t\t\t\t\t\t\t\t\t\t\t\t\t\t\t\t\t\t\t\t\t\t<div class=\"elementor-testimonial-job\">Designer<\/div>\n\t\t\t\t\t\t\t\t\t\t\t\t\t<\/div>\n\t\t\t\t\t\t\t\t\t<\/div>\n\t\t\t<\/div>\n\t\t\t\t\t<\/div>\n\t\t\t\t\t\t<\/div>\n\t\t\t\t<\/div>\n\t\t\t\t\t<\/div>\n\t\t\t\t<\/div>\n\t\t\t\t<\/div>","protected":false},"excerpt":{"rendered":"<p>L'Ibiyaya Portico est une cage de transport \u00e9l\u00e9gante et confortable pour les chats et les petits chiens. Elle est dot\u00e9e d'un filet respirant, d'un design ergonomique et d'un acc\u00e8s facile.<\/p>","protected":false},"featured_media":28885,"template":"","meta":[],"product_brand":[],"product_cat":[42,104,95,131,132],"product_tag":[],"class_list":{"0":"post-28859","1":"product","2":"type-product","3":"status-publish","4":"has-post-thumbnail","6":"product_cat-all","7":"product_cat-cats","8":"product_cat-dogs","9":"product_cat-travel-walk-dogs","10":"product_cat-travel-walk-cats","12":"first","13":"instock","14":"shipping-taxable","15":"purchasable","16":"product-type-simple"},"_links":{"self":[{"href":"https:\/\/koussikou.ch\/fr\/wp-json\/wp\/v2\/product\/28859","targetHints":{"allow":["GET"]}}],"collection":[{"href":"https:\/\/koussikou.ch\/fr\/wp-json\/wp\/v2\/product"}],"about":[{"href":"https:\/\/koussikou.ch\/fr\/wp-json\/wp\/v2\/types\/product"}],"version-history":[{"count":0,"href":"https:\/\/koussikou.ch\/fr\/wp-json\/wp\/v2\/product\/28859\/revisions"}],"wp:featuredmedia":[{"embeddable":true,"href":"https:\/\/koussikou.ch\/fr\/wp-json\/wp\/v2\/media\/28885"}],"wp:attachment":[{"href":"https:\/\/koussikou.ch\/fr\/wp-json\/wp\/v2\/media?parent=28859"}],"wp:term":[{"taxonomy":"product_brand","embeddable":true,"href":"https:\/\/koussikou.ch\/fr\/wp-json\/wp\/v2\/product_brand?post=28859"},{"taxonomy":"product_cat","embeddable":true,"href":"https:\/\/koussikou.ch\/fr\/wp-json\/wp\/v2\/product_cat?post=28859"},{"taxonomy":"product_tag","embeddable":true,"href":"https:\/\/koussikou.ch\/fr\/wp-json\/wp\/v2\/product_tag?post=28859"}],"curies":[{"name":"wp","href":"https:\/\/api.w.org\/{rel}","templated":true}]}}