{"id":28925,"date":"2023-02-15T13:11:36","date_gmt":"2023-02-15T11:11:36","guid":{"rendered":"https:\/\/koussikou.ch\/?post_type=product&#038;p=28925"},"modified":"2024-06-22T21:22:36","modified_gmt":"2024-06-22T19:22:36","slug":"freezack-barbade","status":"publish","type":"product","link":"https:\/\/koussikou.ch\/fr\/produit\/freezack-barbade\/","title":{"rendered":"Freezack \u2013 Barbados"},"content":{"rendered":"<p>Une excursion sans stress pour vous et votre animal de compagnie gr\u00e2ce au sac de transport <span style=\"color: #83b735;\"><strong>Freezack Barbados<\/strong><\/span> .<\/p>\n<p>Mat\u00e9riaux durables, l\u00e9gers et imperm\u00e9ables<\/p>\n<p>L'aspect luxueux plaira \u00e0 votre animal de compagnie<\/p>\n<p>Avec une sortie lat\u00e9rale suppl\u00e9mentaire<\/p>\n<p>Confort et ventilation optimale<\/p>","protected":false},"excerpt":{"rendered":"<p>Faites l'exp\u00e9rience du confort et du style avec le Freezack - Barbados. Fabriqu\u00e9 \u00e0 partir de mat\u00e9riaux de premi\u00e8re qualit\u00e9, ce produit polyvalent et durable est parfait pour toutes les occasions.<\/p>","protected":false},"featured_media":28926,"template":"","meta":[],"product_brand":[],"product_cat":[42,104,95,132,131],"product_tag":[],"class_list":{"0":"post-28925","1":"product","2":"type-product","3":"status-publish","4":"has-post-thumbnail","6":"product_cat-all","7":"product_cat-cats","8":"product_cat-dogs","9":"product_cat-travel-walk-cats","10":"product_cat-travel-walk-dogs","12":"first","13":"instock","14":"shipping-taxable","15":"purchasable","16":"product-type-simple"},"_links":{"self":[{"href":"https:\/\/koussikou.ch\/fr\/wp-json\/wp\/v2\/product\/28925","targetHints":{"allow":["GET"]}}],"collection":[{"href":"https:\/\/koussikou.ch\/fr\/wp-json\/wp\/v2\/product"}],"about":[{"href":"https:\/\/koussikou.ch\/fr\/wp-json\/wp\/v2\/types\/product"}],"version-history":[{"count":0,"href":"https:\/\/koussikou.ch\/fr\/wp-json\/wp\/v2\/product\/28925\/revisions"}],"wp:featuredmedia":[{"embeddable":true,"href":"https:\/\/koussikou.ch\/fr\/wp-json\/wp\/v2\/media\/28926"}],"wp:attachment":[{"href":"https:\/\/koussikou.ch\/fr\/wp-json\/wp\/v2\/media?parent=28925"}],"wp:term":[{"taxonomy":"product_brand","embeddable":true,"href":"https:\/\/koussikou.ch\/fr\/wp-json\/wp\/v2\/product_brand?post=28925"},{"taxonomy":"product_cat","embeddable":true,"href":"https:\/\/koussikou.ch\/fr\/wp-json\/wp\/v2\/product_cat?post=28925"},{"taxonomy":"product_tag","embeddable":true,"href":"https:\/\/koussikou.ch\/fr\/wp-json\/wp\/v2\/product_tag?post=28925"}],"curies":[{"name":"wp","href":"https:\/\/api.w.org\/{rel}","templated":true}]}}