{"id":28959,"date":"2022-12-17T07:38:56","date_gmt":"2022-12-17T05:38:56","guid":{"rendered":"https:\/\/koussikou.ch\/?post_type=product&#038;p=28959"},"modified":"2024-06-22T21:05:44","modified_gmt":"2024-06-22T19:05:44","slug":"animaux-domestiques-unis-vicci","status":"publish","type":"product","link":"https:\/\/koussikou.ch\/fr\/produit\/animaux-domestiques-unis-vicci\/","title":{"rendered":"United Pets \u2013 Vicci"},"content":{"rendered":"<p>Le <span style=\"color: #83b735;\"><strong>United Pet Vicci Kitty Bac \u00e0 liti\u00e8re<\/strong><\/span> est une liti\u00e8re pour chat \u00e9l\u00e9gante<\/p>\n<p>Son design lisse lui permet de s'int\u00e9grer dans n'importe quel int\u00e9rieur.<\/p>\n<p>Elle est dot\u00e9e de hauts c\u00f4t\u00e9s et d'un rebord amovible pour \u00e9viter que la liti\u00e8re ne soit rejet\u00e9e \u00e0 l'ext\u00e9rieur.<\/p>\n<p>La forme ovale facilite le nettoyage car il n'y a pas de coins.<\/p>","protected":false},"excerpt":{"rendered":"<p>La liti\u00e8re United Pets Vicci est une liti\u00e8re pour chat \u00e9l\u00e9gante, durable et polyvalente qui compl\u00e8te votre d\u00e9coration int\u00e9rieure tout en offrant confort et commodit\u00e9 \u00e0 votre animal de compagnie.<\/p>","protected":false},"featured_media":28960,"template":"","meta":[],"product_brand":[],"product_cat":[42,104,121],"product_tag":[],"class_list":{"0":"post-28959","1":"product","2":"type-product","3":"status-publish","4":"has-post-thumbnail","6":"product_cat-all","7":"product_cat-cats","8":"product_cat-toilet","10":"first","11":"instock","12":"shipping-taxable","13":"purchasable","14":"product-type-variable"},"_links":{"self":[{"href":"https:\/\/koussikou.ch\/fr\/wp-json\/wp\/v2\/product\/28959","targetHints":{"allow":["GET"]}}],"collection":[{"href":"https:\/\/koussikou.ch\/fr\/wp-json\/wp\/v2\/product"}],"about":[{"href":"https:\/\/koussikou.ch\/fr\/wp-json\/wp\/v2\/types\/product"}],"version-history":[{"count":0,"href":"https:\/\/koussikou.ch\/fr\/wp-json\/wp\/v2\/product\/28959\/revisions"}],"wp:featuredmedia":[{"embeddable":true,"href":"https:\/\/koussikou.ch\/fr\/wp-json\/wp\/v2\/media\/28960"}],"wp:attachment":[{"href":"https:\/\/koussikou.ch\/fr\/wp-json\/wp\/v2\/media?parent=28959"}],"wp:term":[{"taxonomy":"product_brand","embeddable":true,"href":"https:\/\/koussikou.ch\/fr\/wp-json\/wp\/v2\/product_brand?post=28959"},{"taxonomy":"product_cat","embeddable":true,"href":"https:\/\/koussikou.ch\/fr\/wp-json\/wp\/v2\/product_cat?post=28959"},{"taxonomy":"product_tag","embeddable":true,"href":"https:\/\/koussikou.ch\/fr\/wp-json\/wp\/v2\/product_tag?post=28959"}],"curies":[{"name":"wp","href":"https:\/\/api.w.org\/{rel}","templated":true}]}}