{"id":28968,"date":"2022-07-12T11:55:25","date_gmt":"2022-07-12T09:55:25","guid":{"rendered":"https:\/\/koussikou.ch\/?post_type=product&#038;p=28968"},"modified":"2025-03-10T19:30:12","modified_gmt":"2025-03-10T17:30:12","slug":"dome-cat-litter-box-2","status":"publish","type":"product","link":"https:\/\/koussikou.ch\/fr\/produit\/dome-cat-litter-box-2\/","title":{"rendered":"CatPlayFurniture \u2013 Triangle Feeder"},"content":{"rendered":"<p>Cette <span style=\"color: #83b735;\"><strong>Triangle Feeder<\/strong><\/span> est destin\u00e9 \u00e0 ceux qui aiment la compacit\u00e9 et la commodit\u00e9.<\/p>\n<p>Gr\u00e2ce \u00e0 lui, vous pouvez nourrir plusieurs animaux en m\u00eame temps ou donner des produits savoureux \u00e0 un seul.<\/p>\n<p>Les bols en acier inoxydable sont faciles \u00e0 retirer et s\u00fbrs pour tous les types de produits.<\/p>\n<p><strong>Trois bols en inox sont inclus<\/strong>.<\/p>\n<p>Logo et inserts en cuir pour ne pas glisser<\/p>","protected":false},"excerpt":{"rendered":"<p>Am\u00e9liorez l'exp\u00e9rience culinaire de votre chat avec le CatPlayFurniture - Triangle Feeder. \u00c9l\u00e9gant, durable et ergonomique.<\/p>","protected":false},"featured_media":28978,"template":"","meta":[],"product_brand":[],"product_cat":[42,104,133,32],"product_tag":[],"class_list":{"0":"post-28968","1":"product","2":"type-product","3":"status-publish","4":"has-post-thumbnail","6":"product_cat-all","7":"product_cat-cats","8":"product_cat-eat-cats","9":"product_cat-furniture","11":"first","12":"instock","13":"shipping-taxable","14":"purchasable","15":"product-type-variable"},"_links":{"self":[{"href":"https:\/\/koussikou.ch\/fr\/wp-json\/wp\/v2\/product\/28968","targetHints":{"allow":["GET"]}}],"collection":[{"href":"https:\/\/koussikou.ch\/fr\/wp-json\/wp\/v2\/product"}],"about":[{"href":"https:\/\/koussikou.ch\/fr\/wp-json\/wp\/v2\/types\/product"}],"version-history":[{"count":1,"href":"https:\/\/koussikou.ch\/fr\/wp-json\/wp\/v2\/product\/28968\/revisions"}],"predecessor-version":[{"id":32673,"href":"https:\/\/koussikou.ch\/fr\/wp-json\/wp\/v2\/product\/28968\/revisions\/32673"}],"wp:featuredmedia":[{"embeddable":true,"href":"https:\/\/koussikou.ch\/fr\/wp-json\/wp\/v2\/media\/28978"}],"wp:attachment":[{"href":"https:\/\/koussikou.ch\/fr\/wp-json\/wp\/v2\/media?parent=28968"}],"wp:term":[{"taxonomy":"product_brand","embeddable":true,"href":"https:\/\/koussikou.ch\/fr\/wp-json\/wp\/v2\/product_brand?post=28968"},{"taxonomy":"product_cat","embeddable":true,"href":"https:\/\/koussikou.ch\/fr\/wp-json\/wp\/v2\/product_cat?post=28968"},{"taxonomy":"product_tag","embeddable":true,"href":"https:\/\/koussikou.ch\/fr\/wp-json\/wp\/v2\/product_tag?post=28968"}],"curies":[{"name":"wp","href":"https:\/\/api.w.org\/{rel}","templated":true}]}}