{"id":28986,"date":"2023-02-24T05:17:28","date_gmt":"2023-02-24T03:17:28","guid":{"rendered":"https:\/\/koussikou.ch\/?post_type=product&#038;p=28986"},"modified":"2025-11-02T16:24:36","modified_gmt":"2025-11-02T14:24:36","slug":"yamazaki-tower-pet-food-bowl","status":"publish","type":"product","link":"https:\/\/koussikou.ch\/fr\/produit\/yamazaki-tower-pet-food-bowl\/","title":{"rendered":"Yamazaki \u2013 Tower Pet Food Bowl"},"content":{"rendered":"<p>Ajoutez un peu de sophistication aux repas de votre petit f\u00e9lin ou canin pr\u00e9f\u00e9r\u00e9. Moderne et \u00e9l\u00e9gant, le <strong><span style=\"color: #83b735;\">Tower Pet Food Bowl<\/span><\/strong> utilise la simplicit\u00e9 pour apporter de l'\u00e9l\u00e9gance \u00e0 n'importe quelle pi\u00e8ce.<\/p>\n<p>Ce support de gamelle pour animaux de compagnie laisse derri\u00e8re lui la vie quotidienne normale de vos animaux, car il est non seulement d\u00e9coratif, mais aussi agr\u00e9able \u00e0 utiliser.<\/p>\n<p>Le <strong>position \u00e9lev\u00e9e<\/strong> du support ne p\u00e8se pas sur le cou et le dos de votre chien ou chat.<\/p>\n<p>La taille de ce plat est optimale <strong>pour les chats et les chiens de petite taille<\/strong>.<\/p>","protected":false},"excerpt":{"rendered":"<p>La gamelle Yamazaki - Tower Pet Food Bowl offre une solution \u00e9l\u00e9gante et fonctionnelle pour les repas des animaux de compagnie, avec une base antid\u00e9rapante et un design sur\u00e9lev\u00e9 pour une meilleure posture et une meilleure digestion.<\/p>","protected":false},"featured_media":29001,"template":"","meta":[],"product_brand":[],"product_cat":[42,104,95,134,133],"product_tag":[],"class_list":{"0":"post-28986","1":"product","2":"type-product","3":"status-publish","4":"has-post-thumbnail","6":"product_cat-all","7":"product_cat-cats","8":"product_cat-dogs","9":"product_cat-eat-dogs","10":"product_cat-eat-cats","12":"first","13":"instock","14":"shipping-taxable","15":"purchasable","16":"product-type-variable"},"_links":{"self":[{"href":"https:\/\/koussikou.ch\/fr\/wp-json\/wp\/v2\/product\/28986","targetHints":{"allow":["GET"]}}],"collection":[{"href":"https:\/\/koussikou.ch\/fr\/wp-json\/wp\/v2\/product"}],"about":[{"href":"https:\/\/koussikou.ch\/fr\/wp-json\/wp\/v2\/types\/product"}],"version-history":[{"count":0,"href":"https:\/\/koussikou.ch\/fr\/wp-json\/wp\/v2\/product\/28986\/revisions"}],"wp:featuredmedia":[{"embeddable":true,"href":"https:\/\/koussikou.ch\/fr\/wp-json\/wp\/v2\/media\/29001"}],"wp:attachment":[{"href":"https:\/\/koussikou.ch\/fr\/wp-json\/wp\/v2\/media?parent=28986"}],"wp:term":[{"taxonomy":"product_brand","embeddable":true,"href":"https:\/\/koussikou.ch\/fr\/wp-json\/wp\/v2\/product_brand?post=28986"},{"taxonomy":"product_cat","embeddable":true,"href":"https:\/\/koussikou.ch\/fr\/wp-json\/wp\/v2\/product_cat?post=28986"},{"taxonomy":"product_tag","embeddable":true,"href":"https:\/\/koussikou.ch\/fr\/wp-json\/wp\/v2\/product_tag?post=28986"}],"curies":[{"name":"wp","href":"https:\/\/api.w.org\/{rel}","templated":true}]}}