{"id":29017,"date":"2022-03-29T19:14:29","date_gmt":"2022-03-29T17:14:29","guid":{"rendered":"https:\/\/koussikou.ch\/?post_type=product&#038;p=29017"},"modified":"2024-06-22T18:05:10","modified_gmt":"2024-06-22T16:05:10","slug":"catplayfurniture-teepee","status":"publish","type":"product","link":"https:\/\/koussikou.ch\/fr\/produit\/catplayfurniture-teepee\/","title":{"rendered":"CatPlayFurniture - Teepee"},"content":{"rendered":"<p>Les animaux de compagnie adorent dormir et se cacher dans cet unique et confortable <span style=\"color: #83b735;\"><strong>Teepee<\/strong><\/span> maison<\/p>\n<p>Il est l\u00e9ger et peut donc \u00eatre facilement d\u00e9plac\u00e9.<\/p>\n<p>Adapt\u00e9 pour <strong>chats et petits chiens<\/strong>: Chihuahua, Maltais, Yorkshire, Pom\u00e9ranien, Pinscher, etc.<\/p>\n<p>\u2714 Livr\u00e9 avec un coussin en coton doux<\/p>\n<p>\u2714 Fait \u00e0 la main<\/p>\n<p>\u2714 Fabriqu\u00e9 en contreplaqu\u00e9 de qualit\u00e9<\/p>\n<p>\u2714 Coloration \u00e0 l'huile sans danger<\/p>","protected":false},"excerpt":{"rendered":"<p>Maison pour animaux en contreplaqu\u00e9 fabriqu\u00e9e \u00e0 la main avec coussin en coton doux. Parfaite pour les chats et les petits chiens. L\u00e9g\u00e8re, portable et \u00e9l\u00e9gante, elle est fabriqu\u00e9e \u00e0 l'aide de colorants \u00e0 l'huile sans danger. Offrez \u00e0 votre ami \u00e0 fourrure sa propre cachette !<\/p>","protected":false},"featured_media":29018,"template":"","meta":[],"product_brand":[],"product_cat":[42,104,95,32,129,130],"product_tag":[],"class_list":{"0":"post-29017","1":"product","2":"type-product","3":"status-publish","4":"has-post-thumbnail","6":"product_cat-all","7":"product_cat-cats","8":"product_cat-dogs","9":"product_cat-furniture","10":"product_cat-sleep-relax-cats","11":"product_cat-sleep-relax-dogs","13":"first","14":"instock","15":"shipping-taxable","16":"purchasable","17":"product-type-variable"},"_links":{"self":[{"href":"https:\/\/koussikou.ch\/fr\/wp-json\/wp\/v2\/product\/29017","targetHints":{"allow":["GET"]}}],"collection":[{"href":"https:\/\/koussikou.ch\/fr\/wp-json\/wp\/v2\/product"}],"about":[{"href":"https:\/\/koussikou.ch\/fr\/wp-json\/wp\/v2\/types\/product"}],"version-history":[{"count":0,"href":"https:\/\/koussikou.ch\/fr\/wp-json\/wp\/v2\/product\/29017\/revisions"}],"wp:featuredmedia":[{"embeddable":true,"href":"https:\/\/koussikou.ch\/fr\/wp-json\/wp\/v2\/media\/29018"}],"wp:attachment":[{"href":"https:\/\/koussikou.ch\/fr\/wp-json\/wp\/v2\/media?parent=29017"}],"wp:term":[{"taxonomy":"product_brand","embeddable":true,"href":"https:\/\/koussikou.ch\/fr\/wp-json\/wp\/v2\/product_brand?post=29017"},{"taxonomy":"product_cat","embeddable":true,"href":"https:\/\/koussikou.ch\/fr\/wp-json\/wp\/v2\/product_cat?post=29017"},{"taxonomy":"product_tag","embeddable":true,"href":"https:\/\/koussikou.ch\/fr\/wp-json\/wp\/v2\/product_tag?post=29017"}],"curies":[{"name":"wp","href":"https:\/\/api.w.org\/{rel}","templated":true}]}}