{"id":29068,"date":"2024-02-11T17:29:50","date_gmt":"2024-02-11T15:29:50","guid":{"rendered":"https:\/\/koussikou.ch\/?post_type=product&#038;p=29068"},"modified":"2025-01-11T22:17:37","modified_gmt":"2025-01-11T20:17:37","slug":"inooko-slow-feeder-bowl","status":"publish","type":"product","link":"https:\/\/koussikou.ch\/fr\/produit\/inooko-slow-feeder-bowl\/","title":{"rendered":"Inooko \u2013 Slow Feeder Bowl"},"content":{"rendered":"<p><span style=\"color: #83b735;\"><strong>Inooko\u2019s Slow Feeder Bowl<\/strong><\/span> aide votre chat \u00e0 adopter une fa\u00e7on naturelle et plus saine de manger. Votre chat prendra le temps de savourer son repas (sec ou humide) de mani\u00e8re divertissante.<\/p>\n<p>Jusqu'\u00e0 10 fois plus lent<\/p>\n<p>\u2714 Pr\u00e9vient l'ennui et l'ob\u00e9sit\u00e9<\/p>\n<p>\u2714 Facile \u00e0 nettoyer, le bol est <strong>lavable au lave-vaisselle<\/strong><\/p>\n<p>\u2714 Flexible, prot\u00e8ge les dents de votre chat s'il le mord<\/p>\n<p>\u2714 Fabriqu\u00e9 en silicone, antid\u00e9rapant<\/p>","protected":false},"excerpt":{"rendered":"<p>D\u00e9couvrez une fa\u00e7on naturelle et plus saine pour votre chat de manger avec le Slow Feeder Bowl d'Inooko, con\u00e7u pour rendre l'heure des repas agr\u00e9able et pr\u00e9venir l'ob\u00e9sit\u00e9.<\/p>","protected":false},"featured_media":29072,"template":"","meta":[],"product_brand":[],"product_cat":[42,104,133],"product_tag":[],"class_list":{"0":"post-29068","1":"product","2":"type-product","3":"status-publish","4":"has-post-thumbnail","6":"product_cat-all","7":"product_cat-cats","8":"product_cat-eat-cats","10":"first","11":"instock","12":"shipping-taxable","13":"purchasable","14":"product-type-variable"},"_links":{"self":[{"href":"https:\/\/koussikou.ch\/fr\/wp-json\/wp\/v2\/product\/29068","targetHints":{"allow":["GET"]}}],"collection":[{"href":"https:\/\/koussikou.ch\/fr\/wp-json\/wp\/v2\/product"}],"about":[{"href":"https:\/\/koussikou.ch\/fr\/wp-json\/wp\/v2\/types\/product"}],"version-history":[{"count":0,"href":"https:\/\/koussikou.ch\/fr\/wp-json\/wp\/v2\/product\/29068\/revisions"}],"wp:featuredmedia":[{"embeddable":true,"href":"https:\/\/koussikou.ch\/fr\/wp-json\/wp\/v2\/media\/29072"}],"wp:attachment":[{"href":"https:\/\/koussikou.ch\/fr\/wp-json\/wp\/v2\/media?parent=29068"}],"wp:term":[{"taxonomy":"product_brand","embeddable":true,"href":"https:\/\/koussikou.ch\/fr\/wp-json\/wp\/v2\/product_brand?post=29068"},{"taxonomy":"product_cat","embeddable":true,"href":"https:\/\/koussikou.ch\/fr\/wp-json\/wp\/v2\/product_cat?post=29068"},{"taxonomy":"product_tag","embeddable":true,"href":"https:\/\/koussikou.ch\/fr\/wp-json\/wp\/v2\/product_tag?post=29068"}],"curies":[{"name":"wp","href":"https:\/\/api.w.org\/{rel}","templated":true}]}}