{"id":29095,"date":"2022-01-18T19:25:37","date_gmt":"2022-01-18T17:25:37","guid":{"rendered":"https:\/\/koussikou.ch\/?post_type=product&#038;p=29095"},"modified":"2024-06-22T18:04:30","modified_gmt":"2024-06-22T16:04:30","slug":"catplayfurniture-scratchnplay","status":"publish","type":"product","link":"https:\/\/koussikou.ch\/fr\/produit\/catplayfurniture-scratchnplay\/","title":{"rendered":"CatPlayFurniture - Scratch'n'Play"},"content":{"rendered":"<p><span style=\"color: #83b735;\"><strong>The CatPlayFurniture Scratch\u2019n\u2019Play<\/strong><\/span> est un meuble pour chat innovant et multifonctionnel qui combine trois \u00e9l\u00e9ments essentiels au bien-\u00eatre des f\u00e9lins :<\/p>\n<p>\u2714 <strong>Scratcher<\/strong>: Satisfait le besoin naturel de votre chat de se faire les griffes et aide \u00e0 maintenir ses griffes en bonne sant\u00e9.<br \/>\n\u2714 <strong>Aire de jeux<\/strong>: Fournit \u00e0 votre chat un espace agr\u00e9able o\u00f9 il peut faire de l'exercice et rester mentalement stimul\u00e9.<br \/>\n\u2714 <strong>Lieu de repos douillet<\/strong>: Offre \u00e0 votre chat un endroit confortable pour se d\u00e9tendre et faire la sieste.<\/p>\n<p>Cette pi\u00e8ce polyvalente est fabriqu\u00e9e avec des mat\u00e9riaux durables et de haute qualit\u00e9 pour garantir une utilisation durable. Il est con\u00e7u pour divertir votre chat et le rendre confortable, tout en \u00e9conomisant de l'espace dans votre maison en combinant plusieurs fonctions adapt\u00e9es aux chats en un seul produit.<\/p>\n<p>Le Scratch'n'Play fait partie de la collection CatPlayFurniture, qui se concentre sur la cr\u00e9ation de meubles pour chats fonctionnels et \u00e9l\u00e9gants. En offrant un espace d\u00e9di\u00e9 pour faire ses griffes, jouer et se reposer, ce produit peut aider \u00e0 r\u00e9duire les griffures ind\u00e9sirables sur les meubles et offrir un environnement stimulant \u00e0 votre chat.<\/p>\n<p>En investissant dans un Scratch'n'Play, vous offrez \u00e0 votre ami f\u00e9lin un espace d\u00e9di\u00e9 qui r\u00e9pond \u00e0 ses diff\u00e9rents besoins, ce qui peut am\u00e9liorer son bien-\u00eatre g\u00e9n\u00e9ral et son comportement dans votre maison.<\/p>","protected":false},"excerpt":{"rendered":"<p>CatPlayFurniture's Scratch'n'Play : le scratcher \u00e0 griffer, l'aire de jeu et le lieu de repos douillet tout-en-un pour votre ami f\u00e9lin.<\/p>","protected":false},"featured_media":29096,"template":"","meta":[],"product_brand":[],"product_cat":[42,104,105],"product_tag":[412,455,456,457,459,454,458],"class_list":{"0":"post-29095","1":"product","2":"type-product","3":"status-publish","4":"has-post-thumbnail","6":"product_cat-all","7":"product_cat-cats","8":"product_cat-toys-cats","9":"product_tag-cat-furniture","10":"product_tag-cat-play-area","11":"product_tag-cat-resting-spot","12":"product_tag-durable-cat-furniture","13":"product_tag-multi-level-cat-furniture","14":"product_tag-scratching-post","15":"product_tag-stylish-cat-furniture","17":"first","18":"instock","19":"shipping-taxable","20":"purchasable","21":"product-type-simple"},"_links":{"self":[{"href":"https:\/\/koussikou.ch\/fr\/wp-json\/wp\/v2\/product\/29095","targetHints":{"allow":["GET"]}}],"collection":[{"href":"https:\/\/koussikou.ch\/fr\/wp-json\/wp\/v2\/product"}],"about":[{"href":"https:\/\/koussikou.ch\/fr\/wp-json\/wp\/v2\/types\/product"}],"version-history":[{"count":0,"href":"https:\/\/koussikou.ch\/fr\/wp-json\/wp\/v2\/product\/29095\/revisions"}],"wp:featuredmedia":[{"embeddable":true,"href":"https:\/\/koussikou.ch\/fr\/wp-json\/wp\/v2\/media\/29096"}],"wp:attachment":[{"href":"https:\/\/koussikou.ch\/fr\/wp-json\/wp\/v2\/media?parent=29095"}],"wp:term":[{"taxonomy":"product_brand","embeddable":true,"href":"https:\/\/koussikou.ch\/fr\/wp-json\/wp\/v2\/product_brand?post=29095"},{"taxonomy":"product_cat","embeddable":true,"href":"https:\/\/koussikou.ch\/fr\/wp-json\/wp\/v2\/product_cat?post=29095"},{"taxonomy":"product_tag","embeddable":true,"href":"https:\/\/koussikou.ch\/fr\/wp-json\/wp\/v2\/product_tag?post=29095"}],"curies":[{"name":"wp","href":"https:\/\/api.w.org\/{rel}","templated":true}]}}