{"id":29099,"date":"2021-07-06T01:04:16","date_gmt":"2021-07-05T23:04:16","guid":{"rendered":"https:\/\/koussikou.ch\/?post_type=product&#038;p=29099"},"modified":"2024-06-29T10:21:49","modified_gmt":"2024-06-29T08:21:49","slug":"lit-en-rotin-curver","status":"publish","type":"product","link":"https:\/\/koussikou.ch\/fr\/produit\/lit-en-rotin-curver\/","title":{"rendered":"Curver \u2013 Rattan Bed"},"content":{"rendered":"<p>Le <span style=\"color: #83b735;\"><strong>Curver Rattan Bed<\/strong><\/span> est un lit \u00e9l\u00e9gant et fonctionnel con\u00e7u pour les chats et les chiens. Ce lit offre \u00e0 votre animal un endroit confortable pour dormir, se reposer et jouer.<\/p>\n<blockquote>\n<h5><span style=\"color: #333333;\">CARACT\u00c9RISTIQUES <\/span><\/h5>\n<\/blockquote>\n<p>\u2714 Design attrayant : Le lit pr\u00e9sente une belle apparence de style rotin qui ajoute une touche d'\u00e9l\u00e9gance \u00e0 votre d\u00e9coration int\u00e9rieure<br \/>\n\u2714 Entretien facile : Le lit est con\u00e7u pour \u00eatre facile \u00e0 nettoyer, ce qui permet aux propri\u00e9taires d'animaux de compagnie de maintenir une bonne hygi\u00e8ne.<br \/>\n\u2714 Polyvalence : Il fournit un espace confortable pour que votre animal de compagnie puisse dormir, se d\u00e9tendre et m\u00eame jouer, r\u00e9pondant ainsi aux diverses activit\u00e9s des animaux de compagnie<\/p>","protected":false},"excerpt":{"rendered":"<p>Le Curver Rattan Bed offre \u00e0 votre animal un endroit confortable pour dormir, se reposer et jouer.<\/p>","protected":false},"featured_media":29112,"template":"","meta":[],"product_brand":[],"product_cat":[42,104,95,129,130],"product_tag":[],"class_list":{"0":"post-29099","1":"product","2":"type-product","3":"status-publish","4":"has-post-thumbnail","6":"product_cat-all","7":"product_cat-cats","8":"product_cat-dogs","9":"product_cat-sleep-relax-cats","10":"product_cat-sleep-relax-dogs","12":"first","13":"instock","14":"shipping-taxable","15":"purchasable","16":"product-type-simple"},"_links":{"self":[{"href":"https:\/\/koussikou.ch\/fr\/wp-json\/wp\/v2\/product\/29099","targetHints":{"allow":["GET"]}}],"collection":[{"href":"https:\/\/koussikou.ch\/fr\/wp-json\/wp\/v2\/product"}],"about":[{"href":"https:\/\/koussikou.ch\/fr\/wp-json\/wp\/v2\/types\/product"}],"version-history":[{"count":0,"href":"https:\/\/koussikou.ch\/fr\/wp-json\/wp\/v2\/product\/29099\/revisions"}],"wp:featuredmedia":[{"embeddable":true,"href":"https:\/\/koussikou.ch\/fr\/wp-json\/wp\/v2\/media\/29112"}],"wp:attachment":[{"href":"https:\/\/koussikou.ch\/fr\/wp-json\/wp\/v2\/media?parent=29099"}],"wp:term":[{"taxonomy":"product_brand","embeddable":true,"href":"https:\/\/koussikou.ch\/fr\/wp-json\/wp\/v2\/product_brand?post=29099"},{"taxonomy":"product_cat","embeddable":true,"href":"https:\/\/koussikou.ch\/fr\/wp-json\/wp\/v2\/product_cat?post=29099"},{"taxonomy":"product_tag","embeddable":true,"href":"https:\/\/koussikou.ch\/fr\/wp-json\/wp\/v2\/product_tag?post=29099"}],"curies":[{"name":"wp","href":"https:\/\/api.w.org\/{rel}","templated":true}]}}