{"id":29115,"date":"2022-11-05T22:50:49","date_gmt":"2022-11-05T20:50:49","guid":{"rendered":"https:\/\/koussikou.ch\/?post_type=product&#038;p=29115"},"modified":"2025-09-30T10:43:05","modified_gmt":"2025-09-30T08:43:05","slug":"ibiyaya-portico-deluxe","status":"publish","type":"product","link":"https:\/\/koussikou.ch\/fr\/produit\/ibiyaya-portico-deluxe\/","title":{"rendered":"Ibiyaya - Portico Deluxe"},"content":{"rendered":"<div data-elementor-type=\"wp-post\" data-elementor-id=\"29115\" class=\"elementor elementor-29115\">\n\t\t\t\t<div class=\"wd-negative-gap elementor-element elementor-element-4900917 e-flex e-con-boxed e-con e-parent\" data-id=\"4900917\" data-element_type=\"container\" data-e-type=\"container\">\n\t\t\t\t\t<div class=\"e-con-inner\">\n\t\t<div class=\"elementor-element elementor-element-2ac4b81 e-con-full e-flex e-con e-child\" data-id=\"2ac4b81\" data-element_type=\"container\" data-e-type=\"container\">\n\t\t\t\t<div class=\"elementor-element elementor-element-25a38d6 elementor-widget elementor-widget-wd_text_block\" data-id=\"25a38d6\" data-element_type=\"widget\" data-e-type=\"widget\" data-widget_type=\"wd_text_block.default\">\n\t\t\t\t<div class=\"elementor-widget-container\">\n\t\t\t\t\t\t\t<div class=\"wd-text-block reset-last-child text-left\">\n\t\t\t\n\t\t\t<p>Le <strong><span style=\"color: #83b735;\">Portico Deluxe<\/span><\/strong> <strong>sac de transport pour chiens et chats<\/strong>, est l'option luxe, si vous souhaitez voyager avec vos animaux de compagnie en toute \u00e9l\u00e9gance.<\/p><p>Id\u00e9al pour les petits chiens, les chats ou les chiots jusqu'\u00e0 6 kg.<\/p><p>Les fen\u00eatres transparentes offrent une vue rassurante aux animaux anxieux. Il est \u00e9galement dot\u00e9 de nombreux trous d'a\u00e9ration.<\/p><p>Le sac est dot\u00e9 de deux solides poign\u00e9es rembourr\u00e9es et d'une sangle rembourr\u00e9e r\u00e9glable permettant un portage confortable \u00e0 la main ou \u00e0 l'\u00e9paule.<\/p><p>Le Portico Deluxe Pet Transporter Bag est tr\u00e8s facile \u00e0 ranger. Il se replie compl\u00e8tement \u00e0 plat lorsqu'il n'est pas utilis\u00e9. La cage de transport est \u00e9quip\u00e9e d'un tapis confortable, \u00e9pais et doux. Id\u00e9al pour s'asseoir et dormir, il peut \u00eatre retir\u00e9 pour \u00eatre nettoy\u00e9.<\/p><blockquote><h5><span style=\"color: #83b735;\">Principaux avantages<\/span><\/h5><\/blockquote><p>\u2714 Mat\u00e9riau r\u00e9sistant au stress, durable, gardant votre animal de compagnie en s\u00e9curit\u00e9.<\/p><p>\u2714 Grandes fen\u00eatres transparentes et ventilation.<\/p><p>\u2714 Bretelles r\u00e9glables pour le transport \u00e0 la main ou sur l'\u00e9paule.<\/p><p style=\"text-align: left;\">\u2714 Conception compacte, facile \u00e0 replier \u00e0 plat. Id\u00e9al pour \u00e9conomiser de l'espace lors du rangement.<\/p><p>\u2714 Coussin int\u00e9rieur souple pour le confort.<\/p><p>\u2714 Laisse interne pour assurer la s\u00e9curit\u00e9 de votre animal.<\/p>\n\t\t\t\t\t<\/div>\n\t\t\t\t\t\t<\/div>\n\t\t\t\t<\/div>\n\t\t\t\t<\/div>\n\t\t<div class=\"elementor-element elementor-element-4753524 e-con-full e-flex e-con e-child\" data-id=\"4753524\" data-element_type=\"container\" data-e-type=\"container\">\n\t\t<div class=\"wd-negative-gap elementor-element elementor-element-595db67 e-flex e-con-boxed e-con e-child\" data-id=\"595db67\" data-element_type=\"container\" data-e-type=\"container\">\n\t\t\t\t\t<div class=\"e-con-inner\">\n\t\t\t\t<div class=\"elementor-element elementor-element-2c7b9bc elementor-widget elementor-widget-wd_text_block\" data-id=\"2c7b9bc\" data-element_type=\"widget\" data-e-type=\"widget\" data-widget_type=\"wd_text_block.default\">\n\t\t\t\t<div class=\"elementor-widget-container\">\n\t\t\t\t\t\t\t<div class=\"wd-text-block reset-last-child text-left\">\n\t\t\t\n\t\t\t<blockquote><h5><span style=\"color: #83b735;\">Accessoires inclus<\/span><\/h5><\/blockquote><p>\u2714 Coussin int\u00e9rieur amovible<\/p><p>\u2714 1 x c\u00e2ble interne<\/p><p>\u2714 Courroie r\u00e9glable pour la main et l'\u00e9paule<\/p>\n\t\t\t\t\t<\/div>\n\t\t\t\t\t\t<\/div>\n\t\t\t\t<\/div>\n\t\t\t\t<div class=\"elementor-element elementor-element-ea02731 elementor-widget elementor-widget-testimonial\" data-id=\"ea02731\" data-element_type=\"widget\" data-e-type=\"widget\" data-widget_type=\"testimonial.default\">\n\t\t\t\t<div class=\"elementor-widget-container\">\n\t\t\t\t\t\t\t<div class=\"elementor-testimonial-wrapper\">\n\t\t\t\t\t\t\t<div class=\"elementor-testimonial-content\">Ce sac luxueux allie \u00e9l\u00e9gance et fonctionnalit\u00e9, pour que votre petit chien, votre chat ou votre chiot voyage en tout confort.<\/div>\n\t\t\t\n\t\t\t\t\t\t<div class=\"elementor-testimonial-meta elementor-has-image elementor-testimonial-image-position-aside\">\n\t\t\t\t<div class=\"elementor-testimonial-meta-inner\">\n\t\t\t\t\t\t\t\t\t\t\t<div class=\"elementor-testimonial-image\">\n\t\t\t\t\t\t\t<img loading=\"lazy\" decoding=\"async\" width=\"466\" height=\"466\" src=\"https:\/\/koussikou.ch\/wp-content\/uploads\/2024\/06\/portico-mixed-fabric-bag-13-e1717522620274.jpg\" class=\"attachment-full size-full wp-image-28873\" alt=\"\" srcset=\"https:\/\/koussikou.ch\/wp-content\/uploads\/2024\/06\/portico-mixed-fabric-bag-13-e1717522620274.jpg 466w, https:\/\/koussikou.ch\/wp-content\/uploads\/2024\/06\/portico-mixed-fabric-bag-13-e1717522620274-300x300.jpg 300w, https:\/\/koussikou.ch\/wp-content\/uploads\/2024\/06\/portico-mixed-fabric-bag-13-e1717522620274-150x150.jpg 150w, https:\/\/koussikou.ch\/wp-content\/uploads\/2024\/06\/portico-mixed-fabric-bag-13-e1717522620274-12x12.jpg 12w, https:\/\/koussikou.ch\/wp-content\/uploads\/2024\/06\/portico-mixed-fabric-bag-13-e1717522620274-430x430.jpg 430w\" sizes=\"auto, (max-width: 466px) 100vw, 466px\" \/>\t\t\t\t\t\t<\/div>\n\t\t\t\t\t\n\t\t\t\t\t\t\t\t\t\t<div class=\"elementor-testimonial-details\">\n\t\t\t\t\t\t\t\t\t\t\t\t\t\t<div class=\"elementor-testimonial-name\">Elina Bergmann<\/div>\n\t\t\t\t\t\t\t\t\t\t\t\t\t\t\t\t\t\t\t\t\t\t<div class=\"elementor-testimonial-job\">Designer<\/div>\n\t\t\t\t\t\t\t\t\t\t\t\t\t<\/div>\n\t\t\t\t\t\t\t\t\t<\/div>\n\t\t\t<\/div>\n\t\t\t\t\t<\/div>\n\t\t\t\t\t\t<\/div>\n\t\t\t\t<\/div>\n\t\t\t\t\t<\/div>\n\t\t\t\t<\/div>\n\t\t\t\t<\/div>\n\t\t\t\t\t<\/div>\n\t\t\t\t<\/div>\n\t\t\t\t<\/div>","protected":false},"excerpt":{"rendered":"<p>Voyagez avec style et confort avec le Portico Deluxe d'Ibiyaya, une cage de transport pour animaux de compagnie de premi\u00e8re qualit\u00e9 con\u00e7ue pour la s\u00e9curit\u00e9, la commodit\u00e9 et l'\u00e9l\u00e9gance.<\/p>","protected":false},"featured_media":29116,"template":"","meta":[],"product_brand":[],"product_cat":[42,104,95,131,132],"product_tag":[556,557,471,555,473,560,553,554,558,559],"class_list":{"0":"post-29115","1":"product","2":"type-product","3":"status-publish","4":"has-post-thumbnail","6":"product_cat-all","7":"product_cat-cats","8":"product_cat-dogs","9":"product_cat-travel-walk-dogs","10":"product_cat-travel-walk-cats","11":"product_tag-ergonomic-pet-carrier","12":"product_tag-foldable-pet-carrier","13":"product_tag-ibiyaya","14":"product_tag-luxury-pet-carrier","15":"product_tag-pet-carrier","16":"product_tag-pet-travel-accessories","17":"product_tag-portico-deluxe","18":"product_tag-travel-pet-carrier","19":"product_tag-ventilated-pet-carrier","20":"product_tag-washable-pet-padding","22":"first","23":"instock","24":"shipping-taxable","25":"purchasable","26":"product-type-simple"},"_links":{"self":[{"href":"https:\/\/koussikou.ch\/fr\/wp-json\/wp\/v2\/product\/29115","targetHints":{"allow":["GET"]}}],"collection":[{"href":"https:\/\/koussikou.ch\/fr\/wp-json\/wp\/v2\/product"}],"about":[{"href":"https:\/\/koussikou.ch\/fr\/wp-json\/wp\/v2\/types\/product"}],"version-history":[{"count":0,"href":"https:\/\/koussikou.ch\/fr\/wp-json\/wp\/v2\/product\/29115\/revisions"}],"wp:featuredmedia":[{"embeddable":true,"href":"https:\/\/koussikou.ch\/fr\/wp-json\/wp\/v2\/media\/29116"}],"wp:attachment":[{"href":"https:\/\/koussikou.ch\/fr\/wp-json\/wp\/v2\/media?parent=29115"}],"wp:term":[{"taxonomy":"product_brand","embeddable":true,"href":"https:\/\/koussikou.ch\/fr\/wp-json\/wp\/v2\/product_brand?post=29115"},{"taxonomy":"product_cat","embeddable":true,"href":"https:\/\/koussikou.ch\/fr\/wp-json\/wp\/v2\/product_cat?post=29115"},{"taxonomy":"product_tag","embeddable":true,"href":"https:\/\/koussikou.ch\/fr\/wp-json\/wp\/v2\/product_tag?post=29115"}],"curies":[{"name":"wp","href":"https:\/\/api.w.org\/{rel}","templated":true}]}}