{"id":29133,"date":"2022-09-10T03:07:14","date_gmt":"2022-09-10T01:07:14","guid":{"rendered":"https:\/\/koussikou.ch\/?post_type=product&#038;p=29133"},"modified":"2024-06-22T20:27:50","modified_gmt":"2024-06-22T18:27:50","slug":"petbo-playhouse","status":"publish","type":"product","link":"https:\/\/koussikou.ch\/fr\/produit\/petbo-playhouse\/","title":{"rendered":"PetBo \u2013 Playhouse"},"content":{"rendered":"<p><span style=\"color: #83b735;\"><strong>La Petbo playhouse<\/strong><\/span> est fabriqu\u00e9e dans la mati\u00e8re pr\u00e9f\u00e9r\u00e9e des chats - <strong>le carton<\/strong>. Elles sont 100% recyclables et respectueux de l'environnement \u267b\ufe0f.<\/p>\n<p>L'utilisation d'un carton renforc\u00e9 de la plus haute qualit\u00e9 permet de garantir sa solidit\u00e9 et sa r\u00e9sistance.<\/p>\n<p>Pour les chats, il r\u00e9pond \u00e0 leur besoin biologique d'intimit\u00e9 et de jeu. En m\u00eame temps, elle d\u00e9corera votre maison. Cette belle maison pour votre chat est facilement pliable.<\/p>\n<p>Vous pouvez l'assembler en moins d'une minute et le replier \u00e0 chaque fois que vous voyagez ou d\u00e9m\u00e9nagez.<\/p>\n<p>\u2714 Avec chaque maison, <strong>un tapis de grattage est inclus<\/strong>.<\/p>\n<div class=\"wp-menu-arrow\"><\/div>","protected":false},"excerpt":{"rendered":"<p>PetBo Playhouse est une maison pour chats \u00e9l\u00e9gante et \u00e9cologique con\u00e7ue pour offrir \u00e0 votre ami f\u00e9lin un environnement confortable et stimulant. Fabriqu\u00e9e en carton renforc\u00e9 de haute qualit\u00e9, cette maison de jeu est solide, r\u00e9sistante et 100 % recyclable.<\/p>","protected":false},"featured_media":29134,"template":"","meta":[],"product_brand":[],"product_cat":[42,104,32,129],"product_tag":[],"class_list":{"0":"post-29133","1":"product","2":"type-product","3":"status-publish","4":"has-post-thumbnail","6":"product_cat-all","7":"product_cat-cats","8":"product_cat-furniture","9":"product_cat-sleep-relax-cats","11":"first","12":"instock","13":"shipping-taxable","14":"purchasable","15":"product-type-variable"},"_links":{"self":[{"href":"https:\/\/koussikou.ch\/fr\/wp-json\/wp\/v2\/product\/29133","targetHints":{"allow":["GET"]}}],"collection":[{"href":"https:\/\/koussikou.ch\/fr\/wp-json\/wp\/v2\/product"}],"about":[{"href":"https:\/\/koussikou.ch\/fr\/wp-json\/wp\/v2\/types\/product"}],"version-history":[{"count":0,"href":"https:\/\/koussikou.ch\/fr\/wp-json\/wp\/v2\/product\/29133\/revisions"}],"wp:featuredmedia":[{"embeddable":true,"href":"https:\/\/koussikou.ch\/fr\/wp-json\/wp\/v2\/media\/29134"}],"wp:attachment":[{"href":"https:\/\/koussikou.ch\/fr\/wp-json\/wp\/v2\/media?parent=29133"}],"wp:term":[{"taxonomy":"product_brand","embeddable":true,"href":"https:\/\/koussikou.ch\/fr\/wp-json\/wp\/v2\/product_brand?post=29133"},{"taxonomy":"product_cat","embeddable":true,"href":"https:\/\/koussikou.ch\/fr\/wp-json\/wp\/v2\/product_cat?post=29133"},{"taxonomy":"product_tag","embeddable":true,"href":"https:\/\/koussikou.ch\/fr\/wp-json\/wp\/v2\/product_tag?post=29133"}],"curies":[{"name":"wp","href":"https:\/\/api.w.org\/{rel}","templated":true}]}}