{"id":29149,"date":"2022-03-21T17:57:29","date_gmt":"2022-03-21T15:57:29","guid":{"rendered":"https:\/\/koussikou.ch\/?post_type=product&#038;p=29149"},"modified":"2024-06-29T10:35:49","modified_gmt":"2024-06-29T08:35:49","slug":"ibiyaya-petite-arena","status":"publish","type":"product","link":"https:\/\/koussikou.ch\/fr\/produit\/ibiyaya-petite-arena\/","title":{"rendered":"Ibiyaya \u2013 Petite Arena"},"content":{"rendered":"<p>Le <span style=\"color: #83b735;\"><strong>Lit pour chat Little Arena<\/strong><\/span> offre un m\u00e9lange parfait de style, de confort et de commodit\u00e9 pour votre ami f\u00e9lin. Con\u00e7u pour \u00eatre facilement stock\u00e9 et transport\u00e9, ce lit peut \u00eatre rapidement d\u00e9mont\u00e9 \u00e0 l'aide de la fermeture \u00e9clair, ce qui en fait une solution peu encombrante pour n'importe quelle maison.<\/p>\n<blockquote><p><strong>Caract\u00e9ristiques principales<\/strong><\/p><\/blockquote>\n<p>Stockage\/transport facile : D\u00e9montage sans effort gr\u00e2ce \u00e0 la fermeture \u00e0 glissi\u00e8re pratique.<\/p>\n<p>Peu encombrant : Conception compacte id\u00e9ale pour tout espace de vie.<\/p>\n<p>Trous d'a\u00e9ration : Permet \u00e0 votre chat de rester au frais et \u00e0 l'aise.<\/p>\n<p>D\u00e9coration int\u00e9rieure \u00e0 la mode : Un design et des motifs \u00e9l\u00e9gants qui s'adaptent \u00e0 tous les int\u00e9rieurs.<\/p>\n<p>Mat\u00e9riau \u00e9cologique : Fabriqu\u00e9 en EVA durable.<\/p>\n<p>Fond antid\u00e9rapant : Assure la stabilit\u00e9 et emp\u00eache le glissement.<\/p>\n<p>Poids ultra l\u00e9ger : Facile \u00e0 d\u00e9placer et \u00e0 manipuler.<\/p>\n<p><strong>Premium Cushion Included<\/strong>: A soft, high-polyester cozy cushion for ultimate comfort.<\/p>\n<p>Le lit pour chat Petite Arena n'est pas seulement un lit, c'est aussi un accessoire de mode qui offre \u00e0 votre chat un espace douillet et s\u00fbr pour se d\u00e9tendre.<\/p>","protected":false},"excerpt":{"rendered":"<p>Voici le lit pour chat Little Arena : une solution \u00e9l\u00e9gante et peu encombrante pour votre ami f\u00e9lin. Facilement d\u00e9montable \u00e0 l'aide d'une fermeture \u00e9clair pour un rangement et un transport pratiques, ce lit EVA \u00e9cologique est dot\u00e9 de trous d'a\u00e9ration, d'un fond antid\u00e9rapant et d'un coussin de premi\u00e8re qualit\u00e9 pour un confort ultime.<\/p>","protected":false},"featured_media":29162,"template":"","meta":[],"product_brand":[],"product_cat":[42,104,95,129,130],"product_tag":[],"class_list":{"0":"post-29149","1":"product","2":"type-product","3":"status-publish","4":"has-post-thumbnail","6":"product_cat-all","7":"product_cat-cats","8":"product_cat-dogs","9":"product_cat-sleep-relax-cats","10":"product_cat-sleep-relax-dogs","12":"first","13":"instock","14":"shipping-taxable","15":"purchasable","16":"product-type-simple"},"_links":{"self":[{"href":"https:\/\/koussikou.ch\/fr\/wp-json\/wp\/v2\/product\/29149","targetHints":{"allow":["GET"]}}],"collection":[{"href":"https:\/\/koussikou.ch\/fr\/wp-json\/wp\/v2\/product"}],"about":[{"href":"https:\/\/koussikou.ch\/fr\/wp-json\/wp\/v2\/types\/product"}],"version-history":[{"count":0,"href":"https:\/\/koussikou.ch\/fr\/wp-json\/wp\/v2\/product\/29149\/revisions"}],"wp:featuredmedia":[{"embeddable":true,"href":"https:\/\/koussikou.ch\/fr\/wp-json\/wp\/v2\/media\/29162"}],"wp:attachment":[{"href":"https:\/\/koussikou.ch\/fr\/wp-json\/wp\/v2\/media?parent=29149"}],"wp:term":[{"taxonomy":"product_brand","embeddable":true,"href":"https:\/\/koussikou.ch\/fr\/wp-json\/wp\/v2\/product_brand?post=29149"},{"taxonomy":"product_cat","embeddable":true,"href":"https:\/\/koussikou.ch\/fr\/wp-json\/wp\/v2\/product_cat?post=29149"},{"taxonomy":"product_tag","embeddable":true,"href":"https:\/\/koussikou.ch\/fr\/wp-json\/wp\/v2\/product_tag?post=29149"}],"curies":[{"name":"wp","href":"https:\/\/api.w.org\/{rel}","templated":true}]}}