{"id":29167,"date":"2022-09-15T04:52:35","date_gmt":"2022-09-15T02:52:35","guid":{"rendered":"https:\/\/koussikou.ch\/?post_type=product&#038;p=29167"},"modified":"2024-06-29T10:56:39","modified_gmt":"2024-06-29T08:56:39","slug":"curver-cat-carrier","status":"publish","type":"product","link":"https:\/\/koussikou.ch\/fr\/produit\/curver-cat-carrier\/","title":{"rendered":"Curver \u2013 Travel Basket"},"content":{"rendered":"<p>Le <span style=\"color: #83b735;\"><strong>Curver Rattan Pet Carrier<\/strong><\/span> est con\u00e7u pour offrir aux animaux de compagnie une exp\u00e9rience de voyage confortable et s\u00fbre.<\/p>\n<blockquote>\n<h5>Key features include:<\/h5>\n<\/blockquote>\n<p>\u2714 Syst\u00e8me de verrouillage et trappe pour plus de s\u00e9curit\u00e9 et de confort<br \/>\n\u2714 Bonne ventilation avec de multiples ouvertures fines pour la circulation de l'air<br \/>\n\u2714 Petite ouverture sp\u00e9ciale pour permettre de caresser\/rassurer votre animal de compagnie pendant le voyage<\/p>\n<p>La cage de transport en rotin Curver est fabriqu\u00e9e avec un design \u00e9l\u00e9gant en rotin qui s'adapte \u00e0 tous les int\u00e9rieurs. Il est \u00e9galement dot\u00e9 d'une poign\u00e9e confortable pour faciliter le transport.<br \/>\nDisponible en couleur anthracite ou moka, la cage de transport en rotin Curver convient aux chats, aux chiens et aux petits rongeurs.<\/p>\n<p>Il offre une solution pratique et design pour les propri\u00e9taires d'animaux de compagnie qui souhaitent voyager avec leurs amis \u00e0 fourrure avec style et en toute s\u00e9curit\u00e9.<\/p>","protected":false},"excerpt":{"rendered":"<p>Le  Curver Travel Basket offre confort, s\u00e9curit\u00e9 et style pour voyager avec vos animaux de compagnie.<\/p>","protected":false},"featured_media":29173,"template":"","meta":[],"product_brand":[],"product_cat":[42,104,95,131,132],"product_tag":[562,473,355,367,364,561,563,554],"class_list":{"0":"post-29167","1":"product","2":"type-product","3":"status-publish","4":"has-post-thumbnail","6":"product_cat-all","7":"product_cat-cats","8":"product_cat-dogs","9":"product_cat-travel-walk-dogs","10":"product_cat-travel-walk-cats","11":"product_tag-curver-pet-basket","12":"product_tag-pet-carrier","13":"product_tag-pet-comfort","14":"product_tag-pet-safety","15":"product_tag-pet-travel-accessory","16":"product_tag-pet-travel-basket","17":"product_tag-pet-travel-solution","18":"product_tag-travel-pet-carrier","20":"first","21":"instock","22":"shipping-taxable","23":"purchasable","24":"product-type-variable"},"_links":{"self":[{"href":"https:\/\/koussikou.ch\/fr\/wp-json\/wp\/v2\/product\/29167","targetHints":{"allow":["GET"]}}],"collection":[{"href":"https:\/\/koussikou.ch\/fr\/wp-json\/wp\/v2\/product"}],"about":[{"href":"https:\/\/koussikou.ch\/fr\/wp-json\/wp\/v2\/types\/product"}],"version-history":[{"count":0,"href":"https:\/\/koussikou.ch\/fr\/wp-json\/wp\/v2\/product\/29167\/revisions"}],"wp:featuredmedia":[{"embeddable":true,"href":"https:\/\/koussikou.ch\/fr\/wp-json\/wp\/v2\/media\/29173"}],"wp:attachment":[{"href":"https:\/\/koussikou.ch\/fr\/wp-json\/wp\/v2\/media?parent=29167"}],"wp:term":[{"taxonomy":"product_brand","embeddable":true,"href":"https:\/\/koussikou.ch\/fr\/wp-json\/wp\/v2\/product_brand?post=29167"},{"taxonomy":"product_cat","embeddable":true,"href":"https:\/\/koussikou.ch\/fr\/wp-json\/wp\/v2\/product_cat?post=29167"},{"taxonomy":"product_tag","embeddable":true,"href":"https:\/\/koussikou.ch\/fr\/wp-json\/wp\/v2\/product_tag?post=29167"}],"curies":[{"name":"wp","href":"https:\/\/api.w.org\/{rel}","templated":true}]}}