{"id":29181,"date":"2022-06-04T03:47:49","date_gmt":"2022-06-04T01:47:49","guid":{"rendered":"https:\/\/koussikou.ch\/?post_type=product&#038;p=29181"},"modified":"2025-10-02T18:17:49","modified_gmt":"2025-10-02T16:17:49","slug":"curver-multibox","status":"publish","type":"product","link":"https:\/\/koussikou.ch\/fr\/produit\/curver-multibox\/","title":{"rendered":"Curver - Multibox"},"content":{"rendered":"<p>Voici <span style=\"color: #83b735;\"><strong>Curver Multibox<\/strong><\/span>, une solution de rangement polyvalente et \u00e9l\u00e9gante d'une capacit\u00e9 de 3 litres, parfaite pour garder tous les petits objets de votre animal de compagnie organis\u00e9s et facilement accessibles. Qu'il s'agisse de <strong>jouets, brosses ou accessoires<\/strong>gr\u00e2ce \u00e0 cette bo\u00eete polyvalente, chaque chose a sa place.<\/p>\n<blockquote>\n<h5>Caract\u00e9ristiques principales :<\/h5>\n<\/blockquote>\n<p>\u2714 Capacit\u00e9 de 3 litres : Amplement d'espace pour ranger une vari\u00e9t\u00e9 d'articles essentiels pour les animaux de compagnie.<br \/>\n\u2714 Fermeture s\u00e9curis\u00e9e du couvercle : pr\u00e9serve le contenu et \u00e9vite les d\u00e9versements.<br \/>\n\u2714 Facile \u00e0 transporter : Con\u00e7u dans un souci de commodit\u00e9, il est facile \u00e0 transporter.<\/p>\n<p>La Curver Multibox est le compl\u00e9ment id\u00e9al pour tout propri\u00e9taire d'animal de compagnie. Elle offre un moyen propre et efficace de g\u00e9rer les affaires de votre animal. Cette bo\u00eete de rangement pratique et \u00e9l\u00e9gante vous permettra de garder votre espace bien rang\u00e9 et d'organiser les affaires de votre animal.<\/p>","protected":false},"excerpt":{"rendered":"<p>La Curver Multibox est une solution de rangement polyvalente de 3 litres, parfaite pour organiser les petits objets de votre animal, tels que les jouets, les brosses et les accessoires. Avec son couvercle s\u00e9curis\u00e9 et son design facile \u00e0 transporter, cette bo\u00eete polyvalente permet de tout ranger au m\u00eame endroit.<\/p>","protected":false},"featured_media":29182,"template":"","meta":[],"product_brand":[],"product_cat":[42,104,95,133,134],"product_tag":[422,415,460,429,345,425,463,424,419,462,416,420,421,423,426,461,464,417,427,418,428],"class_list":{"0":"post-29181","1":"product","2":"type-product","3":"status-publish","4":"has-post-thumbnail","6":"product_cat-all","7":"product_cat-cats","8":"product_cat-dogs","9":"product_cat-eat-cats","10":"product_cat-eat-dogs","11":"product_tag-clutter-free","12":"product_tag-curver","13":"product_tag-curver-multibox","14":"product_tag-decluttering","15":"product_tag-durable","16":"product_tag-durable-plastic","17":"product_tag-durable-storage-solution","18":"product_tag-easy-to-clean","19":"product_tag-home-organization","20":"product_tag-multi-purpose-storage","21":"product_tag-multibox","22":"product_tag-office-organization","23":"product_tag-plastic-storage-box","24":"product_tag-secure-lid","25":"product_tag-stackable-design","26":"product_tag-storage-box","27":"product_tag-storage-container","28":"product_tag-storage-solution","29":"product_tag-transparent-sides","30":"product_tag-versatile","31":"product_tag-versatile-storage","33":"first","34":"outofstock","35":"shipping-taxable","36":"purchasable","37":"product-type-simple"},"_links":{"self":[{"href":"https:\/\/koussikou.ch\/fr\/wp-json\/wp\/v2\/product\/29181","targetHints":{"allow":["GET"]}}],"collection":[{"href":"https:\/\/koussikou.ch\/fr\/wp-json\/wp\/v2\/product"}],"about":[{"href":"https:\/\/koussikou.ch\/fr\/wp-json\/wp\/v2\/types\/product"}],"version-history":[{"count":1,"href":"https:\/\/koussikou.ch\/fr\/wp-json\/wp\/v2\/product\/29181\/revisions"}],"predecessor-version":[{"id":33067,"href":"https:\/\/koussikou.ch\/fr\/wp-json\/wp\/v2\/product\/29181\/revisions\/33067"}],"wp:featuredmedia":[{"embeddable":true,"href":"https:\/\/koussikou.ch\/fr\/wp-json\/wp\/v2\/media\/29182"}],"wp:attachment":[{"href":"https:\/\/koussikou.ch\/fr\/wp-json\/wp\/v2\/media?parent=29181"}],"wp:term":[{"taxonomy":"product_brand","embeddable":true,"href":"https:\/\/koussikou.ch\/fr\/wp-json\/wp\/v2\/product_brand?post=29181"},{"taxonomy":"product_cat","embeddable":true,"href":"https:\/\/koussikou.ch\/fr\/wp-json\/wp\/v2\/product_cat?post=29181"},{"taxonomy":"product_tag","embeddable":true,"href":"https:\/\/koussikou.ch\/fr\/wp-json\/wp\/v2\/product_tag?post=29181"}],"curies":[{"name":"wp","href":"https:\/\/api.w.org\/{rel}","templated":true}]}}