{"id":29197,"date":"2024-05-31T02:14:24","date_gmt":"2024-05-31T00:14:24","guid":{"rendered":"https:\/\/koussikou.ch\/?post_type=product&#038;p=29197"},"modified":"2024-06-23T17:33:14","modified_gmt":"2024-06-23T15:33:14","slug":"catplayfurniture-lit-de-lune","status":"publish","type":"product","link":"https:\/\/koussikou.ch\/fr\/produit\/catplayfurniture-lit-de-lune\/","title":{"rendered":"CatPlayFurniture \u2013 Moon Bed"},"content":{"rendered":"<p>Le \ud83c\udf19 <strong><span style=\"color: #83b735;\">Hamac pour chat Moon Bed \ud83c\udf19<\/span><\/strong>, con\u00e7u en forme de chat, offre un lieu de repos agr\u00e9able \u00e0 votre ami f\u00e9lin. Solide mais l\u00e9ger, il est facile \u00e0 d\u00e9placer dans la maison, pour que votre chat ait toujours un endroit douillet.<\/p>\n<blockquote>\n<h5><span style=\"color: #83b735;\">Caract\u00e9ristiques :<\/span><\/h5>\n<\/blockquote>\n<p>Contre-plaqu\u00e9 durable<br \/>\nMati\u00e8re : Toile souple et lapin<\/p>\n<p>Cr\u00e9ez un v\u00e9ritable espace de confort pour votre chat avec ce hamac charmant et pratique.<\/p>","protected":false},"excerpt":{"rendered":"<p>Am\u00e9liorez le confort de votre chat avec le CatPlayFurniture Moon Bed, un havre douillet en forme de croissant pour faire la sieste et se pr\u00e9lasser.<\/p>","protected":false},"featured_media":29204,"template":"","meta":[],"product_brand":[],"product_cat":[42,104,32,129],"product_tag":[],"class_list":{"0":"post-29197","1":"product","2":"type-product","3":"status-publish","4":"has-post-thumbnail","6":"product_cat-all","7":"product_cat-cats","8":"product_cat-furniture","9":"product_cat-sleep-relax-cats","11":"first","12":"instock","13":"shipping-taxable","14":"purchasable","15":"product-type-variable"},"_links":{"self":[{"href":"https:\/\/koussikou.ch\/fr\/wp-json\/wp\/v2\/product\/29197","targetHints":{"allow":["GET"]}}],"collection":[{"href":"https:\/\/koussikou.ch\/fr\/wp-json\/wp\/v2\/product"}],"about":[{"href":"https:\/\/koussikou.ch\/fr\/wp-json\/wp\/v2\/types\/product"}],"version-history":[{"count":0,"href":"https:\/\/koussikou.ch\/fr\/wp-json\/wp\/v2\/product\/29197\/revisions"}],"wp:featuredmedia":[{"embeddable":true,"href":"https:\/\/koussikou.ch\/fr\/wp-json\/wp\/v2\/media\/29204"}],"wp:attachment":[{"href":"https:\/\/koussikou.ch\/fr\/wp-json\/wp\/v2\/media?parent=29197"}],"wp:term":[{"taxonomy":"product_brand","embeddable":true,"href":"https:\/\/koussikou.ch\/fr\/wp-json\/wp\/v2\/product_brand?post=29197"},{"taxonomy":"product_cat","embeddable":true,"href":"https:\/\/koussikou.ch\/fr\/wp-json\/wp\/v2\/product_cat?post=29197"},{"taxonomy":"product_tag","embeddable":true,"href":"https:\/\/koussikou.ch\/fr\/wp-json\/wp\/v2\/product_tag?post=29197"}],"curies":[{"name":"wp","href":"https:\/\/api.w.org\/{rel}","templated":true}]}}