{"id":29228,"date":"2023-12-24T15:54:35","date_gmt":"2023-12-24T13:54:35","guid":{"rendered":"https:\/\/koussikou.ch\/?post_type=product&#038;p=29228"},"modified":"2024-12-26T10:33:19","modified_gmt":"2024-12-26T08:33:19","slug":"green-blue-belle","status":"publish","type":"product","link":"https:\/\/koussikou.ch\/fr\/produit\/green-blue-belle\/","title":{"rendered":"Green &amp; Blue \u2013 Belle"},"content":{"rendered":"<p>Le <span style=\"color: #83b735;\"><strong>Mangeoire Birdball Belle<\/strong><\/span> est le moyen id\u00e9al de nourrir les petits oiseaux du jardin. Suspendez l'abri \u00e0 oiseaux dans le jardin pour qu'ils aient un endroit o\u00f9 s'abriter et faire leur nid.<\/p>\n<p>\u2714 Facile \u00e0 nettoyer : surface hygi\u00e9nique et r\u00e9sistante \u00e0 l'usure, facile \u00e0 nettoyer.<\/p>\n<p>\u2714 Facile \u00e0 accrocher : <strong>Fil de suspension et protecteur d'arbre inclus<\/strong><\/p>\n<p>\u2714 Remplissage rapide et facile : Remplir de boules de suif, de restes de cuisine, de fruits ou de mat\u00e9riaux de nidification.<\/p>\n<p>\u2714 Enti\u00e8rement r\u00e9sistant aux intemp\u00e9ries, vous pouvez le suspendre \u00e0 l'ext\u00e9rieur tout au long de l'ann\u00e9e<\/p>\n<p>\u2714 Fourni avec un fil en acier inoxydable et un protecteur d'arbre.<\/p>\n<p>Attirent une grande vari\u00e9t\u00e9 d'oiseaux. <strong>Convient aux petits oiseaux<\/strong><\/p>\n<p>Fabriqu\u00e9 \u00e0 la main en Angleterre selon des techniques traditionnelles.<\/p>","protected":false},"excerpt":{"rendered":"<p>D\u00e9couvrez la mangeoire Birdball Belle, une solution \u00e9l\u00e9gante et pratique pour nourrir et abriter les petits oiseaux du jardin.<\/p>","protected":false},"featured_media":29234,"template":"","meta":[],"product_brand":[],"product_cat":[42,20,32],"product_tag":[],"class_list":{"0":"post-29228","1":"product","2":"type-product","3":"status-publish","4":"has-post-thumbnail","6":"product_cat-all","7":"product_cat-birds","8":"product_cat-furniture","10":"first","11":"instock","12":"shipping-taxable","13":"purchasable","14":"product-type-variable"},"_links":{"self":[{"href":"https:\/\/koussikou.ch\/fr\/wp-json\/wp\/v2\/product\/29228","targetHints":{"allow":["GET"]}}],"collection":[{"href":"https:\/\/koussikou.ch\/fr\/wp-json\/wp\/v2\/product"}],"about":[{"href":"https:\/\/koussikou.ch\/fr\/wp-json\/wp\/v2\/types\/product"}],"version-history":[{"count":0,"href":"https:\/\/koussikou.ch\/fr\/wp-json\/wp\/v2\/product\/29228\/revisions"}],"wp:featuredmedia":[{"embeddable":true,"href":"https:\/\/koussikou.ch\/fr\/wp-json\/wp\/v2\/media\/29234"}],"wp:attachment":[{"href":"https:\/\/koussikou.ch\/fr\/wp-json\/wp\/v2\/media?parent=29228"}],"wp:term":[{"taxonomy":"product_brand","embeddable":true,"href":"https:\/\/koussikou.ch\/fr\/wp-json\/wp\/v2\/product_brand?post=29228"},{"taxonomy":"product_cat","embeddable":true,"href":"https:\/\/koussikou.ch\/fr\/wp-json\/wp\/v2\/product_cat?post=29228"},{"taxonomy":"product_tag","embeddable":true,"href":"https:\/\/koussikou.ch\/fr\/wp-json\/wp\/v2\/product_tag?post=29228"}],"curies":[{"name":"wp","href":"https:\/\/api.w.org\/{rel}","templated":true}]}}