{"id":29386,"date":"2021-08-14T19:44:23","date_gmt":"2021-08-14T17:44:23","guid":{"rendered":"https:\/\/koussikou.ch\/?post_type=product&#038;p=29386"},"modified":"2025-10-22T13:46:10","modified_gmt":"2025-10-22T11:46:10","slug":"vert-bleu-arachide","status":"publish","type":"product","link":"https:\/\/koussikou.ch\/fr\/produit\/vert-bleu-arachide\/","title":{"rendered":"Green &amp; Blue \u2013 Peanut"},"content":{"rendered":"<p>L'innovation <strong><span style=\"color: #83b735;\">Mangeoire Peanut<\/span><\/strong>, <span style=\"color: #83b735;\"><strong>award-winning<\/strong><\/span>, est facile \u00e0 nettoyer, facile \u00e0 remplir, r\u00e9sistant aux intemp\u00e9ries et \u00e9vite les dommages aux pattes et aux becs des oiseaux qui peuvent \u00eatre caus\u00e9s par les mailles et les fils de fer souvent utilis\u00e9s dans les mangeoires.<\/p>\n<p>La mangeoire Peanut au design moderne offre aux oiseaux du jardin une source de nourriture fiable. Le design simple et \u00e9l\u00e9gant permet aux oiseaux sauvages de se nourrir en toute s\u00e9curit\u00e9 tout au long de l'ann\u00e9e.<\/p>\n<p>Sp\u00e9cialement con\u00e7u pour permettre aux petits oiseaux tels que les m\u00e9sanges, moineaux, sittelles, pinsons et pics de se nourrir tandis que sa fente d'alimentation par gravit\u00e9, sa surface brillante et son syst\u00e8me unique de perchoirs flexibles dissuadent les oiseaux plus gros et les \u00e9cureuils.<\/p>\n<p>\u2714 Facile \u00e0 accrocher : <strong>Fourni avec un fil en acier inoxydable et un protecteur d'arbre.<\/strong><\/p>\n<p>\u2714 Enti\u00e8rement r\u00e9sistant aux intemp\u00e9ries, vous pouvez le suspendre \u00e0 l'ext\u00e9rieur tout au long de l'ann\u00e9e<\/p>\n<p>\u2714 Attire une vari\u00e9t\u00e9 d'oiseaux<\/p>\n<p>Fabriqu\u00e9 \u00e0 la main en Angleterre selon des techniques traditionnelles<\/p>","protected":false},"excerpt":{"rendered":"<p>D\u00e9couvrez la mangeoire innovante Peanut Bird Feeder : prim\u00e9e, r\u00e9sistante aux intemp\u00e9ries et s\u00fbre pour les oiseaux. Cette mangeoire \u00e9l\u00e9gante et facile \u00e0 nettoyer attire les petits oiseaux de jardin tout en dissuadant les plus gros et les \u00e9cureuils.<\/p>","protected":false},"featured_media":29387,"template":"","meta":[],"product_brand":[],"product_cat":[42,20,32],"product_tag":[],"class_list":{"0":"post-29386","1":"product","2":"type-product","3":"status-publish","4":"has-post-thumbnail","6":"product_cat-all","7":"product_cat-birds","8":"product_cat-furniture","10":"first","11":"outofstock","12":"shipping-taxable","13":"purchasable","14":"product-type-simple"},"_links":{"self":[{"href":"https:\/\/koussikou.ch\/fr\/wp-json\/wp\/v2\/product\/29386","targetHints":{"allow":["GET"]}}],"collection":[{"href":"https:\/\/koussikou.ch\/fr\/wp-json\/wp\/v2\/product"}],"about":[{"href":"https:\/\/koussikou.ch\/fr\/wp-json\/wp\/v2\/types\/product"}],"version-history":[{"count":0,"href":"https:\/\/koussikou.ch\/fr\/wp-json\/wp\/v2\/product\/29386\/revisions"}],"wp:featuredmedia":[{"embeddable":true,"href":"https:\/\/koussikou.ch\/fr\/wp-json\/wp\/v2\/media\/29387"}],"wp:attachment":[{"href":"https:\/\/koussikou.ch\/fr\/wp-json\/wp\/v2\/media?parent=29386"}],"wp:term":[{"taxonomy":"product_brand","embeddable":true,"href":"https:\/\/koussikou.ch\/fr\/wp-json\/wp\/v2\/product_brand?post=29386"},{"taxonomy":"product_cat","embeddable":true,"href":"https:\/\/koussikou.ch\/fr\/wp-json\/wp\/v2\/product_cat?post=29386"},{"taxonomy":"product_tag","embeddable":true,"href":"https:\/\/koussikou.ch\/fr\/wp-json\/wp\/v2\/product_tag?post=29386"}],"curies":[{"name":"wp","href":"https:\/\/api.w.org\/{rel}","templated":true}]}}