{"id":29392,"date":"2021-04-01T21:46:47","date_gmt":"2021-04-01T19:46:47","guid":{"rendered":"https:\/\/koussikou.ch\/?post_type=product&#038;p=29392"},"modified":"2024-06-29T10:14:11","modified_gmt":"2024-06-29T08:14:11","slug":"green-blue-seed","status":"publish","type":"product","link":"https:\/\/koussikou.ch\/fr\/produit\/green-blue-seed\/","title":{"rendered":"Green &amp; Blue \u2013 Seed"},"content":{"rendered":"<p>Le <span style=\"color: #83b735;\"><strong>mangeoire Birdball Seed<\/strong><\/span> fournit aux oiseaux de jardin, tels que les moineaux, les pinsons et les sittelles, une source de nourriture vari\u00e9e tout au long de l'ann\u00e9e.<\/p>\n<p>Simple et \u00e9l\u00e9gant, le distributeur de graines a fi\u00e8re allure dans le jardin et son design unique et innovant est facile \u00e0 remplir et \u00e0 nettoyer. C'est le cadeau id\u00e9al pour les amoureux de la nature et les jardiniers de tous horizons.<\/p>\n<p>\u2714 Large trou de remplissage : Remplissage rapide et facile. Moins de d\u00e9sordre lors du remplissage<\/p>\n<p>\u2714 Facile \u00e0 nettoyer : la surface nettoyable est facile \u00e0 nettoyer, hygi\u00e9nique et r\u00e9sistante.<\/p>\n<p>\u2714 R\u00e9sistant aux intemp\u00e9ries : Fabriqu\u00e9 en c\u00e9ramique r\u00e9sistant au gel<\/p>\n<p>\u2714 Grande capacit\u00e9 : peut contenir jusqu'\u00e0 500g de graines<\/p>\n<p>\u2714 Facile \u00e0 suspendre : fil de suspension en acier inoxydable et protecteur d'arbre<\/p>\n<p>\u2714 Enti\u00e8rement r\u00e9sistant aux intemp\u00e9ries, vous pouvez le suspendre \u00e0 l'ext\u00e9rieur tout au long de l'ann\u00e9e<\/p>\n<p>\u2714 <strong>Fourni avec un fil en acier inoxydable et un protecteur d'arbre.<\/strong><\/p>\n<p>\u2714 Attire une vari\u00e9t\u00e9 d'oiseaux<\/p>\n<p>Fabriqu\u00e9 \u00e0 la main en Angleterre selon des techniques traditionnelles<\/p>","protected":false},"excerpt":{"rendered":"<p>La mangeoire moderne innovante Birdball Seed offre aux oiseaux de jardin une source de nourriture vari\u00e9e et fiable, et s'int\u00e8gre parfaitement dans un jardin contemporain. Son design simple et \u00e9l\u00e9gant permet aux oiseaux de jardin de se nourrir en toute s\u00e9curit\u00e9 tout au long de l'ann\u00e9e.<\/p>","protected":false},"featured_media":29401,"template":"","meta":[],"product_brand":[],"product_cat":[42,20,32],"product_tag":[],"class_list":{"0":"post-29392","1":"product","2":"type-product","3":"status-publish","4":"has-post-thumbnail","6":"product_cat-all","7":"product_cat-birds","8":"product_cat-furniture","10":"first","11":"instock","12":"shipping-taxable","13":"purchasable","14":"product-type-variable"},"_links":{"self":[{"href":"https:\/\/koussikou.ch\/fr\/wp-json\/wp\/v2\/product\/29392","targetHints":{"allow":["GET"]}}],"collection":[{"href":"https:\/\/koussikou.ch\/fr\/wp-json\/wp\/v2\/product"}],"about":[{"href":"https:\/\/koussikou.ch\/fr\/wp-json\/wp\/v2\/types\/product"}],"version-history":[{"count":0,"href":"https:\/\/koussikou.ch\/fr\/wp-json\/wp\/v2\/product\/29392\/revisions"}],"wp:featuredmedia":[{"embeddable":true,"href":"https:\/\/koussikou.ch\/fr\/wp-json\/wp\/v2\/media\/29401"}],"wp:attachment":[{"href":"https:\/\/koussikou.ch\/fr\/wp-json\/wp\/v2\/media?parent=29392"}],"wp:term":[{"taxonomy":"product_brand","embeddable":true,"href":"https:\/\/koussikou.ch\/fr\/wp-json\/wp\/v2\/product_brand?post=29392"},{"taxonomy":"product_cat","embeddable":true,"href":"https:\/\/koussikou.ch\/fr\/wp-json\/wp\/v2\/product_cat?post=29392"},{"taxonomy":"product_tag","embeddable":true,"href":"https:\/\/koussikou.ch\/fr\/wp-json\/wp\/v2\/product_tag?post=29392"}],"curies":[{"name":"wp","href":"https:\/\/api.w.org\/{rel}","templated":true}]}}