{"id":29424,"date":"2024-06-08T20:08:25","date_gmt":"2024-06-08T18:08:25","guid":{"rendered":"https:\/\/koussikou.ch\/?post_type=product&#038;p=29424"},"modified":"2024-06-23T17:38:05","modified_gmt":"2024-06-23T15:38:05","slug":"freezack-borneo","status":"publish","type":"product","link":"https:\/\/koussikou.ch\/fr\/produit\/freezack-borneo\/","title":{"rendered":"Freezack - Born\u00e9o"},"content":{"rendered":"<p>Un style unique pour un confort optimal au quotidien et lors des occasions sp\u00e9ciales. Restez dans le coup et adoptez les derni\u00e8res tendances de la mode en offrant \u00e0 votre compagnon \u00e0 quatre pattes le maximum d'amour avec <span style=\"color: #83b735;\"><strong>Sac de transport Borneo de Freezack<\/strong><\/span>!<\/p>\n<p>\u2714 Sac de transport pour animaux de compagnie l\u00e9ger et confortable pour voyager facilement avec votre chat ou votre chien.<\/p>\n<p>\u2714 Lit confortable avec matelas amovible lavable en machine.<\/p>\n<p>\u2714 Fixation pour le si\u00e8ge auto.<\/p>\n<p>\u2714 Pochette pour accessoires.<\/p>\n<p>\u2714 Bandouli\u00e8re amovible et r\u00e9glable. Harnais de s\u00e9curit\u00e9 int\u00e9gr\u00e9 solide.<\/p>\n<p>\u2714 R\u00e9sistant aux mauvaises conditions m\u00e9t\u00e9orologiques.<\/p>\n<p>\u2714 Facile \u00e0 entretenir.<\/p>\n<p>\u2714 Mat\u00e9riaux High-Tech.<\/p>","protected":false},"excerpt":{"rendered":"<p>Le sac de transport Freezack pour animaux Borneo offre un confort et un style ultimes \u00e0 votre ami \u00e0 fourrure. Respirant, durable et facile \u00e0 nettoyer, il est parfait pour les animaux de tous \u00e2ges.<\/p>","protected":false},"featured_media":29425,"template":"","meta":[],"product_brand":[],"product_cat":[42,104,132],"product_tag":[],"class_list":{"0":"post-29424","1":"product","2":"type-product","3":"status-publish","4":"has-post-thumbnail","6":"product_cat-all","7":"product_cat-cats","8":"product_cat-travel-walk-cats","10":"first","11":"instock","12":"shipping-taxable","13":"purchasable","14":"product-type-simple"},"_links":{"self":[{"href":"https:\/\/koussikou.ch\/fr\/wp-json\/wp\/v2\/product\/29424","targetHints":{"allow":["GET"]}}],"collection":[{"href":"https:\/\/koussikou.ch\/fr\/wp-json\/wp\/v2\/product"}],"about":[{"href":"https:\/\/koussikou.ch\/fr\/wp-json\/wp\/v2\/types\/product"}],"version-history":[{"count":0,"href":"https:\/\/koussikou.ch\/fr\/wp-json\/wp\/v2\/product\/29424\/revisions"}],"wp:featuredmedia":[{"embeddable":true,"href":"https:\/\/koussikou.ch\/fr\/wp-json\/wp\/v2\/media\/29425"}],"wp:attachment":[{"href":"https:\/\/koussikou.ch\/fr\/wp-json\/wp\/v2\/media?parent=29424"}],"wp:term":[{"taxonomy":"product_brand","embeddable":true,"href":"https:\/\/koussikou.ch\/fr\/wp-json\/wp\/v2\/product_brand?post=29424"},{"taxonomy":"product_cat","embeddable":true,"href":"https:\/\/koussikou.ch\/fr\/wp-json\/wp\/v2\/product_cat?post=29424"},{"taxonomy":"product_tag","embeddable":true,"href":"https:\/\/koussikou.ch\/fr\/wp-json\/wp\/v2\/product_tag?post=29424"}],"curies":[{"name":"wp","href":"https:\/\/api.w.org\/{rel}","templated":true}]}}