{"id":29484,"date":"2024-06-09T13:41:58","date_gmt":"2024-06-09T11:41:58","guid":{"rendered":"https:\/\/koussikou.ch\/?post_type=product&#038;p=29484"},"modified":"2024-06-22T01:13:19","modified_gmt":"2024-06-21T23:13:19","slug":"kitty-a-gogo-designer-cat-litter-box","status":"publish","type":"product","link":"https:\/\/koussikou.ch\/fr\/produit\/kitty-a-gogo-designer-cat-litter-box\/","title":{"rendered":"Kitty a Gogo - Liti\u00e8re pour chat design"},"content":{"rendered":"<p>Le <span style=\"color: #83b735;\"><strong>Kitty a GoGo<\/strong><\/span> donne \u00e0 votre chat un endroit o\u00f9 aller avec style !<\/p>\n<p>Enfin un bac \u00e0 liti\u00e8re simple, pratique et qui s'int\u00e8gre \u00e0 votre d\u00e9cor.<\/p>\n<p>\u2714 Plastique r\u00e9sistant aux taches qui durera les neuf vies de votre chat<br \/>\n\u2714 Spacieux et confortable pour les chats de toutes tailles<br \/>\n\u2714 Apporte une touche d'\u00e9l\u00e9gance suppl\u00e9mentaire \u00e0 votre maison<\/p>\n<p>La Kitty a GoGo est dot\u00e9e d'un tiroir coulissant pour faciliter le nettoyage.<\/p>\n<p>Il suffit de le faire glisser pour le remplir de liti\u00e8re, de le nettoyer \u00e0 l'aide d'une pelle, puis de le remettre en place.<\/p>\n<p>Gr\u00e2ce \u00e0 son aire de liti\u00e8re spacieuse, la Kitty a GoGo est id\u00e9ale pour les races de chats les plus grandes.<\/p>\n<p>La Kitty a GoGo est fabriqu\u00e9e en plastique de haute qualit\u00e9, r\u00e9sistant aux chocs et aux taches, con\u00e7ue pour durer.<\/p>","protected":false},"excerpt":{"rendered":"<p>Le bac \u00e0 liti\u00e8re pour chat Kitty a Gogo Designer allie style et fonctionnalit\u00e9 avec un design moderne, un bac extractible et un syst\u00e8me de contr\u00f4le des odeurs. Parfait pour toutes les maisons.<\/p>","protected":false},"featured_media":29246,"template":"","meta":[],"product_brand":[],"product_cat":[42,104,121],"product_tag":[],"class_list":{"0":"post-29484","1":"product","2":"type-product","3":"status-publish","4":"has-post-thumbnail","6":"product_cat-all","7":"product_cat-cats","8":"product_cat-toilet","10":"first","11":"instock","12":"shipping-taxable","13":"purchasable","14":"product-type-variable"},"_links":{"self":[{"href":"https:\/\/koussikou.ch\/fr\/wp-json\/wp\/v2\/product\/29484","targetHints":{"allow":["GET"]}}],"collection":[{"href":"https:\/\/koussikou.ch\/fr\/wp-json\/wp\/v2\/product"}],"about":[{"href":"https:\/\/koussikou.ch\/fr\/wp-json\/wp\/v2\/types\/product"}],"version-history":[{"count":0,"href":"https:\/\/koussikou.ch\/fr\/wp-json\/wp\/v2\/product\/29484\/revisions"}],"wp:featuredmedia":[{"embeddable":true,"href":"https:\/\/koussikou.ch\/fr\/wp-json\/wp\/v2\/media\/29246"}],"wp:attachment":[{"href":"https:\/\/koussikou.ch\/fr\/wp-json\/wp\/v2\/media?parent=29484"}],"wp:term":[{"taxonomy":"product_brand","embeddable":true,"href":"https:\/\/koussikou.ch\/fr\/wp-json\/wp\/v2\/product_brand?post=29484"},{"taxonomy":"product_cat","embeddable":true,"href":"https:\/\/koussikou.ch\/fr\/wp-json\/wp\/v2\/product_cat?post=29484"},{"taxonomy":"product_tag","embeddable":true,"href":"https:\/\/koussikou.ch\/fr\/wp-json\/wp\/v2\/product_tag?post=29484"}],"curies":[{"name":"wp","href":"https:\/\/api.w.org\/{rel}","templated":true}]}}