{"id":29493,"date":"2024-06-09T14:41:29","date_gmt":"2024-06-09T12:41:29","guid":{"rendered":"https:\/\/koussikou.ch\/?post_type=product&#038;p=29493"},"modified":"2024-06-19T20:57:17","modified_gmt":"2024-06-19T18:57:17","slug":"ibiyaya-diamond-deluxe","status":"publish","type":"product","link":"https:\/\/koussikou.ch\/fr\/produit\/ibiyaya-diamond-deluxe\/","title":{"rendered":"Ibiyaya - Diamond Deluxe"},"content":{"rendered":"<p>Con\u00e7ue en forme de losange classique, le <span style=\"color: #83b735;\"><strong>Diamond Deluxe Pet Carrier<\/strong><\/span> est l'accessoire id\u00e9al pour transporter les petits animaux de compagnie.<\/p>\n<p>Parfait pour <strong>chiots et petits chiens, chatons et chats<\/strong>.<\/p>\n<p>Recommand\u00e9 <strong>Limite de poids : 6kg<\/strong><\/p>\n<blockquote><p><strong><span style=\"color: #83b735;\">Caract\u00e9ristiques principales<\/span><\/strong><\/p><\/blockquote>\n<p>\u2714 L\u00e9ger et facile \u00e0 transporter, il r\u00e9pond aux exigences des compagnies a\u00e9riennes en mati\u00e8re de transport en cabine.<\/p>\n<p>\u2714 Con\u00e7u avec une fen\u00eatre transparente des deux c\u00f4t\u00e9s.<\/p>\n<p>\u2714 Equip\u00e9 de panneaux lat\u00e9raux ultra-l\u00e9gers \u00e0 coque dure.<\/p>\n<p>\u2714 Perforations pour l'a\u00e9ration.<\/p>\n<p>\u2714 Attache de s\u00e9curit\u00e9 incluse.<\/p>\n<p>\u2714 Livr\u00e9 avec un pad amovible \u00e0 double usage hiver\/\u00e9t\u00e9 pour un nettoyage facile.<\/p>\n<p>\u2714 Se plie \u00e0 plat pour le rangement<\/p>","protected":false},"excerpt":{"rendered":"<p>L\u00e9ger et \u00e9quip\u00e9 de fonctions telles qu'une fen\u00eatre transparente et une attache de s\u00e9curit\u00e9, le sac de transport Diamond Deluxe d'Ibiyaya est parfait pour les propri\u00e9taires d'animaux en d\u00e9placement.<\/p>","protected":false},"featured_media":29519,"template":"","meta":[],"product_brand":[],"product_cat":[42,104,95,32,132,131],"product_tag":[],"class_list":{"0":"post-29493","1":"product","2":"type-product","3":"status-publish","4":"has-post-thumbnail","6":"product_cat-all","7":"product_cat-cats","8":"product_cat-dogs","9":"product_cat-furniture","10":"product_cat-travel-walk-cats","11":"product_cat-travel-walk-dogs","13":"first","14":"instock","15":"shipping-taxable","16":"purchasable","17":"product-type-variable"},"_links":{"self":[{"href":"https:\/\/koussikou.ch\/fr\/wp-json\/wp\/v2\/product\/29493","targetHints":{"allow":["GET"]}}],"collection":[{"href":"https:\/\/koussikou.ch\/fr\/wp-json\/wp\/v2\/product"}],"about":[{"href":"https:\/\/koussikou.ch\/fr\/wp-json\/wp\/v2\/types\/product"}],"version-history":[{"count":0,"href":"https:\/\/koussikou.ch\/fr\/wp-json\/wp\/v2\/product\/29493\/revisions"}],"wp:featuredmedia":[{"embeddable":true,"href":"https:\/\/koussikou.ch\/fr\/wp-json\/wp\/v2\/media\/29519"}],"wp:attachment":[{"href":"https:\/\/koussikou.ch\/fr\/wp-json\/wp\/v2\/media?parent=29493"}],"wp:term":[{"taxonomy":"product_brand","embeddable":true,"href":"https:\/\/koussikou.ch\/fr\/wp-json\/wp\/v2\/product_brand?post=29493"},{"taxonomy":"product_cat","embeddable":true,"href":"https:\/\/koussikou.ch\/fr\/wp-json\/wp\/v2\/product_cat?post=29493"},{"taxonomy":"product_tag","embeddable":true,"href":"https:\/\/koussikou.ch\/fr\/wp-json\/wp\/v2\/product_tag?post=29493"}],"curies":[{"name":"wp","href":"https:\/\/api.w.org\/{rel}","templated":true}]}}