{"id":29620,"date":"2024-06-09T21:29:01","date_gmt":"2024-06-09T19:29:01","guid":{"rendered":"https:\/\/koussikou.ch\/?post_type=product&#038;p=29620"},"modified":"2026-02-25T10:53:37","modified_gmt":"2026-02-25T08:53:37","slug":"gilet-curli-harnais-softshell","status":"publish","type":"product","link":"https:\/\/koussikou.ch\/fr\/produit\/gilet-curli-harnais-softshell\/","title":{"rendered":"Curli - Veste Harnais Softshell"},"content":{"rendered":"<p>Le confort de Curli Step-in <span style=\"color: #83b735;\"><strong>Veste Harnais Softshell<\/strong><\/span><\/p>\n<p>Ce harnais coupe-vent et d\u00e9perlant est dot\u00e9 d'une doublure respirante. <strong>Air-Mesh<\/strong> et une conception de type \"step-in\" pour une application rapide.<\/p>\n<p>R\u00e9glable par velcro pour un ajustement parfait, il comprend des sangles crois\u00e9es en nylon pour r\u00e9partir la tension et pr\u00e9venir les blessures au cou.<\/p>\n<p>Les boucles rembourr\u00e9es \u00e9liminent les points de pression, tandis que les coutures extensibles permettent une r\u00e9partition souple de la tension.<\/p>\n<p>Deux anneaux l\u00e9gers permettent d'attacher la laisse en toute s\u00e9curit\u00e9, et des \u00e9l\u00e9ments r\u00e9fl\u00e9chissants am\u00e9liorent la s\u00e9curit\u00e9 nocturne.<\/p>\n<p>Le harnais est \u00e9galement livr\u00e9 avec un <strong>DogFinder ID pour aider \u00e0 localiser votre chien s'il est perdu<\/strong>.<\/p>","protected":false},"excerpt":{"rendered":"<p>La veste Curli Harness Softshell allie confort, durabilit\u00e9 et style.<\/p>","protected":false},"featured_media":29621,"template":"","meta":[],"product_brand":[],"product_cat":[42,95,131],"product_tag":[],"class_list":{"0":"post-29620","1":"product","2":"type-product","3":"status-publish","4":"has-post-thumbnail","6":"product_cat-all","7":"product_cat-dogs","8":"product_cat-travel-walk-dogs","10":"first","11":"instock","12":"sale","13":"shipping-taxable","14":"purchasable","15":"product-type-variable"},"_links":{"self":[{"href":"https:\/\/koussikou.ch\/fr\/wp-json\/wp\/v2\/product\/29620","targetHints":{"allow":["GET"]}}],"collection":[{"href":"https:\/\/koussikou.ch\/fr\/wp-json\/wp\/v2\/product"}],"about":[{"href":"https:\/\/koussikou.ch\/fr\/wp-json\/wp\/v2\/types\/product"}],"version-history":[{"count":0,"href":"https:\/\/koussikou.ch\/fr\/wp-json\/wp\/v2\/product\/29620\/revisions"}],"wp:featuredmedia":[{"embeddable":true,"href":"https:\/\/koussikou.ch\/fr\/wp-json\/wp\/v2\/media\/29621"}],"wp:attachment":[{"href":"https:\/\/koussikou.ch\/fr\/wp-json\/wp\/v2\/media?parent=29620"}],"wp:term":[{"taxonomy":"product_brand","embeddable":true,"href":"https:\/\/koussikou.ch\/fr\/wp-json\/wp\/v2\/product_brand?post=29620"},{"taxonomy":"product_cat","embeddable":true,"href":"https:\/\/koussikou.ch\/fr\/wp-json\/wp\/v2\/product_cat?post=29620"},{"taxonomy":"product_tag","embeddable":true,"href":"https:\/\/koussikou.ch\/fr\/wp-json\/wp\/v2\/product_tag?post=29620"}],"curies":[{"name":"wp","href":"https:\/\/api.w.org\/{rel}","templated":true}]}}