{"id":29721,"date":"2024-06-11T09:24:49","date_gmt":"2024-06-11T07:24:49","guid":{"rendered":"https:\/\/koussikou.ch\/?post_type=product&#038;p=29721"},"modified":"2024-06-29T11:53:25","modified_gmt":"2024-06-29T09:53:25","slug":"laisse-de-poche-curli-ultra-forte","status":"publish","type":"product","link":"https:\/\/koussikou.ch\/fr\/produit\/laisse-de-poche-curli-ultra-forte\/","title":{"rendered":"Curli \u2013 Ultra Strong Pocket Leash"},"content":{"rendered":"<div data-elementor-type=\"wp-post\" data-elementor-id=\"29721\" class=\"elementor elementor-29721\">\n\t\t\t\t<div class=\"wd-negative-gap elementor-element elementor-element-457a565e e-flex e-con-boxed e-con e-parent\" data-id=\"457a565e\" data-element_type=\"container\" data-e-type=\"container\">\n\t\t\t\t\t<div class=\"e-con-inner\">\n\t\t\t\t<div class=\"elementor-element elementor-element-329582be color-scheme-inherit text-left elementor-widget elementor-widget-text-editor\" data-id=\"329582be\" data-element_type=\"widget\" data-e-type=\"widget\" data-widget_type=\"text-editor.default\">\n\t\t\t\t<div class=\"elementor-widget-container\">\n\t\t\t\t\t\t\t\t\t<p>Le <strong><span style=\"color: #83b735;\">Ultra Strong Pocket Leash<\/span><\/strong> est la laisse id\u00e9ale si vous aimez avoir une laisse sur vous \u00e0 tout moment pour tenir votre chien en laisse si n\u00e9cessaire.<\/p><blockquote><h5>CARACT\u00c9RISTIQUES<\/h5><\/blockquote><p>\u2714 Corde Dyneema ultra r\u00e9sistante 1,7 fois plus r\u00e9sistante que l'acier<br \/>\u2714 Boucles \u00e9piss\u00e9es sur le c\u00e2ble Dyneema pour une dur\u00e9e de vie longue et s\u00fbre du produit<br \/>\u2714 Sangle variable, la sangle la plus confortable du march\u00e9<br \/>\u2714 Ultra l\u00e9ger, il donne l'impression de ne pas avoir de laisse dans la main.<br \/>\u2714 Mousqueton en acier inoxydable, 5 fois plus r\u00e9sistant que les mousquetons ordinaires<\/p><blockquote><h5>TAILLE<\/h5><\/blockquote><p><strong>2 longueurs disponibles : S = 160 cm &amp; M = 110 cm<\/strong> \/ pliable, la laisse dispara\u00eet dans votre poche tellement elle est petite et pliable<\/p><blockquote><h5>EXTRA<\/h5><\/blockquote><p>Porte-sac \u00e0 d\u00e9jections canines ; pour avoir toujours un sac \u00e0 d\u00e9jections \u00e0 port\u00e9e de main<\/p>\t\t\t\t\t\t\t\t<\/div>\n\t\t\t\t<\/div>\n\t\t\t\t\t<\/div>\n\t\t\t\t<\/div>\n\t\t<div class=\"wd-negative-gap elementor-element elementor-element-b40fdd2 e-grid e-con-boxed e-con e-parent\" data-id=\"b40fdd2\" data-element_type=\"container\" data-e-type=\"container\">\n\t\t\t\t\t<div class=\"e-con-inner\">\n\t\t\t\t<div class=\"elementor-element elementor-element-06b17f8 elementor-widget elementor-widget-wd_image_hotspot\" data-id=\"06b17f8\" data-element_type=\"widget\" data-e-type=\"widget\" data-widget_type=\"wd_image_hotspot.default\">\n\t\t\t\t<div class=\"elementor-widget-container\">\n\t\t\t\t\t\t\t<div class=\"wd-spots wd-event-hover hotspot-icon-default color-scheme- wd-hotspot-static\">\n\t\t\t<div class=\"wd-image-hotspot-hotspots\">\n\t\t\t\t\t\t\t\t\t<img loading=\"lazy\" decoding=\"async\" width=\"300\" height=\"300\" src=\"https:\/\/koussikou.ch\/wp-content\/uploads\/2024\/06\/0104-0517-1-951_MAIN_Ultra-Strong-Pocket-Leash_Adobe_RGB_240PPI_2000x2000-720x720-1-300x300.webp\" class=\"wd-image-hotspot-img\" alt=\"\" srcset=\"https:\/\/koussikou.ch\/wp-content\/uploads\/2024\/06\/0104-0517-1-951_MAIN_Ultra-Strong-Pocket-Leash_Adobe_RGB_240PPI_2000x2000-720x720-1-300x300.webp 300w, https:\/\/koussikou.ch\/wp-content\/uploads\/2024\/06\/0104-0517-1-951_MAIN_Ultra-Strong-Pocket-Leash_Adobe_RGB_240PPI_2000x2000-720x720-1-150x150.webp 150w, https:\/\/koussikou.ch\/wp-content\/uploads\/2024\/06\/0104-0517-1-951_MAIN_Ultra-Strong-Pocket-Leash_Adobe_RGB_240PPI_2000x2000-720x720-1-12x12.webp 12w, https:\/\/koussikou.ch\/wp-content\/uploads\/2024\/06\/0104-0517-1-951_MAIN_Ultra-Strong-Pocket-Leash_Adobe_RGB_240PPI_2000x2000-720x720-1-430x430.webp 430w, https:\/\/koussikou.ch\/wp-content\/uploads\/2024\/06\/0104-0517-1-951_MAIN_Ultra-Strong-Pocket-Leash_Adobe_RGB_240PPI_2000x2000-720x720-1-700x700.webp 700w, https:\/\/koussikou.ch\/wp-content\/uploads\/2024\/06\/0104-0517-1-951_MAIN_Ultra-Strong-Pocket-Leash_Adobe_RGB_240PPI_2000x2000-720x720-1.webp 720w\" sizes=\"auto, (max-width: 300px) 100vw, 300px\" \/>\t\t\t\t\n\t\t\t\t\t\t\t\t\t\t\t\t\t\t<div class=\"wd-image-hotspot hotspot-type-text elementor-repeater-item-264270a\">\n\t\t\t\t\t\t<span class=\"hotspot-sonar\"><\/span>\n\t\t\t\t\t\t<div class=\"hotspot-btn wd-role-btn wd-fill\" tabindex=\"0\"><\/div>\n\n\t\t\t\t\t\t\t\t\t\t\t\t\t<div class=\"hotspot-text hotspot-content hotspot-dropdown-top\">\n\t\t\t\t\t\t\t\t<div class=\"hotspot-content-image\">\n\t\t\t\t\t\t\t\t\t\t\t\t\t\t\t\t\t<\/div>\n\t\t\t\t\t\t\t\t\n\t\t\t\t\t\t\t\t<h4 class=\"wd-entities-title\">\n\t\t\t\t\t\t\t\t\tPorte-sac \u00e0 d\u00e9jections canines\t\t\t\t\t\t\t\t<\/h4>\n\t\t\t\t\t\t\t\t\n\t\t\t\t\t\t\t\t<div class=\"hotspot-content-text reset-last-child\">\n\t\t\t\t\t\t\t\t\t\t\t\t\t\t\t\t\t<\/div>\n\n\t\t\t\t\t\t\t\t\t\t\t\t\t\t\t<\/div>\n\t\t\t\t\t\t\t\t\t\t\t<\/div>\n\t\t\t\t\t\t\t\t\t\t\t\t\t\t<div class=\"wd-image-hotspot hotspot-type-text elementor-repeater-item-a290917\">\n\t\t\t\t\t\t<span class=\"hotspot-sonar\"><\/span>\n\t\t\t\t\t\t<div class=\"hotspot-btn wd-role-btn wd-fill\" tabindex=\"0\"><\/div>\n\n\t\t\t\t\t\t\t\t\t\t\t\t\t<div class=\"hotspot-text hotspot-content hotspot-dropdown-left\">\n\t\t\t\t\t\t\t\t<div class=\"hotspot-content-image\">\n\t\t\t\t\t\t\t\t\t\t\t\t\t\t\t\t\t<\/div>\n\t\t\t\t\t\t\t\t\n\t\t\t\t\t\t\t\t<h4 class=\"wd-entities-title\">\n\t\t\t\t\t\t\t\t\tMousqueton en acier inoxydable\t\t\t\t\t\t\t\t<\/h4>\n\t\t\t\t\t\t\t\t\n\t\t\t\t\t\t\t\t<div class=\"hotspot-content-text reset-last-child\">\n\t\t\t\t\t\t\t\t\t\t\t\t\t\t\t\t\t<\/div>\n\n\t\t\t\t\t\t\t\t\t\t\t\t\t\t\t<\/div>\n\t\t\t\t\t\t\t\t\t\t\t<\/div>\n\t\t\t\t\t\t\t\t\t\t\t\t\t\t<div class=\"wd-image-hotspot hotspot-type-text elementor-repeater-item-02b848d\">\n\t\t\t\t\t\t<span class=\"hotspot-sonar\"><\/span>\n\t\t\t\t\t\t<div class=\"hotspot-btn wd-role-btn wd-fill\" tabindex=\"0\"><\/div>\n\n\t\t\t\t\t\t\t\t\t\t\t\t\t<div class=\"hotspot-text hotspot-content hotspot-dropdown-right\">\n\t\t\t\t\t\t\t\t<div class=\"hotspot-content-image\">\n\t\t\t\t\t\t\t\t\t\t\t\t\t\t\t\t\t<\/div>\n\t\t\t\t\t\t\t\t\n\t\t\t\t\t\t\t\t<h4 class=\"wd-entities-title\">\n\t\t\t\t\t\t\t\t\tBoucle de confort pour les mains\t\t\t\t\t\t\t\t<\/h4>\n\t\t\t\t\t\t\t\t\n\t\t\t\t\t\t\t\t<div class=\"hotspot-content-text reset-last-child\">\n\t\t\t\t\t\t\t\t\t\t\t\t\t\t\t\t\t<\/div>\n\n\t\t\t\t\t\t\t\t\t\t\t\t\t\t\t<\/div>\n\t\t\t\t\t\t\t\t\t\t\t<\/div>\n\t\t\t\t\t\t\t<\/div>\n\t\t<\/div>\n\t\t\t\t\t\t<\/div>\n\t\t\t\t<\/div>\n\t\t\t\t\t<\/div>\n\t\t\t\t<\/div>\n\t\t\t\t<\/div>","protected":false},"excerpt":{"rendered":"<p>La laisse de poche Curli Ultra Strong offre une r\u00e9sistance et une commodit\u00e9 exceptionnelles gr\u00e2ce \u00e0 son design compact et \u00e0 ses mat\u00e9riaux durables, parfaits pour toute aventure avec votre chien.<\/p>","protected":false},"featured_media":29731,"template":"","meta":[],"product_brand":[],"product_cat":[42,95,32,131],"product_tag":[],"class_list":{"0":"post-29721","1":"product","2":"type-product","3":"status-publish","4":"has-post-thumbnail","6":"product_cat-all","7":"product_cat-dogs","8":"product_cat-furniture","9":"product_cat-travel-walk-dogs","11":"first","12":"instock","13":"shipping-taxable","14":"purchasable","15":"product-type-variable"},"_links":{"self":[{"href":"https:\/\/koussikou.ch\/fr\/wp-json\/wp\/v2\/product\/29721","targetHints":{"allow":["GET"]}}],"collection":[{"href":"https:\/\/koussikou.ch\/fr\/wp-json\/wp\/v2\/product"}],"about":[{"href":"https:\/\/koussikou.ch\/fr\/wp-json\/wp\/v2\/types\/product"}],"version-history":[{"count":0,"href":"https:\/\/koussikou.ch\/fr\/wp-json\/wp\/v2\/product\/29721\/revisions"}],"wp:featuredmedia":[{"embeddable":true,"href":"https:\/\/koussikou.ch\/fr\/wp-json\/wp\/v2\/media\/29731"}],"wp:attachment":[{"href":"https:\/\/koussikou.ch\/fr\/wp-json\/wp\/v2\/media?parent=29721"}],"wp:term":[{"taxonomy":"product_brand","embeddable":true,"href":"https:\/\/koussikou.ch\/fr\/wp-json\/wp\/v2\/product_brand?post=29721"},{"taxonomy":"product_cat","embeddable":true,"href":"https:\/\/koussikou.ch\/fr\/wp-json\/wp\/v2\/product_cat?post=29721"},{"taxonomy":"product_tag","embeddable":true,"href":"https:\/\/koussikou.ch\/fr\/wp-json\/wp\/v2\/product_tag?post=29721"}],"curies":[{"name":"wp","href":"https:\/\/api.w.org\/{rel}","templated":true}]}}