{"id":29737,"date":"2024-06-11T09:37:02","date_gmt":"2024-06-11T07:37:02","guid":{"rendered":"https:\/\/koussikou.ch\/?post_type=product&#038;p=29737"},"modified":"2026-02-25T10:53:37","modified_gmt":"2026-02-25T08:53:37","slug":"curli-car-safety-belt","status":"publish","type":"product","link":"https:\/\/koussikou.ch\/fr\/produit\/curli-car-safety-belt\/","title":{"rendered":"Curli \u2013 Car Safety Belt"},"content":{"rendered":"<p>Le <strong><span style=\"color: #83b735;\">Curli - Ceinture de s\u00e9curit\u00e9 pour voiture<\/span><\/strong> avec son utilisation polyvalente<\/p>\n<p>\u2714 Utilisations multiples, avec la ceinture de s\u00e9curit\u00e9 ou, avec le syst\u00e8me isofix dans les nouvelles voitures<br \/>\n\u2714 Deux tailles S et L pour petits et grands chiens<br \/>\n\u2714 Longueur r\u00e9glable pour une meilleure amplitude de mouvement<br \/>\n\u2714 Mousqueton en aluminium \u00e0 verrouillage rotatif extra-s\u00e9curis\u00e9<br \/>\n\u2714 L\u00e9ger, ne d\u00e9rangera pas le chien<\/p>\n<p>Longueur r\u00e9glable :<br \/>\nTaille S : 20cm \u2192 <strong>30cm<\/strong><br \/>\nTaille L : 35cm \u2192 <strong>60cm<\/strong><\/p>","protected":false},"excerpt":{"rendered":"<p>Gardez votre chien en s\u00e9curit\u00e9 pendant les trajets en voiture avec la ceinture de s\u00e9curit\u00e9 Curli. Facile \u00e0 installer, r\u00e9glable et compatible avec la plupart des harnais.<\/p>","protected":false},"featured_media":31299,"template":"","meta":[],"product_brand":[],"product_cat":[42,95,131],"product_tag":[],"class_list":{"0":"post-29737","1":"product","2":"type-product","3":"status-publish","4":"has-post-thumbnail","6":"product_cat-all","7":"product_cat-dogs","8":"product_cat-travel-walk-dogs","10":"first","11":"instock","12":"shipping-taxable","13":"purchasable","14":"product-type-variable"},"_links":{"self":[{"href":"https:\/\/koussikou.ch\/fr\/wp-json\/wp\/v2\/product\/29737","targetHints":{"allow":["GET"]}}],"collection":[{"href":"https:\/\/koussikou.ch\/fr\/wp-json\/wp\/v2\/product"}],"about":[{"href":"https:\/\/koussikou.ch\/fr\/wp-json\/wp\/v2\/types\/product"}],"version-history":[{"count":0,"href":"https:\/\/koussikou.ch\/fr\/wp-json\/wp\/v2\/product\/29737\/revisions"}],"wp:featuredmedia":[{"embeddable":true,"href":"https:\/\/koussikou.ch\/fr\/wp-json\/wp\/v2\/media\/31299"}],"wp:attachment":[{"href":"https:\/\/koussikou.ch\/fr\/wp-json\/wp\/v2\/media?parent=29737"}],"wp:term":[{"taxonomy":"product_brand","embeddable":true,"href":"https:\/\/koussikou.ch\/fr\/wp-json\/wp\/v2\/product_brand?post=29737"},{"taxonomy":"product_cat","embeddable":true,"href":"https:\/\/koussikou.ch\/fr\/wp-json\/wp\/v2\/product_cat?post=29737"},{"taxonomy":"product_tag","embeddable":true,"href":"https:\/\/koussikou.ch\/fr\/wp-json\/wp\/v2\/product_tag?post=29737"}],"curies":[{"name":"wp","href":"https:\/\/api.w.org\/{rel}","templated":true}]}}