{"id":29747,"date":"2024-06-11T10:15:06","date_gmt":"2024-06-11T08:15:06","guid":{"rendered":"https:\/\/koussikou.ch\/?post_type=product&#038;p=29747"},"modified":"2024-06-23T17:54:49","modified_gmt":"2024-06-23T15:54:49","slug":"distributeur-deau-de-voyage-freezack","status":"publish","type":"product","link":"https:\/\/koussikou.ch\/fr\/produit\/distributeur-deau-de-voyage-freezack\/","title":{"rendered":"Freezack \u2013 Travel Water Dispenser"},"content":{"rendered":"<div data-elementor-type=\"wp-post\" data-elementor-id=\"29747\" class=\"elementor elementor-29747\">\n\t\t\t\t<div class=\"wd-negative-gap elementor-element elementor-element-722e2f64 e-flex e-con-boxed e-con e-parent\" data-id=\"722e2f64\" data-element_type=\"container\" data-e-type=\"container\">\n\t\t\t\t\t<div class=\"e-con-inner\">\n\t\t\t\t<div class=\"elementor-element elementor-element-42f8dd89 color-scheme-inherit text-left elementor-widget elementor-widget-text-editor\" data-id=\"42f8dd89\" data-element_type=\"widget\" data-e-type=\"widget\" data-widget_type=\"text-editor.default\">\n\t\t\t\t<div class=\"elementor-widget-container\">\n\t\t\t\t\t\t\t\t\t<p>Freezack's <span style=\"color: #83b735;\"><strong>Travel Water Dispenser<\/strong><\/span> est une bouteille pratique avec un bol pour boire lorsque vous \u00eates en d\u00e9placement.\r\n\r\nVous pouvez attacher la bouteille \u00e0 votre ceinture ou \u00e0 votre sac.<\/p>\n\n<p>Ce distributeur d'eau de voyage est id\u00e9al pour les activit\u00e9s de plein air telles que la randonn\u00e9e, le camping ou simplement les courses avec votre animal de compagnie. Sa conception intelligente vous permet de fournir de l'eau fra\u00eeche \u00e0 votre compagnon \u00e0 fourrure o\u00f9 que vous alliez, sans avoir besoin de bols ou de r\u00e9cipients s\u00e9par\u00e9s. La possibilit\u00e9 de l'attacher \u00e0 votre ceinture ou \u00e0 votre sac vous permet d'avoir les mains libres et en fait un accessoire pratique pour tout propri\u00e9taire d'animal de compagnie en d\u00e9placement.<\/p>\n\t\t\t\t\t\t\t\t<\/div>\n\t\t\t\t<\/div>\n\t\t\t\t\t<\/div>\n\t\t\t\t<\/div>\n\t\t\t\t<\/div>","protected":false},"excerpt":{"rendered":"<p>Hydratez votre animal en d\u00e9placement avec le distributeur d'eau pour le voyage Freezack. L\u00e9ger, \u00e9tanche et facile \u00e0 utiliser, il est parfait pour toutes les aventures.<\/p>","protected":false},"featured_media":29750,"template":"","meta":[],"product_brand":[],"product_cat":[42,95,131],"product_tag":[],"class_list":{"0":"post-29747","1":"product","2":"type-product","3":"status-publish","4":"has-post-thumbnail","6":"product_cat-all","7":"product_cat-dogs","8":"product_cat-travel-walk-dogs","10":"first","11":"instock","12":"shipping-taxable","13":"purchasable","14":"product-type-simple"},"_links":{"self":[{"href":"https:\/\/koussikou.ch\/fr\/wp-json\/wp\/v2\/product\/29747","targetHints":{"allow":["GET"]}}],"collection":[{"href":"https:\/\/koussikou.ch\/fr\/wp-json\/wp\/v2\/product"}],"about":[{"href":"https:\/\/koussikou.ch\/fr\/wp-json\/wp\/v2\/types\/product"}],"version-history":[{"count":0,"href":"https:\/\/koussikou.ch\/fr\/wp-json\/wp\/v2\/product\/29747\/revisions"}],"wp:featuredmedia":[{"embeddable":true,"href":"https:\/\/koussikou.ch\/fr\/wp-json\/wp\/v2\/media\/29750"}],"wp:attachment":[{"href":"https:\/\/koussikou.ch\/fr\/wp-json\/wp\/v2\/media?parent=29747"}],"wp:term":[{"taxonomy":"product_brand","embeddable":true,"href":"https:\/\/koussikou.ch\/fr\/wp-json\/wp\/v2\/product_brand?post=29747"},{"taxonomy":"product_cat","embeddable":true,"href":"https:\/\/koussikou.ch\/fr\/wp-json\/wp\/v2\/product_cat?post=29747"},{"taxonomy":"product_tag","embeddable":true,"href":"https:\/\/koussikou.ch\/fr\/wp-json\/wp\/v2\/product_tag?post=29747"}],"curies":[{"name":"wp","href":"https:\/\/api.w.org\/{rel}","templated":true}]}}