{"id":29754,"date":"2024-06-11T10:18:00","date_gmt":"2024-06-11T08:18:00","guid":{"rendered":"https:\/\/koussikou.ch\/?post_type=product&#038;p=29754"},"modified":"2025-11-02T16:24:36","modified_gmt":"2025-11-02T14:24:36","slug":"curli-treatbag-v2","status":"publish","type":"product","link":"https:\/\/koussikou.ch\/fr\/produit\/curli-treatbag-v2\/","title":{"rendered":"Curli - Treat Bag V2"},"content":{"rendered":"<p>Le <strong><span style=\"color: #83b735;\">Treat Bag V2<\/span><\/strong> dispose d'un syst\u00e8me de verrouillage innovant qui peut \u00eatre actionn\u00e9 d'une seule main.<\/p>\n<h5><span style=\"color: #83b735;\">Caract\u00e9ristiques<\/span><\/h5>\n<p>\u2714 Pochette pour le clicker ou d'autres petits outils de formation<br \/>\n\u2714 Sangle de taille en nylon avec boucle en aluminium l\u00e9ger 110cm<br \/>\n\u2714 Sac int\u00e9rieur en \ud83d\udca7 nylon imperm\u00e9able \u00e0 l'eau<br \/>\n\u2714 Mat\u00e9riau ext\u00e9rieur en polyester r\u00e9sistant \u00e0 l'abrasion et facile \u00e0 nettoyer<\/p>","protected":false},"excerpt":{"rendered":"<p>Le Curli Treat Bag V2 est un sac durable et polyvalent dot\u00e9 de plusieurs compartiments pour les friandises et les objets essentiels, parfait pour les propri\u00e9taires de chiens en d\u00e9placement.<\/p>","protected":false},"featured_media":31376,"template":"","meta":[],"product_brand":[],"product_cat":[42,95,32,131],"product_tag":[],"class_list":{"0":"post-29754","1":"product","2":"type-product","3":"status-publish","4":"has-post-thumbnail","6":"product_cat-all","7":"product_cat-dogs","8":"product_cat-furniture","9":"product_cat-travel-walk-dogs","11":"first","12":"instock","13":"shipping-taxable","14":"purchasable","15":"product-type-variable"},"_links":{"self":[{"href":"https:\/\/koussikou.ch\/fr\/wp-json\/wp\/v2\/product\/29754","targetHints":{"allow":["GET"]}}],"collection":[{"href":"https:\/\/koussikou.ch\/fr\/wp-json\/wp\/v2\/product"}],"about":[{"href":"https:\/\/koussikou.ch\/fr\/wp-json\/wp\/v2\/types\/product"}],"version-history":[{"count":0,"href":"https:\/\/koussikou.ch\/fr\/wp-json\/wp\/v2\/product\/29754\/revisions"}],"wp:featuredmedia":[{"embeddable":true,"href":"https:\/\/koussikou.ch\/fr\/wp-json\/wp\/v2\/media\/31376"}],"wp:attachment":[{"href":"https:\/\/koussikou.ch\/fr\/wp-json\/wp\/v2\/media?parent=29754"}],"wp:term":[{"taxonomy":"product_brand","embeddable":true,"href":"https:\/\/koussikou.ch\/fr\/wp-json\/wp\/v2\/product_brand?post=29754"},{"taxonomy":"product_cat","embeddable":true,"href":"https:\/\/koussikou.ch\/fr\/wp-json\/wp\/v2\/product_cat?post=29754"},{"taxonomy":"product_tag","embeddable":true,"href":"https:\/\/koussikou.ch\/fr\/wp-json\/wp\/v2\/product_tag?post=29754"}],"curies":[{"name":"wp","href":"https:\/\/api.w.org\/{rel}","templated":true}]}}