{"id":29776,"date":"2024-06-11T11:13:20","date_gmt":"2024-06-11T09:13:20","guid":{"rendered":"https:\/\/koussikou.ch\/?post_type=product&#038;p=29776"},"modified":"2024-06-22T01:06:18","modified_gmt":"2024-06-21T23:06:18","slug":"ibiyaya-transparent-hardcase","status":"publish","type":"product","link":"https:\/\/koussikou.ch\/fr\/produit\/ibiyaya-transparent-hardcase\/","title":{"rendered":"Ibiyaya - Bo\u00eetier rigide transparent"},"content":{"rendered":"<p>Le <span style=\"color: #83b735;\"><strong>Sac de Transport transparent d'Ibiyaya<\/strong><\/span> est adapt\u00e9 <strong>pour les chats et les chiens<\/strong><\/p>\n<p>Ce sac est pliable et fabriqu\u00e9 en mat\u00e9riau EVA l\u00e9ger.<\/p>\n<p>Ultra-l\u00e9ger<\/p>\n<p>\u2714 Pratique et peu encombrant : Conception d\u00e9tachable, pliable et facile \u00e0 replier.<\/p>\n<p>\u2714 Ventilation et visibilit\u00e9 maximis\u00e9es<\/p>\n<p>\u2714 Coussin amovible pour un nettoyage facile<\/p>\n<p>\u2714 Bandouli\u00e8re rembourr\u00e9e incluse<\/p>","protected":false},"excerpt":{"rendered":"<p>Le sac de transport transparent d'Ibiyaya est une solution de voyage \u00e9l\u00e9gante, s\u00fbre et confortable pour votre animal de compagnie.<\/p>","protected":false},"featured_media":29790,"template":"","meta":[],"product_brand":[],"product_cat":[42,95,32,131],"product_tag":[],"class_list":{"0":"post-29776","1":"product","2":"type-product","3":"status-publish","4":"has-post-thumbnail","6":"product_cat-all","7":"product_cat-dogs","8":"product_cat-furniture","9":"product_cat-travel-walk-dogs","11":"first","12":"instock","13":"shipping-taxable","14":"purchasable","15":"product-type-simple"},"_links":{"self":[{"href":"https:\/\/koussikou.ch\/fr\/wp-json\/wp\/v2\/product\/29776","targetHints":{"allow":["GET"]}}],"collection":[{"href":"https:\/\/koussikou.ch\/fr\/wp-json\/wp\/v2\/product"}],"about":[{"href":"https:\/\/koussikou.ch\/fr\/wp-json\/wp\/v2\/types\/product"}],"version-history":[{"count":0,"href":"https:\/\/koussikou.ch\/fr\/wp-json\/wp\/v2\/product\/29776\/revisions"}],"wp:featuredmedia":[{"embeddable":true,"href":"https:\/\/koussikou.ch\/fr\/wp-json\/wp\/v2\/media\/29790"}],"wp:attachment":[{"href":"https:\/\/koussikou.ch\/fr\/wp-json\/wp\/v2\/media?parent=29776"}],"wp:term":[{"taxonomy":"product_brand","embeddable":true,"href":"https:\/\/koussikou.ch\/fr\/wp-json\/wp\/v2\/product_brand?post=29776"},{"taxonomy":"product_cat","embeddable":true,"href":"https:\/\/koussikou.ch\/fr\/wp-json\/wp\/v2\/product_cat?post=29776"},{"taxonomy":"product_tag","embeddable":true,"href":"https:\/\/koussikou.ch\/fr\/wp-json\/wp\/v2\/product_tag?post=29776"}],"curies":[{"name":"wp","href":"https:\/\/api.w.org\/{rel}","templated":true}]}}