{"id":29792,"date":"2024-06-11T11:26:11","date_gmt":"2024-06-11T09:26:11","guid":{"rendered":"https:\/\/koussikou.ch\/?post_type=product&#038;p=29792"},"modified":"2024-06-23T18:17:07","modified_gmt":"2024-06-23T16:17:07","slug":"ibiyaya-the-bubble-hotel-bag","status":"publish","type":"product","link":"https:\/\/koussikou.ch\/fr\/produit\/ibiyaya-the-bubble-hotel-bag\/","title":{"rendered":"Ibiyaya \u2013 The Bubble Hotel Bag"},"content":{"rendered":"<p>Con\u00e7ue avec une surface semi-transparente d'un c\u00f4t\u00e9 et une couverture opaque de l'autre, le <span style=\"color: #83b735;\"><strong>Bubble Hotel Bag<\/strong><\/span> est l'accessoire id\u00e9al pour transporter votre chien.<\/p>\n<p><strong>Parfait pour les chiots et les petits chiens<\/strong><\/p>\n<p>\u2714 Limite de poids recommand\u00e9e : 6kg<\/p>\n<p>\u2714 Incroyablement mobile, bien ventil\u00e9, s\u00fbr et s\u00e9curis\u00e9<\/p>\n<p>\u2714 Compact et pliable pour un rangement facile.<\/p>\n<p>\u2714 Construction l\u00e9g\u00e8re pour un maximum de confort.<\/p>\n<p>\u2714 \u00c9quip\u00e9 d'un coussin int\u00e9rieur souple et d'une bandouli\u00e8re en cuir PU pour vous permettre de rester \u00e9l\u00e9gante.<\/p>","protected":false},"excerpt":{"rendered":"<p>Le Bubble Hotel Bag d'Ibiyaya est une solution de voyage \u00e9l\u00e9gante et confortable pour les animaux de compagnie. Il est dot\u00e9 d'une fen\u00eatre \u00e0 bulles transparente, d'un filet respirant et d'un grand espace de rangement.<\/p>","protected":false},"featured_media":29793,"template":"","meta":[],"product_brand":[],"product_cat":[42,95,32,131],"product_tag":[],"class_list":{"0":"post-29792","1":"product","2":"type-product","3":"status-publish","4":"has-post-thumbnail","6":"product_cat-all","7":"product_cat-dogs","8":"product_cat-furniture","9":"product_cat-travel-walk-dogs","11":"first","12":"instock","13":"shipping-taxable","14":"purchasable","15":"product-type-simple"},"_links":{"self":[{"href":"https:\/\/koussikou.ch\/fr\/wp-json\/wp\/v2\/product\/29792","targetHints":{"allow":["GET"]}}],"collection":[{"href":"https:\/\/koussikou.ch\/fr\/wp-json\/wp\/v2\/product"}],"about":[{"href":"https:\/\/koussikou.ch\/fr\/wp-json\/wp\/v2\/types\/product"}],"version-history":[{"count":0,"href":"https:\/\/koussikou.ch\/fr\/wp-json\/wp\/v2\/product\/29792\/revisions"}],"wp:featuredmedia":[{"embeddable":true,"href":"https:\/\/koussikou.ch\/fr\/wp-json\/wp\/v2\/media\/29793"}],"wp:attachment":[{"href":"https:\/\/koussikou.ch\/fr\/wp-json\/wp\/v2\/media?parent=29792"}],"wp:term":[{"taxonomy":"product_brand","embeddable":true,"href":"https:\/\/koussikou.ch\/fr\/wp-json\/wp\/v2\/product_brand?post=29792"},{"taxonomy":"product_cat","embeddable":true,"href":"https:\/\/koussikou.ch\/fr\/wp-json\/wp\/v2\/product_cat?post=29792"},{"taxonomy":"product_tag","embeddable":true,"href":"https:\/\/koussikou.ch\/fr\/wp-json\/wp\/v2\/product_tag?post=29792"}],"curies":[{"name":"wp","href":"https:\/\/api.w.org\/{rel}","templated":true}]}}