{"id":29847,"date":"2024-06-11T19:42:20","date_gmt":"2024-06-11T17:42:20","guid":{"rendered":"https:\/\/koussikou.ch\/?post_type=product&#038;p=29847"},"modified":"2024-08-18T18:15:07","modified_gmt":"2024-08-18T16:15:07","slug":"beco-pets-toby-the-teddy","status":"publish","type":"product","link":"https:\/\/koussikou.ch\/fr\/produit\/beco-pets-toby-the-teddy\/","title":{"rendered":"Beco Pets \u2013 Toby the Teddy"},"content":{"rendered":"<div data-elementor-type=\"wp-post\" data-elementor-id=\"29847\" class=\"elementor elementor-29847\">\n\t\t\t\t<div class=\"wd-negative-gap elementor-element elementor-element-845e8ae e-flex e-con-boxed e-con e-parent\" data-id=\"845e8ae\" data-element_type=\"container\" data-e-type=\"container\">\n\t\t\t\t\t<div class=\"e-con-inner\">\n\t\t\t\t<div class=\"elementor-element elementor-element-74487914 color-scheme-inherit text-left elementor-widget elementor-widget-text-editor\" data-id=\"74487914\" data-element_type=\"widget\" data-e-type=\"widget\" data-widget_type=\"text-editor.default\">\n\t\t\t\t<div class=\"elementor-widget-container\">\n\t\t\t\t\t\t\t\t\t<p><strong>Toby the Teddy<\/strong> est un jouet en peluche pour chien en forme de nounours avec un rembourrage doux qui convient parfaitement aux chiens qui aiment faire des c\u00e2lins avec un jouet.<\/p><p>\u2714 Le rembourrage extra doux est fabriqu\u00e9 \u00e0 partir de bouteilles recycl\u00e9es 100%.\u00a0<\/p><p>\u2714 Ce jouet pour chien ne convient pas aux chiens qui aiment m\u00e2cher leurs jouets, mais seulement aux chiens qui aiment faire des c\u00e2lins avec un jouet.<\/p><p>\u2714 Ce jouet pour chien comprend un couineur.<\/p><p>\u2714 Les coutures sont doubl\u00e9es pour une plus grande durabilit\u00e9.<\/p><p>\u2714 Exempts de produits chimiques nocifs et de toxines<\/p>\t\t\t\t\t\t\t\t<\/div>\n\t\t\t\t<\/div>\n\t\t\t\t\t<\/div>\n\t\t\t\t<\/div>\n\t\t\t\t<\/div>","protected":false},"excerpt":{"rendered":"<p>Toby the Teddy de Beco Pets est un jouet pour chien \u00e9cologique fabriqu\u00e9 \u00e0 partir de bouteilles en plastique recycl\u00e9es, dot\u00e9 d'un tissu durable et d'un couineur attrayant.<\/p>","protected":false},"featured_media":32595,"template":"","meta":[],"product_brand":[],"product_cat":[42,95,32,53],"product_tag":[301,308,304,303,306,307,302,305],"class_list":{"0":"post-29847","1":"product","2":"type-product","3":"status-publish","4":"has-post-thumbnail","6":"product_cat-all","7":"product_cat-dogs","8":"product_cat-furniture","9":"product_cat-toys-dogs","10":"product_tag-beco-pets","11":"product_tag-dog-squeaker-toy","12":"product_tag-durable-dog-toy","13":"product_tag-eco-friendly-pet-toy","14":"product_tag-safe-pet-toy","15":"product_tag-sustainable-pet-products","16":"product_tag-toby-the-teddy","17":"product_tag-upcycled-plastic-bottles","19":"first","20":"instock","21":"shipping-taxable","22":"purchasable","23":"product-type-variable"},"_links":{"self":[{"href":"https:\/\/koussikou.ch\/fr\/wp-json\/wp\/v2\/product\/29847","targetHints":{"allow":["GET"]}}],"collection":[{"href":"https:\/\/koussikou.ch\/fr\/wp-json\/wp\/v2\/product"}],"about":[{"href":"https:\/\/koussikou.ch\/fr\/wp-json\/wp\/v2\/types\/product"}],"version-history":[{"count":5,"href":"https:\/\/koussikou.ch\/fr\/wp-json\/wp\/v2\/product\/29847\/revisions"}],"predecessor-version":[{"id":32430,"href":"https:\/\/koussikou.ch\/fr\/wp-json\/wp\/v2\/product\/29847\/revisions\/32430"}],"wp:featuredmedia":[{"embeddable":true,"href":"https:\/\/koussikou.ch\/fr\/wp-json\/wp\/v2\/media\/32595"}],"wp:attachment":[{"href":"https:\/\/koussikou.ch\/fr\/wp-json\/wp\/v2\/media?parent=29847"}],"wp:term":[{"taxonomy":"product_brand","embeddable":true,"href":"https:\/\/koussikou.ch\/fr\/wp-json\/wp\/v2\/product_brand?post=29847"},{"taxonomy":"product_cat","embeddable":true,"href":"https:\/\/koussikou.ch\/fr\/wp-json\/wp\/v2\/product_cat?post=29847"},{"taxonomy":"product_tag","embeddable":true,"href":"https:\/\/koussikou.ch\/fr\/wp-json\/wp\/v2\/product_tag?post=29847"}],"curies":[{"name":"wp","href":"https:\/\/api.w.org\/{rel}","templated":true}]}}