{"id":30119,"date":"2024-06-13T14:46:02","date_gmt":"2024-06-13T12:46:02","guid":{"rendered":"https:\/\/koussikou.ch\/?post_type=product&#038;p=30119"},"modified":"2024-08-11T13:51:06","modified_gmt":"2024-08-11T11:51:06","slug":"inooko-slow-feeder-bowl-s-m","status":"publish","type":"product","link":"https:\/\/koussikou.ch\/fr\/produit\/inooko-slow-feeder-bowl-s-m\/","title":{"rendered":"Inooko \u2013 Slow Feeder Bowl"},"content":{"rendered":"<p>L'Inooko <strong><span style=\"color: #83b735;\">Slow Feeder Bowl<\/span><\/strong>\u00a0est con\u00e7u pour am\u00e9liorer l'exp\u00e9rience de votre animal \u00e0 l'heure du repas tout en favorisant des habitudes alimentaires plus saines. Cette gamelle innovante pr\u00e9sente un motif en forme de labyrinthe qui encourage votre chien \u00e0 manger \u00e0 <strong>un rythme plus lent<\/strong>, <strong>r\u00e9duisant le risque de ballonnements, d'indigestion et d'ob\u00e9sit\u00e9<\/strong>.<\/p>\n<p>Fabriqu\u00e9 \u00e0 partir de mat\u00e9riaux durables et non toxiques, le bol d'alimentation lente Inooko est \u00e0 la fois s\u00fbr et durable.<\/p>\n<p>Il convient <strong>pour les chiens de petite et moyenne taille<\/strong> et passe au lave-vaisselle pour un nettoyage facile.<\/p>\n<p>La base est \u00e9quip\u00e9e de poign\u00e9es antid\u00e9rapantes pour assurer la stabilit\u00e9 pendant les repas.<\/p>\n<p>Cette gamelle permet non seulement \u00e0 votre animal de manger plus lentement, mais elle ajoute \u00e9galement une touche d'\u00e9l\u00e9gance \u00e0 votre int\u00e9rieur.<\/p>\n<p>&nbsp;<\/p>","protected":false},"excerpt":{"rendered":"<p>La gamelle Slow Feeder Bowl d'Inooko apprendra \u00e0 votre chien \u00e0 manger plus lentement et favorisera des habitudes alimentaires plus saines.<\/p>","protected":false},"featured_media":30123,"template":"","meta":[],"product_brand":[],"product_cat":[42,95,134,32],"product_tag":[403,384,401,398,402,345,397,386,405,399,400,326,396,395,404],"class_list":{"0":"post-30119","1":"product","2":"type-product","3":"status-publish","4":"has-post-thumbnail","6":"product_cat-all","7":"product_cat-dogs","8":"product_cat-eat-dogs","9":"product_cat-furniture","10":"product_tag-anti-bloat","11":"product_tag-cat-bowl","12":"product_tag-dishwasher-safe","13":"product_tag-dog-bowl","14":"product_tag-dog-feeder","15":"product_tag-durable","16":"product_tag-healthy-eating","17":"product_tag-inooko","18":"product_tag-medium-dogs","19":"product_tag-non-slip","20":"product_tag-non-toxic","21":"product_tag-pet-accessories","22":"product_tag-pet-bowl","23":"product_tag-slow-feeder-bowl","24":"product_tag-small-dogs","26":"first","27":"instock","28":"shipping-taxable","29":"purchasable","30":"product-type-variable"},"_links":{"self":[{"href":"https:\/\/koussikou.ch\/fr\/wp-json\/wp\/v2\/product\/30119","targetHints":{"allow":["GET"]}}],"collection":[{"href":"https:\/\/koussikou.ch\/fr\/wp-json\/wp\/v2\/product"}],"about":[{"href":"https:\/\/koussikou.ch\/fr\/wp-json\/wp\/v2\/types\/product"}],"version-history":[{"count":1,"href":"https:\/\/koussikou.ch\/fr\/wp-json\/wp\/v2\/product\/30119\/revisions"}],"predecessor-version":[{"id":32484,"href":"https:\/\/koussikou.ch\/fr\/wp-json\/wp\/v2\/product\/30119\/revisions\/32484"}],"wp:featuredmedia":[{"embeddable":true,"href":"https:\/\/koussikou.ch\/fr\/wp-json\/wp\/v2\/media\/30123"}],"wp:attachment":[{"href":"https:\/\/koussikou.ch\/fr\/wp-json\/wp\/v2\/media?parent=30119"}],"wp:term":[{"taxonomy":"product_brand","embeddable":true,"href":"https:\/\/koussikou.ch\/fr\/wp-json\/wp\/v2\/product_brand?post=30119"},{"taxonomy":"product_cat","embeddable":true,"href":"https:\/\/koussikou.ch\/fr\/wp-json\/wp\/v2\/product_cat?post=30119"},{"taxonomy":"product_tag","embeddable":true,"href":"https:\/\/koussikou.ch\/fr\/wp-json\/wp\/v2\/product_tag?post=30119"}],"curies":[{"name":"wp","href":"https:\/\/api.w.org\/{rel}","templated":true}]}}