{"id":31017,"date":"2024-06-15T10:10:32","date_gmt":"2024-06-15T08:10:32","guid":{"rendered":"https:\/\/koussikou.ch\/?post_type=product&#038;p=31017"},"modified":"2026-03-04T11:32:55","modified_gmt":"2026-03-04T09:32:55","slug":"gilet-curli-harnais-chiot-ensemble","status":"publish","type":"product","link":"https:\/\/koussikou.ch\/fr\/produit\/gilet-curli-harnais-chiot-ensemble\/","title":{"rendered":"Curli - Ensemble gilet-harnais pour chiot"},"content":{"rendered":"<div data-elementor-type=\"wp-post\" data-elementor-id=\"31017\" class=\"elementor elementor-31017\">\n\t\t\t\t<div class=\"wd-negative-gap elementor-element elementor-element-b57ee04 e-flex e-con-boxed e-con e-parent\" data-id=\"b57ee04\" data-element_type=\"container\" data-e-type=\"container\">\n\t\t\t\t\t<div class=\"e-con-inner\">\n\t\t\t\t<div class=\"elementor-element elementor-element-ff57ed1 color-scheme-inherit text-left elementor-widget elementor-widget-text-editor\" data-id=\"ff57ed1\" data-element_type=\"widget\" data-e-type=\"widget\" data-widget_type=\"text-editor.default\">\n\t\t\t\t<div class=\"elementor-widget-container\">\n\t\t\t\t\t\t\t\t\t<h5><strong>Harnais Step-In Vest pour les chiots<\/strong><\/h5><p>La premi\u00e8re rencontre avec un chiot est quelque chose dont on se souvient g\u00e9n\u00e9ralement des ann\u00e9es plus tard. Le Curli Puppy Set a \u00e9t\u00e9 d\u00e9velopp\u00e9 pour pr\u00e9parer la premi\u00e8re promenade ensemble.<\/p><blockquote><p>L'ensemble comprend un harnais l\u00e9ger et ergonomique Air-Mesh avec une laisse assortie et un identifiant DogFinder int\u00e9gr\u00e9.<\/p><\/blockquote><p>Vous et votre nouveau compagnon disposez ainsi de tout ce qu'il faut pour vous promener en toute tranquillit\u00e9. De plus, gr\u00e2ce au DogFinder int\u00e9gr\u00e9, vous aurez l'esprit tranquille si votre chiot s'enfuit.<br \/>La fermeture brevet\u00e9e Click Snap Go Clasp rend la mise en laisse tr\u00e8s facile et sans stress.<\/p><blockquote><h5>CARACT\u00c9RISTIQUES<\/h5><\/blockquote><p>\u2714 Curli Clasp Air-Mesh l\u00e9ger et perm\u00e9able \u00e0 l'air effet de refroidissement en cas d'immersion dans l'eau<br \/>\u2714 Harnais Step-in, facile et rapide \u00e0 mettre en place<br \/>\u2714 4 mod\u00e8les - Ensemble avec laisse de couleur assortie<br \/>\u2714 Taille r\u00e9glable par fermeture velcro, facile \u00e0 ajuster \u00e0 la forme du corps<br \/>\u2714 Coutures extensibles pour une r\u00e9partition souple de la tension<br \/>\u2714 \u00c9l\u00e9ments r\u00e9fl\u00e9chissants sur le cou pour plus de s\u00e9curit\u00e9 dans l'obscurit\u00e9<br \/>\u2714 DogFinder ID pour aider \u00e0 retrouver votre chien s'il se perd<\/p><p>\ud83d\udccf 5 tailles : XXXS \u00e0 M<\/p><p>\ud83d\udccf Taille 3XS \u00e0 S avec laisse de base taille M (140 x 1,5 cm)<\/p><p>\ud83d\udccf Taille M avec laisse de base taille L (140 x 2 cm)<\/p>\t\t\t\t\t\t\t\t<\/div>\n\t\t\t\t<\/div>\n\t\t\t\t\t<\/div>\n\t\t\t\t<\/div>\n\t\t\t\t<\/div>","protected":false},"excerpt":{"rendered":"<p>D\u00e9couvrez le harnais ultime pour chiots qui allie l\u00e9g\u00e8ret\u00e9 et respirabilit\u00e9, technologie de refroidissement et ajustement ergonomique pour un maximum de confort et de s\u00e9curit\u00e9.<\/p>","protected":false},"featured_media":31370,"template":"","meta":[],"product_brand":[],"product_cat":[42,95,131],"product_tag":[],"class_list":{"0":"post-31017","1":"product","2":"type-product","3":"status-publish","4":"has-post-thumbnail","6":"product_cat-all","7":"product_cat-dogs","8":"product_cat-travel-walk-dogs","10":"first","11":"instock","12":"sale","13":"shipping-taxable","14":"purchasable","15":"product-type-variable"},"_links":{"self":[{"href":"https:\/\/koussikou.ch\/fr\/wp-json\/wp\/v2\/product\/31017","targetHints":{"allow":["GET"]}}],"collection":[{"href":"https:\/\/koussikou.ch\/fr\/wp-json\/wp\/v2\/product"}],"about":[{"href":"https:\/\/koussikou.ch\/fr\/wp-json\/wp\/v2\/types\/product"}],"version-history":[{"count":0,"href":"https:\/\/koussikou.ch\/fr\/wp-json\/wp\/v2\/product\/31017\/revisions"}],"wp:featuredmedia":[{"embeddable":true,"href":"https:\/\/koussikou.ch\/fr\/wp-json\/wp\/v2\/media\/31370"}],"wp:attachment":[{"href":"https:\/\/koussikou.ch\/fr\/wp-json\/wp\/v2\/media?parent=31017"}],"wp:term":[{"taxonomy":"product_brand","embeddable":true,"href":"https:\/\/koussikou.ch\/fr\/wp-json\/wp\/v2\/product_brand?post=31017"},{"taxonomy":"product_cat","embeddable":true,"href":"https:\/\/koussikou.ch\/fr\/wp-json\/wp\/v2\/product_cat?post=31017"},{"taxonomy":"product_tag","embeddable":true,"href":"https:\/\/koussikou.ch\/fr\/wp-json\/wp\/v2\/product_tag?post=31017"}],"curies":[{"name":"wp","href":"https:\/\/api.w.org\/{rel}","templated":true}]}}