{"id":31144,"date":"2024-06-15T14:01:27","date_gmt":"2024-06-15T12:01:27","guid":{"rendered":"https:\/\/koussikou.ch\/?post_type=product&#038;p=31144"},"modified":"2025-03-08T09:47:29","modified_gmt":"2025-03-08T07:47:29","slug":"curli-adjustable-leash-nylon","status":"publish","type":"product","link":"https:\/\/koussikou.ch\/fr\/produit\/curli-adjustable-leash-nylon\/","title":{"rendered":"Curli \u2013 Adjustable Leash Nylon"},"content":{"rendered":"<div data-elementor-type=\"wp-post\" data-elementor-id=\"31144\" class=\"elementor elementor-31144\">\n\t\t\t\t<div class=\"wd-negative-gap elementor-element elementor-element-edfdfb5 e-flex e-con-boxed e-con e-parent\" data-id=\"edfdfb5\" data-element_type=\"container\" data-e-type=\"container\">\n\t\t\t\t\t<div class=\"e-con-inner\">\n\t\t<div class=\"elementor-element elementor-element-0a50cc6 e-con-full e-flex e-con e-child\" data-id=\"0a50cc6\" data-element_type=\"container\" data-e-type=\"container\">\n\t\t\t\t<div class=\"elementor-element elementor-element-00c6517 elementor-widget elementor-widget-wd_text_block\" data-id=\"00c6517\" data-element_type=\"widget\" data-e-type=\"widget\" data-widget_type=\"wd_text_block.default\">\n\t\t\t\t<div class=\"elementor-widget-container\">\n\t\t\t\t\t\t\t<div class=\"wd-text-block reset-last-child text-left\">\n\t\t\t\n\t\t\t<h5><strong>Adjustable Leash Nylon<\/strong><\/h5><blockquote><h5>CARACT\u00c9RISTIQUES<\/h5><\/blockquote><p>\u2714 Laisse r\u00e9glable \u00e0 3 voies avec anneau m\u00e9tallique ferm\u00e9<br \/>\u2714 Mousqueton et anneaux de s\u00e9curit\u00e9 assortis pour les harnais curli<br \/>\u2714 \"Tube Nylon\" finement tiss\u00e9 pour une meilleure prise en main, un meilleur contr\u00f4le et une plus grande s\u00e9curit\u00e9<br \/>\u2714 Distributeur de sacs \u00e0 d\u00e9jections canines\u00a0<\/p><blockquote><h5>TAILLE<\/h5><\/blockquote><p>Disponible en 2 largeurs : <br \/><strong>M<\/strong> - 1.5cm \/ pour les chiens jusqu'\u00e0 30kg <br \/><strong>L<\/strong> - 2cm \/ pour les chiens jusqu'\u00e0 40kg<\/p>\n\t\t\t\t\t<\/div>\n\t\t\t\t\t\t<\/div>\n\t\t\t\t<\/div>\n\t\t\t\t<\/div>\n\t\t<div class=\"elementor-element elementor-element-9e6c94f e-con-full e-flex e-con e-child\" data-id=\"9e6c94f\" data-element_type=\"container\" data-e-type=\"container\">\n\t\t\t\t<div class=\"elementor-element elementor-element-fa35cbd elementor-widget elementor-widget-wd_image_or_svg\" data-id=\"fa35cbd\" data-element_type=\"widget\" data-e-type=\"widget\" data-widget_type=\"wd_image_or_svg.default\">\n\t\t\t\t<div class=\"elementor-widget-container\">\n\t\t\t\t\t\n\t\t<div class=\"wd-image text-center\">\n\t\t\t\t\t\t\t\t\t\t\t\t\t<\/div>\n\n\t\t\t\t\t\t<\/div>\n\t\t\t\t<\/div>\n\t\t\t\t<\/div>\n\t\t\t\t\t<\/div>\n\t\t\t\t<\/div>\n\t\t\t\t<\/div>","protected":false},"excerpt":{"rendered":"<p>La laisse r\u00e9glable Curli en nylon offre durabilit\u00e9, confort et style. Sa longueur r\u00e9glable et son fermoir s\u00fbr la rendent id\u00e9ale pour toutes les situations de promenade.<\/p>","protected":false},"featured_media":31276,"template":"","meta":[],"product_brand":[],"product_cat":[42,95,131],"product_tag":[],"class_list":{"0":"post-31144","1":"product","2":"type-product","3":"status-publish","4":"has-post-thumbnail","6":"product_cat-all","7":"product_cat-dogs","8":"product_cat-travel-walk-dogs","10":"first","11":"instock","12":"sale","13":"shipping-taxable","14":"purchasable","15":"product-type-variable"},"_links":{"self":[{"href":"https:\/\/koussikou.ch\/fr\/wp-json\/wp\/v2\/product\/31144","targetHints":{"allow":["GET"]}}],"collection":[{"href":"https:\/\/koussikou.ch\/fr\/wp-json\/wp\/v2\/product"}],"about":[{"href":"https:\/\/koussikou.ch\/fr\/wp-json\/wp\/v2\/types\/product"}],"version-history":[{"count":1,"href":"https:\/\/koussikou.ch\/fr\/wp-json\/wp\/v2\/product\/31144\/revisions"}],"predecessor-version":[{"id":32672,"href":"https:\/\/koussikou.ch\/fr\/wp-json\/wp\/v2\/product\/31144\/revisions\/32672"}],"wp:featuredmedia":[{"embeddable":true,"href":"https:\/\/koussikou.ch\/fr\/wp-json\/wp\/v2\/media\/31276"}],"wp:attachment":[{"href":"https:\/\/koussikou.ch\/fr\/wp-json\/wp\/v2\/media?parent=31144"}],"wp:term":[{"taxonomy":"product_brand","embeddable":true,"href":"https:\/\/koussikou.ch\/fr\/wp-json\/wp\/v2\/product_brand?post=31144"},{"taxonomy":"product_cat","embeddable":true,"href":"https:\/\/koussikou.ch\/fr\/wp-json\/wp\/v2\/product_cat?post=31144"},{"taxonomy":"product_tag","embeddable":true,"href":"https:\/\/koussikou.ch\/fr\/wp-json\/wp\/v2\/product_tag?post=31144"}],"curies":[{"name":"wp","href":"https:\/\/api.w.org\/{rel}","templated":true}]}}