{"id":31258,"date":"2024-06-16T18:38:11","date_gmt":"2024-06-16T16:38:11","guid":{"rendered":"https:\/\/koussikou.ch\/?post_type=product&#038;p=31258"},"modified":"2026-03-25T12:10:57","modified_gmt":"2026-03-25T10:10:57","slug":"curli-basic-leash","status":"publish","type":"product","link":"https:\/\/koussikou.ch\/fr\/produit\/curli-basic-leash\/","title":{"rendered":"Curli \u2013 Basic Leash"},"content":{"rendered":"<p>Le <strong><span style=\"color: #83b735;\">Curli Basic Leash<\/span><\/strong> est l'accessoire parfait pour votre compagnon canin. Fabriqu\u00e9e \u00e0 partir de mat\u00e9riaux durables et de haute qualit\u00e9, cette laisse assure \u00e0 la fois la s\u00e9curit\u00e9 et le confort de votre animal.<\/p>\n<p>Elle est dot\u00e9e d'une poign\u00e9e rembourr\u00e9e qui offre une prise s\u00fbre, rendant les promenades plus agr\u00e9ables pour vous et votre chien. La laisse est \u00e9quip\u00e9e d'un crochet m\u00e9tallique robuste qui s'attache facilement \u00e0 n'importe quel collier ou harnais. Son design simple en fait un compl\u00e9ment \u00e9l\u00e9gant \u00e0 la collection d'accessoires de votre animal.<\/p>\n<p>Que vous vous promeniez tranquillement dans le quartier ou que vous partiez pour une randonn\u00e9e plus aventureuse, la laisse Curli Basic est con\u00e7ue pour r\u00e9pondre \u00e0 tous vos besoins. Elle est l\u00e9g\u00e8re et se d\u00e9cline en plusieurs couleurs pour s'adapter \u00e0 votre style personnel.<\/p>\n<p>Choisissez la laisse Curli Basic pour une solution fiable et \u00e0 la mode pour promener votre chien.<\/p>\n<blockquote>\n<h5>CARACT\u00c9RISTIQUES<\/h5>\n<\/blockquote>\n<p>\u2714 Anneau m\u00e9tallique pour fixer les accessoires<\/p>\n<p>\u2714 Distributeur de sacs \u00e0 d\u00e9jections canines<\/p>\n<p>\u2714 Mousqueton et anneaux de s\u00e9curit\u00e9 assortis pour les harnais curli<\/p>\n<p>\u2714 Poign\u00e9e rembourr\u00e9e, prise en main confortable et optimale<\/p>\n<blockquote>\n<h5>TAILLE<\/h5>\n<\/blockquote>\n<p>Disponible en 2 largeurs \ud83d\udccf<br \/>\nM - 1,5cm \/ pour les chiens jusqu'\u00e0 30kg<br \/>\nL - 2cm \/ pour les chiens jusqu'\u00e0 40kg<\/p>","protected":false},"excerpt":{"rendered":"<p>La laisse Curli Basic offre s\u00e9curit\u00e9, confort et style pour la promenade de votre chien. Durable et ergonomique, elle est parfaite pour toutes les aventures.<\/p>","protected":false},"featured_media":31429,"template":"","meta":[],"product_brand":[],"product_cat":[42,95,131],"product_tag":[519,518,520,521,522,523,525,326,367,524],"class_list":{"0":"post-31258","1":"product","2":"type-product","3":"status-publish","4":"has-post-thumbnail","6":"product_cat-all","7":"product_cat-dogs","8":"product_cat-travel-walk-dogs","9":"product_tag-basic-leash","10":"product_tag-curli","11":"product_tag-dog-leash","12":"product_tag-dog-walking","13":"product_tag-durable-leash","14":"product_tag-ergonomic-handle","15":"product_tag-high-quality-leash","16":"product_tag-pet-accessories","17":"product_tag-pet-safety","18":"product_tag-stylish-leash","20":"first","21":"instock","22":"shipping-taxable","23":"purchasable","24":"product-type-variable"},"_links":{"self":[{"href":"https:\/\/koussikou.ch\/fr\/wp-json\/wp\/v2\/product\/31258","targetHints":{"allow":["GET"]}}],"collection":[{"href":"https:\/\/koussikou.ch\/fr\/wp-json\/wp\/v2\/product"}],"about":[{"href":"https:\/\/koussikou.ch\/fr\/wp-json\/wp\/v2\/types\/product"}],"version-history":[{"count":0,"href":"https:\/\/koussikou.ch\/fr\/wp-json\/wp\/v2\/product\/31258\/revisions"}],"wp:featuredmedia":[{"embeddable":true,"href":"https:\/\/koussikou.ch\/fr\/wp-json\/wp\/v2\/media\/31429"}],"wp:attachment":[{"href":"https:\/\/koussikou.ch\/fr\/wp-json\/wp\/v2\/media?parent=31258"}],"wp:term":[{"taxonomy":"product_brand","embeddable":true,"href":"https:\/\/koussikou.ch\/fr\/wp-json\/wp\/v2\/product_brand?post=31258"},{"taxonomy":"product_cat","embeddable":true,"href":"https:\/\/koussikou.ch\/fr\/wp-json\/wp\/v2\/product_cat?post=31258"},{"taxonomy":"product_tag","embeddable":true,"href":"https:\/\/koussikou.ch\/fr\/wp-json\/wp\/v2\/product_tag?post=31258"}],"curies":[{"name":"wp","href":"https:\/\/api.w.org\/{rel}","templated":true}]}}