{"id":31446,"date":"2024-06-16T19:09:28","date_gmt":"2024-06-16T17:09:28","guid":{"rendered":"https:\/\/koussikou.ch\/?post_type=product&#038;p=31446"},"modified":"2024-06-22T01:03:34","modified_gmt":"2024-06-21T23:03:34","slug":"laisse-lok-basic","status":"publish","type":"product","link":"https:\/\/koussikou.ch\/fr\/produit\/laisse-lok-basic\/","title":{"rendered":"Curli - Laisse Lok Basic"},"content":{"rendered":"<p>Le <strong><span style=\"color: #83b735;\">Curli Lok Leash Basic<\/span><\/strong> est la combinaison parfaite de fonctionnalit\u00e9, de durabilit\u00e9 et de style pour vous et votre compagnon \u00e0 quatre pattes. Fabriqu\u00e9e avec des mat\u00e9riaux de haute qualit\u00e9, cette laisse assure une prise en main confortable et s\u00fbre, offrant la fiabilit\u00e9 dont vous avez besoin pour vos promenades quotidiennes et vos aventures en plein air.<\/p>\n<p>Le m\u00e9canisme de verrouillage innovant offre une s\u00e9curit\u00e9 accrue, garantissant que la laisse reste fermement attach\u00e9e au collier ou au harnais de votre chien. Avec son design \u00e9l\u00e9gant et moderne, cette laisse est non seulement tr\u00e8s performante, mais aussi tr\u00e8s esth\u00e9tique.<\/p>\n<p>Que vous vous promeniez dans un parc ou que vous naviguiez dans des rues anim\u00e9es, la laisse Curli Lok Basic est con\u00e7ue pour offrir un contr\u00f4le et un confort maximum.<\/p>\n<p>Choisissez Curli pour une laisse qui se distingue par sa qualit\u00e9 et son design.<\/p>\n<blockquote>\n<h5><span style=\"color: #83b735;\">CARACT\u00c9RISTIQUES<\/span><\/h5>\n<\/blockquote>\n<p>\u2714 Longueur r\u00e9glable de 140cm \u00e0 220cm, rapide et facile<\/p>\n<p>\u2714 Syst\u00e8me de connexion Lok pour l'extension de l'avance avec les produits du syst\u00e8me Lok<\/p>\n<p>\u2714 Mousqueton extra l\u00e9ger, moins lourd et plus s\u00fbr pour le dos de votre chien<\/p>\n<p>\u2714 Point de pivotement au niveau de la poign\u00e9e avec le syst\u00e8me de connexion Lok<\/p>\n<p>\u2714 Courroie de poignet rembourr\u00e9e pour une prise en main s\u00fbre et confortable<\/p>\n<p>\u2714 Distributeur de sacs \u00e0 d\u00e9jections canines<\/p>\n<p>\u2714 Anneau pour attacher le chien \u00e0 un objet fixe<\/p>\n<p>\u2714 Poign\u00e9e rembourr\u00e9e, prise en main confortable et optimale<\/p>\n<p>\u2714 <strong>Pour les chiens jusqu'\u00e0 60 kg<\/strong><\/p>","protected":false},"excerpt":{"rendered":"<p>La laisse Curli Lok Basic allie durabilit\u00e9, confort et style. Elle est dot\u00e9e d'un m\u00e9canisme de verrouillage s\u00fbr pour une utilisation quotidienne fiable.<\/p>","protected":false},"featured_media":31452,"template":"","meta":[],"product_brand":[],"product_cat":[42,95,131],"product_tag":[518,520,521,534,537,533,538,326,535,536],"class_list":{"0":"post-31446","1":"product","2":"type-product","3":"status-publish","4":"has-post-thumbnail","6":"product_cat-all","7":"product_cat-dogs","8":"product_cat-travel-walk-dogs","9":"product_tag-curli","10":"product_tag-dog-leash","11":"product_tag-dog-walking","12":"product_tag-durable-dog-leash","13":"product_tag-high-quality-dog-leash","14":"product_tag-lok-leash-basic","15":"product_tag-outdoor-adventures","16":"product_tag-pet-accessories","17":"product_tag-secure-dog-leash","18":"product_tag-stylish-dog-leash","20":"first","21":"instock","22":"sale","23":"shipping-taxable","24":"purchasable","25":"product-type-variable"},"_links":{"self":[{"href":"https:\/\/koussikou.ch\/fr\/wp-json\/wp\/v2\/product\/31446","targetHints":{"allow":["GET"]}}],"collection":[{"href":"https:\/\/koussikou.ch\/fr\/wp-json\/wp\/v2\/product"}],"about":[{"href":"https:\/\/koussikou.ch\/fr\/wp-json\/wp\/v2\/types\/product"}],"version-history":[{"count":0,"href":"https:\/\/koussikou.ch\/fr\/wp-json\/wp\/v2\/product\/31446\/revisions"}],"wp:featuredmedia":[{"embeddable":true,"href":"https:\/\/koussikou.ch\/fr\/wp-json\/wp\/v2\/media\/31452"}],"wp:attachment":[{"href":"https:\/\/koussikou.ch\/fr\/wp-json\/wp\/v2\/media?parent=31446"}],"wp:term":[{"taxonomy":"product_brand","embeddable":true,"href":"https:\/\/koussikou.ch\/fr\/wp-json\/wp\/v2\/product_brand?post=31446"},{"taxonomy":"product_cat","embeddable":true,"href":"https:\/\/koussikou.ch\/fr\/wp-json\/wp\/v2\/product_cat?post=31446"},{"taxonomy":"product_tag","embeddable":true,"href":"https:\/\/koussikou.ch\/fr\/wp-json\/wp\/v2\/product_tag?post=31446"}],"curies":[{"name":"wp","href":"https:\/\/api.w.org\/{rel}","templated":true}]}}