{"id":31477,"date":"2024-06-16T23:10:17","date_gmt":"2024-06-16T21:10:17","guid":{"rendered":"https:\/\/koussikou.ch\/?post_type=product&#038;p=31477"},"modified":"2024-06-29T12:06:29","modified_gmt":"2024-06-29T10:06:29","slug":"bol-os-classique","status":"publish","type":"product","link":"https:\/\/koussikou.ch\/fr\/produit\/bol-os-classique\/","title":{"rendered":"Bowl &amp; Bone \u2013 Classic"},"content":{"rendered":"<div data-elementor-type=\"wp-post\" data-elementor-id=\"31477\" class=\"elementor elementor-31477\">\n\t\t\t\t<div class=\"wd-negative-gap elementor-element elementor-element-7f0bcd4b e-flex e-con-boxed e-con e-parent\" data-id=\"7f0bcd4b\" data-element_type=\"container\" data-e-type=\"container\">\n\t\t\t\t\t<div class=\"e-con-inner\">\n\t\t\t\t<div class=\"elementor-element elementor-element-7328b2c color-scheme-inherit text-left elementor-widget elementor-widget-text-editor\" data-id=\"7328b2c\" data-element_type=\"widget\" data-e-type=\"widget\" data-widget_type=\"text-editor.default\">\n\t\t\t\t<div class=\"elementor-widget-container\">\n\t\t\t\t\t\t\t\t\t<p>Con\u00e7u pour ceux qui souhaitent offrir \u00e0 leur chien confort et commodit\u00e9, tout en appr\u00e9ciant la simplicit\u00e9 et les couleurs classiques.<\/p><p><strong><span style=\"color: #83b735;\">Le lit pour chien CLASSIC<\/span><\/strong> a \u00e9t\u00e9 fabriqu\u00e9 avec beaucoup de soin et d'attention aux d\u00e9tails. Il allie un style \u00e9l\u00e9gant \u00e0 des mat\u00e9riaux de la plus haute qualit\u00e9.<\/p><p>Ce lit unique offrira \u00e0 votre animal de compagnie un endroit chaud et confortable pour se d\u00e9tendre.<\/p><blockquote><h5>CARACT\u00c9RISTIQUES<\/h5><\/blockquote><p>\u2714 Design unique<br \/>\u2714 Mat\u00e9riaux de haute qualit\u00e9, adapt\u00e9s aux chiens<br \/>\u2714 Hypoallerg\u00e9nique<br \/>\u2714 Couvertures amovibles et lavables en machine<\/p><blockquote><h5>ENTRETIEN DU PRODUIT<\/h5><\/blockquote><p>Il suffit de d\u00e9zipper les lacets disponibles sur l'oreiller et les c\u00f4t\u00e9s du lit, de retirer le support et de le laver, avec les housses, \u00e0 la main ou dans la machine \u00e0 laver avec un programme manuel, \u00e0 une temp\u00e9rature maximale de 30 \u00b0C.<br \/>S\u00e9chez le lit CLASSIC apr\u00e8s chaque lavage, de pr\u00e9f\u00e9rence d\u00e9pli\u00e9 \u00e0 plat, ce qui permet de lui redonner sa forme d'origine.<\/p>\t\t\t\t\t\t\t\t<\/div>\n\t\t\t\t<\/div>\n\t\t\t\t\t<\/div>\n\t\t\t\t<\/div>\n\t\t<div class=\"elementor-element elementor-element-a499516 e-grid e-con-boxed e-con e-parent\" data-id=\"a499516\" data-element_type=\"container\" data-e-type=\"container\">\n\t\t\t\t\t<div class=\"e-con-inner\">\n\t\t\t\t<div class=\"elementor-element elementor-element-1515414 wd-width-100 elementor-widget elementor-widget-wd_title\" data-id=\"1515414\" data-element_type=\"widget\" data-e-type=\"widget\" data-widget_type=\"wd_title.default\">\n\t\t\t\t<div class=\"elementor-widget-container\">\n\t\t\t\t\t\t\t<div class=\"title-wrapper wd-set-mb reset-last-child wd-title-color-default wd-title-style-default wd-title-size-default text-center\">\n\n\t\t\t\n\t\t\t<div class=\"liner-continer\">\n\t\t\t\t<h4 class=\"woodmart-title-container title wd-fontsize-l\"><\/h4> \n\t\t\t\t\t\t\t<\/div>\n\n\t\t\t\t\t<\/div>\n\t\t\t\t\t\t<\/div>\n\t\t\t\t<\/div>\n\t\t\t\t<div class=\"elementor-element elementor-element-9444b00 wd-width-100 elementor-widget elementor-widget-wd_title\" data-id=\"9444b00\" data-element_type=\"widget\" data-e-type=\"widget\" data-widget_type=\"wd_title.default\">\n\t\t\t\t<div class=\"elementor-widget-container\">\n\t\t\t\t\t\t\t<div class=\"title-wrapper wd-set-mb reset-last-child wd-title-color-default wd-title-style-default wd-title-size-default text-center\">\n\n\t\t\t\n\t\t\t<div class=\"liner-continer\">\n\t\t\t\t<h4 class=\"woodmart-title-container title wd-fontsize-l\">TABLEAU DES TAILLES<\/h4> \n\t\t\t\t\t\t\t<\/div>\n\n\t\t\t\t\t<\/div>\n\t\t\t\t\t\t<\/div>\n\t\t\t\t<\/div>\n\t\t\t\t<div class=\"elementor-element elementor-element-2f1712d elementor-widget elementor-widget-wd_text_block\" data-id=\"2f1712d\" data-element_type=\"widget\" data-e-type=\"widget\" data-widget_type=\"wd_text_block.default\">\n\t\t\t\t<div class=\"elementor-widget-container\">\n\t\t\t\t\t\t\t<div class=\"wd-text-block reset-last-child text-left\">\n\t\t\t\n\t\t\t\n\t\t\t\t\t<\/div>\n\t\t\t\t\t\t<\/div>\n\t\t\t\t<\/div>\n\t\t\t\t<div class=\"elementor-element elementor-element-98e955c elementor-widget elementor-widget-wd_text_block\" data-id=\"98e955c\" data-element_type=\"widget\" data-e-type=\"widget\" data-widget_type=\"wd_text_block.default\">\n\t\t\t\t<div class=\"elementor-widget-container\">\n\t\t\t\t\t\t\t<div class=\"wd-text-block reset-last-child text-left\">\n\t\t\t\n\t\t\t<p style=\"text-align: center;\"><span style=\"color: #83b735;\"><strong>S<\/strong><\/span> taille<br \/>dimmension ext\u00e9rieure<br \/>60 cm x 50 cm x 15 cm<br \/>dimmension int\u00e9rieure (zone de couchage)<br \/>45 x 40 cm<\/p>\n\t\t\t\t\t<\/div>\n\t\t\t\t\t\t<\/div>\n\t\t\t\t<\/div>\n\t\t\t\t<div class=\"elementor-element elementor-element-f749541 elementor-widget elementor-widget-wd_text_block\" data-id=\"f749541\" data-element_type=\"widget\" data-e-type=\"widget\" data-widget_type=\"wd_text_block.default\">\n\t\t\t\t<div class=\"elementor-widget-container\">\n\t\t\t\t\t\t\t<div class=\"wd-text-block reset-last-child text-left\">\n\t\t\t\n\t\t\t<p style=\"text-align: center;\"><span style=\"color: #83b735;\"><strong>M<\/strong><\/span> taille<br \/>dimmension ext\u00e9rieure<br \/>75 cm x 60 cm x 20 cm<br \/>dimmension int\u00e9rieure (zone de couchage)<br \/>55 x 45 cm<\/p>\n\t\t\t\t\t<\/div>\n\t\t\t\t\t\t<\/div>\n\t\t\t\t<\/div>\n\t\t\t\t<div class=\"elementor-element elementor-element-3808ec8 elementor-widget elementor-widget-wd_text_block\" data-id=\"3808ec8\" data-element_type=\"widget\" data-e-type=\"widget\" data-widget_type=\"wd_text_block.default\">\n\t\t\t\t<div class=\"elementor-widget-container\">\n\t\t\t\t\t\t\t<div class=\"wd-text-block reset-last-child text-left\">\n\t\t\t\n\t\t\t<p style=\"text-align: center;\"><span style=\"color: #83b735;\"><strong>L<\/strong><\/span> taille<br \/>dimmension ext\u00e9rieure<br \/>95 cm x 75 cm x 22 cm<br \/>dimmension int\u00e9rieure (zone de couchage)<br \/>70 x 55 cm<\/p>\n\t\t\t\t\t<\/div>\n\t\t\t\t\t\t<\/div>\n\t\t\t\t<\/div>\n\t\t\t\t\t<\/div>\n\t\t\t\t<\/div>\n\t\t<div class=\"wd-negative-gap elementor-element elementor-element-6609e4f e-grid e-con-boxed e-con e-parent\" data-id=\"6609e4f\" data-element_type=\"container\" data-e-type=\"container\">\n\t\t\t\t\t<div class=\"e-con-inner\">\n\t\t\t\t\t<\/div>\n\t\t\t\t<\/div>\n\t\t\t\t<\/div>","protected":false},"excerpt":{"rendered":"<p>Le lit pour chien Classic est fabriqu\u00e9 \u00e0 partir de mat\u00e9riaux de haute qualit\u00e9, durables et incroyablement doux.<\/p>","protected":false},"featured_media":31480,"template":"","meta":[],"product_brand":[],"product_cat":[42],"product_tag":[],"class_list":{"0":"post-31477","1":"product","2":"type-product","3":"status-publish","4":"has-post-thumbnail","6":"product_cat-all","8":"first","9":"instock","10":"shipping-taxable","11":"purchasable","12":"product-type-variable"},"_links":{"self":[{"href":"https:\/\/koussikou.ch\/fr\/wp-json\/wp\/v2\/product\/31477","targetHints":{"allow":["GET"]}}],"collection":[{"href":"https:\/\/koussikou.ch\/fr\/wp-json\/wp\/v2\/product"}],"about":[{"href":"https:\/\/koussikou.ch\/fr\/wp-json\/wp\/v2\/types\/product"}],"version-history":[{"count":0,"href":"https:\/\/koussikou.ch\/fr\/wp-json\/wp\/v2\/product\/31477\/revisions"}],"wp:featuredmedia":[{"embeddable":true,"href":"https:\/\/koussikou.ch\/fr\/wp-json\/wp\/v2\/media\/31480"}],"wp:attachment":[{"href":"https:\/\/koussikou.ch\/fr\/wp-json\/wp\/v2\/media?parent=31477"}],"wp:term":[{"taxonomy":"product_brand","embeddable":true,"href":"https:\/\/koussikou.ch\/fr\/wp-json\/wp\/v2\/product_brand?post=31477"},{"taxonomy":"product_cat","embeddable":true,"href":"https:\/\/koussikou.ch\/fr\/wp-json\/wp\/v2\/product_cat?post=31477"},{"taxonomy":"product_tag","embeddable":true,"href":"https:\/\/koussikou.ch\/fr\/wp-json\/wp\/v2\/product_tag?post=31477"}],"curies":[{"name":"wp","href":"https:\/\/api.w.org\/{rel}","templated":true}]}}