{"id":31502,"date":"2024-06-17T00:11:08","date_gmt":"2024-06-16T22:11:08","guid":{"rendered":"https:\/\/koussikou.ch\/?post_type=product&#038;p=31502"},"modified":"2024-06-23T18:39:49","modified_gmt":"2024-06-23T16:39:49","slug":"hello-pets-nap","status":"publish","type":"product","link":"https:\/\/koussikou.ch\/fr\/produit\/hello-pets-nap\/","title":{"rendered":"Hello Pets \u2013 Nap"},"content":{"rendered":"<p><strong>Un lit rond pour un chien ou un chat<\/strong> en feutre gris avec un coussin souple rempli de granul\u00e9s de silicone.<\/p>\n<p>Finition soign\u00e9e et conception parfaite.<\/p>\n<p>Cette <strong><span style=\"color: #83b735;\">Nap<\/span><\/strong> est en feutre gris. Au centre, un coussin souple rempli de granul\u00e9s de silicone.<\/p>\n<p>La forme du lit garantit un sentiment de s\u00e9curit\u00e9 et de confort qui lui est propre, une oasis de calme pour l'animal, d'o\u00f9 il peut observer ce qui se passe \u00e0 l'ext\u00e9rieur.<\/p>\n<p>La housse du coussin peut \u00eatre retir\u00e9e et lav\u00e9e \u00e0 30\u00b0C.<\/p>\n<p><strong>Produit fait \u00e0 la main - <\/strong><em>Designer: Marta Wycech\u00a0<\/em><\/p>","protected":false},"excerpt":{"rendered":"<p>Choyez votre animal de compagnie avec Hello Pets Nap, un lit en feutrine doux et durable con\u00e7u pour un confort et un style ultimes. Parfait pour les chats, les chiens et les petits animaux.<\/p>","protected":false},"featured_media":31512,"template":"","meta":[],"product_brand":[],"product_cat":[42,95,130],"product_tag":[],"class_list":{"0":"post-31502","1":"product","2":"type-product","3":"status-publish","4":"has-post-thumbnail","6":"product_cat-all","7":"product_cat-dogs","8":"product_cat-sleep-relax-dogs","10":"first","11":"instock","12":"shipping-taxable","13":"purchasable","14":"product-type-simple"},"_links":{"self":[{"href":"https:\/\/koussikou.ch\/fr\/wp-json\/wp\/v2\/product\/31502","targetHints":{"allow":["GET"]}}],"collection":[{"href":"https:\/\/koussikou.ch\/fr\/wp-json\/wp\/v2\/product"}],"about":[{"href":"https:\/\/koussikou.ch\/fr\/wp-json\/wp\/v2\/types\/product"}],"version-history":[{"count":0,"href":"https:\/\/koussikou.ch\/fr\/wp-json\/wp\/v2\/product\/31502\/revisions"}],"wp:featuredmedia":[{"embeddable":true,"href":"https:\/\/koussikou.ch\/fr\/wp-json\/wp\/v2\/media\/31512"}],"wp:attachment":[{"href":"https:\/\/koussikou.ch\/fr\/wp-json\/wp\/v2\/media?parent=31502"}],"wp:term":[{"taxonomy":"product_brand","embeddable":true,"href":"https:\/\/koussikou.ch\/fr\/wp-json\/wp\/v2\/product_brand?post=31502"},{"taxonomy":"product_cat","embeddable":true,"href":"https:\/\/koussikou.ch\/fr\/wp-json\/wp\/v2\/product_cat?post=31502"},{"taxonomy":"product_tag","embeddable":true,"href":"https:\/\/koussikou.ch\/fr\/wp-json\/wp\/v2\/product_tag?post=31502"}],"curies":[{"name":"wp","href":"https:\/\/api.w.org\/{rel}","templated":true}]}}