{"id":31619,"date":"2024-06-20T18:11:32","date_gmt":"2024-06-20T16:11:32","guid":{"rendered":"https:\/\/koussikou.ch\/?post_type=product&#038;p=31619"},"modified":"2024-06-23T19:00:46","modified_gmt":"2024-06-23T17:00:46","slug":"solid-double-stand","status":"publish","type":"product","link":"https:\/\/koussikou.ch\/fr\/produit\/solid-double-stand\/","title":{"rendered":"CatPlayFurniture - Support double solide"},"content":{"rendered":"<p>Le Solid Double Stand de CatPlayFurniture est une station d'alimentation haut de gamme con\u00e7ue pour les chats. Ce support offre une solution solide et \u00e9l\u00e9gante pour les repas de votre animal. Con\u00e7u pour offrir stabilit\u00e9 et facilit\u00e9 d'utilisation, il garantit que la zone d'alimentation de votre chat reste propre et organis\u00e9e.<\/p>\n<p>Sa construction solide et son design \u00e9l\u00e9gant en font un compl\u00e9ment id\u00e9al \u00e0 toute maison.<\/p>\n<p><strong>Deux bols sont fournis<\/strong>.<\/p>","protected":false},"excerpt":{"rendered":"<p>Le Solid Double Stand de CatPlayFurniture est une station d'alimentation haut de gamme con\u00e7ue pour les chats.<\/p>","protected":false},"featured_media":31627,"template":"","meta":[],"product_brand":[],"product_cat":[42,104,133],"product_tag":[],"class_list":{"0":"post-31619","1":"product","2":"type-product","3":"status-publish","4":"has-post-thumbnail","6":"product_cat-all","7":"product_cat-cats","8":"product_cat-eat-cats","10":"first","11":"instock","12":"shipping-taxable","13":"purchasable","14":"product-type-variable"},"_links":{"self":[{"href":"https:\/\/koussikou.ch\/fr\/wp-json\/wp\/v2\/product\/31619","targetHints":{"allow":["GET"]}}],"collection":[{"href":"https:\/\/koussikou.ch\/fr\/wp-json\/wp\/v2\/product"}],"about":[{"href":"https:\/\/koussikou.ch\/fr\/wp-json\/wp\/v2\/types\/product"}],"version-history":[{"count":0,"href":"https:\/\/koussikou.ch\/fr\/wp-json\/wp\/v2\/product\/31619\/revisions"}],"wp:featuredmedia":[{"embeddable":true,"href":"https:\/\/koussikou.ch\/fr\/wp-json\/wp\/v2\/media\/31627"}],"wp:attachment":[{"href":"https:\/\/koussikou.ch\/fr\/wp-json\/wp\/v2\/media?parent=31619"}],"wp:term":[{"taxonomy":"product_brand","embeddable":true,"href":"https:\/\/koussikou.ch\/fr\/wp-json\/wp\/v2\/product_brand?post=31619"},{"taxonomy":"product_cat","embeddable":true,"href":"https:\/\/koussikou.ch\/fr\/wp-json\/wp\/v2\/product_cat?post=31619"},{"taxonomy":"product_tag","embeddable":true,"href":"https:\/\/koussikou.ch\/fr\/wp-json\/wp\/v2\/product_tag?post=31619"}],"curies":[{"name":"wp","href":"https:\/\/api.w.org\/{rel}","templated":true}]}}