{"id":31981,"date":"2024-06-29T21:37:25","date_gmt":"2024-06-29T19:37:25","guid":{"rendered":"https:\/\/koussikou.ch\/?post_type=product&#038;p=31981"},"modified":"2025-09-02T14:55:02","modified_gmt":"2025-09-02T12:55:02","slug":"curli-vest-harness-cord","status":"publish","type":"product","link":"https:\/\/koussikou.ch\/fr\/produit\/curli-vest-harness-cord\/","title":{"rendered":"Curli - Veste Harnais Cord"},"content":{"rendered":"<div data-elementor-type=\"wp-post\" data-elementor-id=\"31981\" class=\"elementor elementor-31981\">\n\t\t\t\t<div class=\"wd-negative-gap elementor-element elementor-element-23622f64 e-flex e-con-boxed e-con e-parent\" data-id=\"23622f64\" data-element_type=\"container\" data-e-type=\"container\">\n\t\t\t\t\t<div class=\"e-con-inner\">\n\t\t\t\t<div class=\"elementor-element elementor-element-483572a9 color-scheme-inherit text-left elementor-widget elementor-widget-text-editor\" data-id=\"483572a9\" data-element_type=\"widget\" data-e-type=\"widget\" data-widget_type=\"text-editor.default\">\n\t\t\t\t<div class=\"elementor-widget-container\">\n\t\t\t\t\t\t\t\t\t<p>Le <span style=\"color: #83b735;\"><strong>Curli Harnais Cord<\/strong><\/span> est con\u00e7u pour apporter confort et s\u00e9curit\u00e9 aux chiens pendant les promenades ou d'autres activit\u00e9s. Sa conception en forme de gilet permet de r\u00e9partir la pression uniform\u00e9ment sur la poitrine, ce qui peut r\u00e9duire les tensions au niveau du cou par rapport aux options de collier uniquement.<\/p><p>\u2714 Dessus en velours c\u00f4tel\u00e9 l\u00e9ger et r\u00e9sistant<br \/>\u2714 Rembourr\u00e9 par des mailles a\u00e9r\u00e9es, perm\u00e9able \u00e0 l\u2018air <strong>breathable air mesh<\/strong><br \/>\u2714 Pour un confort maximal et une apparence extra styl\u00e9e<br \/>\u2714 Attachement de la laisse confortable et sans stress<br \/>\u2714 Ultra-r\u00e9sistant, <strong>ultra-l\u00e9ger<\/strong><\/p><blockquote><h5>3-D COMFORT FIT<\/h5><\/blockquote><p>\u2714 R\u00e9partition parfaite de la tension gr\u00e2ce \u00e0 des bandes int\u00e9gr\u00e9es dans les coutures du harnais et \u00e0 une prise de traction plus haute<br \/>\u2714 Coutures en zigzag pour une r\u00e9partition flexible de la tension<br \/>\u2714 Taille r\u00e9glable avec velcro pour s\u2018adapter \u00e0 la forme du corps<\/p><blockquote><h5>SAFETY<\/h5><\/blockquote><p>\u2714 <strong>\u00c9l\u00e9ments r\u00e9fl\u00e9chissants<\/strong> au cou ; s\u00e9curit\u00e9 suppl\u00e9mentaire dans l\u2018obscurit\u00e9<br \/>\u2714 L\u2019identifiant \u00abDogFinder ID\u00bb pour aider \u00e0 retrouver votre chien s\u2018il est perdu<\/p>\t\t\t\t\t\t\t\t<\/div>\n\t\t\t\t<\/div>\n\t\t\t\t\t<\/div>\n\t\t\t\t<\/div>\n\t\t<div class=\"wd-negative-gap elementor-element elementor-element-38a134d e-flex e-con-boxed e-con e-parent\" data-id=\"38a134d\" data-element_type=\"container\" data-e-type=\"container\">\n\t\t\t\t\t<div class=\"e-con-inner\">\n\t\t\t\t<div class=\"elementor-element elementor-element-e799f18 elementor-widget elementor-widget-spacer\" data-id=\"e799f18\" data-element_type=\"widget\" data-e-type=\"widget\" data-widget_type=\"spacer.default\">\n\t\t\t\t<div class=\"elementor-widget-container\">\n\t\t\t\t\t\t\t<div class=\"elementor-spacer\">\n\t\t\t<div class=\"elementor-spacer-inner\"><\/div>\n\t\t<\/div>\n\t\t\t\t\t\t<\/div>\n\t\t\t\t<\/div>\n\t\t\t\t<div class=\"elementor-element elementor-element-3cd6b35 elementor-widget elementor-widget-wd_infobox\" data-id=\"3cd6b35\" data-element_type=\"widget\" data-e-type=\"widget\" data-widget_type=\"wd_infobox.default\">\n\t\t\t\t<div class=\"elementor-widget-container\">\n\t\t\t\t\t\t\t<div class=\"info-box-wrapper\">\n\t\t\t<div class=\"wd-info-box text-center box-icon-align-top box-style-base color-scheme-\">\n\t\t\t\t\t\t\t\t\t<div class=\"box-icon-wrapper  box-with-icon box-icon-simple\">\n\t\t\t\t\t\t<div class=\"info-box-icon\">\n\t\t\t\t\t\t\t\t\t\t\t\t\t\t\t<img loading=\"lazy\" decoding=\"async\" width=\"150\" height=\"150\" src=\"https:\/\/koussikou.ch\/wp-content\/uploads\/2024\/06\/curli-Dog-Harness-dogfinder-tag-personal-serialnumber-150x150.webp\" class=\"attachment-thumbnail size-thumbnail\" alt=\"\" \/>\t\t\t\t\t\t\t\t\t\t\t\t\t<\/div>\n\t\t\t\t\t<\/div>\n\t\t\t\t\n\t\t\t\t<div class=\"info-box-content\">\n\t\t\t\t\t\t\t\t\t\t\t\n\t\t\t\t\t\t<div class=\"info-box-subtitle subtitle-color-default subtitle-style-default wd-fontsize-xs\"\n\t\t\t\t\t\t\t  data-elementor-setting-key=\"subtitle\">\n\t\t\t\t\t\t\tL\u2019identifiant Dogfinder-ID est int\u00e9gr\u00e9 dans chaque\nharnais de curli.\t\t\t\t\t\t<\/div>\n\t\t\t\t\t\n\t\t\t\t\t\t\t\t\t\t\t<h4\t\t\t\t\t\tclass=\"info-box-title title box-title-style-default wd-fontsize-m\" data-elementor-setting-key=\"title\">\n\t\t\t\t\t\t\t\tDogfinder ID\t\t\t\t\t\t<\/h4>\n\t\t\t\t\t\n\t\t\t\t\t<div class=\"info-box-inner reset-last-child\"data-elementor-setting-key=\"content\"><p style=\"text-align: center;\">L\u2019identifiant Dogfinder-ID est int\u00e9gr\u00e9 dans chaque\nharnais de curli. Il aide \u00e0 retrouver un chien perdu plus\nrapidement. Le Dogfinder de curli offre aux propri\u00e9taires\nde chiens la possibilit\u00e9 d\u2019enregistrer un chien dans\nune banque de donn\u00e9es centrale, de sorte que les chiens\nperdus puissent \u00eatre identifi\u00e9s facilement.<\/p>\n<\/div>\n\n\t\t\t\t\t\t\t\t\t<\/div>\n\n\t\t\t\t\t\t\t<\/div>\n\t\t<\/div>\n\t\t\t\t\t\t<\/div>\n\t\t\t\t<\/div>\n\t\t\t\t\t<\/div>\n\t\t\t\t<\/div>\n\t\t\t\t<\/div>","protected":false},"excerpt":{"rendered":"<p>Le Curli Vest Harness Cord est un harnais pour chien confortable et s\u00fbr, dot\u00e9 d'un cordon au design unique. Parfait pour les promenades et les activit\u00e9s quotidiennes.<\/p>","protected":false},"featured_media":31983,"template":"","meta":[],"product_brand":[],"product_cat":[42,95,131],"product_tag":[],"class_list":{"0":"post-31981","1":"product","2":"type-product","3":"status-publish","4":"has-post-thumbnail","6":"product_cat-all","7":"product_cat-dogs","8":"product_cat-travel-walk-dogs","10":"first","11":"instock","12":"sale","13":"shipping-taxable","14":"purchasable","15":"product-type-variable"},"_links":{"self":[{"href":"https:\/\/koussikou.ch\/fr\/wp-json\/wp\/v2\/product\/31981","targetHints":{"allow":["GET"]}}],"collection":[{"href":"https:\/\/koussikou.ch\/fr\/wp-json\/wp\/v2\/product"}],"about":[{"href":"https:\/\/koussikou.ch\/fr\/wp-json\/wp\/v2\/types\/product"}],"version-history":[{"count":2,"href":"https:\/\/koussikou.ch\/fr\/wp-json\/wp\/v2\/product\/31981\/revisions"}],"predecessor-version":[{"id":32533,"href":"https:\/\/koussikou.ch\/fr\/wp-json\/wp\/v2\/product\/31981\/revisions\/32533"}],"wp:featuredmedia":[{"embeddable":true,"href":"https:\/\/koussikou.ch\/fr\/wp-json\/wp\/v2\/media\/31983"}],"wp:attachment":[{"href":"https:\/\/koussikou.ch\/fr\/wp-json\/wp\/v2\/media?parent=31981"}],"wp:term":[{"taxonomy":"product_brand","embeddable":true,"href":"https:\/\/koussikou.ch\/fr\/wp-json\/wp\/v2\/product_brand?post=31981"},{"taxonomy":"product_cat","embeddable":true,"href":"https:\/\/koussikou.ch\/fr\/wp-json\/wp\/v2\/product_cat?post=31981"},{"taxonomy":"product_tag","embeddable":true,"href":"https:\/\/koussikou.ch\/fr\/wp-json\/wp\/v2\/product_tag?post=31981"}],"curies":[{"name":"wp","href":"https:\/\/api.w.org\/{rel}","templated":true}]}}