{"id":32030,"date":"2024-07-07T13:19:40","date_gmt":"2024-07-07T11:19:40","guid":{"rendered":"https:\/\/koussikou.ch\/?post_type=product&#038;p=32030"},"modified":"2025-04-08T18:50:14","modified_gmt":"2025-04-08T16:50:14","slug":"curli-vest-harness-merino","status":"publish","type":"product","link":"https:\/\/koussikou.ch\/fr\/produit\/curli-vest-harness-merino\/","title":{"rendered":"Curli &#8211; Vest Harness Merino"},"content":{"rendered":"<div data-elementor-type=\"wp-post\" data-elementor-id=\"32030\" class=\"elementor elementor-32030\">\n\t\t\t\t<div class=\"wd-negative-gap elementor-element elementor-element-49414ba e-flex e-con-boxed e-con e-parent\" data-id=\"49414ba\" data-element_type=\"container\" data-e-type=\"container\">\n\t\t\t\t\t<div class=\"e-con-inner\">\n\t\t\t\t<div class=\"elementor-element elementor-element-2802a2f1 color-scheme-inherit text-left elementor-widget elementor-widget-text-editor\" data-id=\"2802a2f1\" data-element_type=\"widget\" data-e-type=\"widget\" data-widget_type=\"text-editor.default\">\n\t\t\t\t<div class=\"elementor-widget-container\">\n\t\t\t\t\t\t\t\t\t<p>D\u00e9couvrez le summum du confort et de la durabilit\u00e9 avec le <strong><span style=\"color: #83c735;\">Merino Curli harnais-veste<\/span><\/strong>. Ce harnais innovant pour chien combine les avantages naturels de la <strong>laine m\u00e9rinos inodore<\/strong> avec une r\u00e9partition parfaite de la tension pour un ajustement s\u00fbr et confortable. Con\u00e7u pour les propri\u00e9taires d'animaux responsables, le harnais Vest Harness Merino est dot\u00e9 de sangles en nylon crois\u00e9es, parfaitement int\u00e9gr\u00e9es au harnais, qui assurent un soutien optimal et une grande libert\u00e9 de mouvement \u00e0 votre compagnon \u00e0 quatre pattes.<\/p><p>\u2714 <strong>Doublure en laine m\u00e9rinos naturelle<\/strong> rembourr\u00e9e avec un tissu ext\u00e9rieur en maille a\u00e9r\u00e9e, l\u00e9ger et respirant<br \/>\u2714 Ne d\u00e9gage pas d\u2018odeurs et isole aussi bien du froid que de la chaleur<br \/>\u2714 Attachement de la laisse confortable et sans stress<br \/>\u2714 Ultra-r\u00e9sistant, <strong>ultra-l\u00e9ger<\/strong><\/p><blockquote><h5><strong>3-D COMFORT FIT<\/strong><\/h5><\/blockquote><p>\u2714 R\u00e9partition parfaite de la tension gr\u00e2ce \u00e0 des bandes int\u00e9gr\u00e9es dans les coutures du harnais et \u00e0 une prise de traction plus haute<br \/>\u2714 Coutures en zigzag pour une r\u00e9partition flexible de la tension<br \/>\u2714 Taille r\u00e9glable avec velcro pour s\u2018adapter \u00e0 la forme du corps<br \/>\u2714 Gr\u00e2ce \u00e0 la boucle rembourr\u00e9e, il n\u2019y a pas de points de pression<\/p><blockquote><h5>SAFETY<\/h5><\/blockquote><p>\u2714 <strong>\u00c9l\u00e9ments r\u00e9fl\u00e9chissants<\/strong> au cou ; s\u00e9curit\u00e9 suppl\u00e9mentaire dans l\u2018obscurit\u00e9<br \/>\u2714 DogFinder ID pour aider \u00e0 retrouver votre chien s'il se perd<\/p>\t\t\t\t\t\t\t\t<\/div>\n\t\t\t\t<\/div>\n\t\t\t\t\t<\/div>\n\t\t\t\t<\/div>\n\t\t<div class=\"wd-negative-gap elementor-element elementor-element-58ec469 e-flex e-con-boxed e-con e-parent\" data-id=\"58ec469\" data-element_type=\"container\" data-e-type=\"container\">\n\t\t\t\t\t<div class=\"e-con-inner\">\n\t\t\t\t<div class=\"elementor-element elementor-element-eb26d21 elementor-widget elementor-widget-spacer\" data-id=\"eb26d21\" data-element_type=\"widget\" data-e-type=\"widget\" data-widget_type=\"spacer.default\">\n\t\t\t\t<div class=\"elementor-widget-container\">\n\t\t\t\t\t\t\t<div class=\"elementor-spacer\">\n\t\t\t<div class=\"elementor-spacer-inner\"><\/div>\n\t\t<\/div>\n\t\t\t\t\t\t<\/div>\n\t\t\t\t<\/div>\n\t\t\t\t<div class=\"elementor-element elementor-element-82a9ea7 elementor-widget elementor-widget-wd_infobox\" data-id=\"82a9ea7\" data-element_type=\"widget\" data-e-type=\"widget\" data-widget_type=\"wd_infobox.default\">\n\t\t\t\t<div class=\"elementor-widget-container\">\n\t\t\t\t\t\t\t<div class=\"info-box-wrapper\">\n\t\t\t<div class=\"wd-info-box text-center box-icon-align-top box-style-base color-scheme-\">\n\t\t\t\t\t\t\t\t\t<div class=\"box-icon-wrapper  box-with-icon box-icon-simple\">\n\t\t\t\t\t\t<div class=\"info-box-icon\">\n\t\t\t\t\t\t\t\t\t\t\t\t\t\t\t<img loading=\"lazy\" decoding=\"async\" width=\"150\" height=\"150\" src=\"https:\/\/koussikou.ch\/wp-content\/uploads\/2024\/06\/curli-Dog-Harness-dogfinder-tag-personal-serialnumber-150x150.webp\" class=\"attachment-thumbnail size-thumbnail\" alt=\"\" \/>\t\t\t\t\t\t\t\t\t\t\t\t\t<\/div>\n\t\t\t\t\t<\/div>\n\t\t\t\t\n\t\t\t\t<div class=\"info-box-content\">\n\t\t\t\t\t\t\t\t\t\t\t\n\t\t\t\t\t\t<div class=\"info-box-subtitle subtitle-color-default subtitle-style-default wd-fontsize-xs\"\n\t\t\t\t\t\t\t  data-elementor-setting-key=\"subtitle\">\n\t\t\t\t\t\t\tL\u2019identifiant Dogfinder-ID est int\u00e9gr\u00e9 dans chaque\nharnais de curli.\t\t\t\t\t\t<\/div>\n\t\t\t\t\t\n\t\t\t\t\t\t\t\t\t\t\t<h4\t\t\t\t\t\tclass=\"info-box-title title box-title-style-default wd-fontsize-m\" data-elementor-setting-key=\"title\">\n\t\t\t\t\t\t\t\tDogfinder ID\t\t\t\t\t\t<\/h4>\n\t\t\t\t\t\n\t\t\t\t\t<div class=\"info-box-inner reset-last-child\"data-elementor-setting-key=\"content\"><p style=\"text-align: center;\">L\u2019identifiant Dogfinder-ID est int\u00e9gr\u00e9 dans chaque\nharnais de curli. Il aide \u00e0 retrouver un chien perdu plus\nrapidement. Le Dogfinder de curli offre aux propri\u00e9taires\nde chiens la possibilit\u00e9 d\u2019enregistrer un chien dans\nune banque de donn\u00e9es centrale, de sorte que les chiens\nperdus puissent \u00eatre identifi\u00e9s facilement.<\/p>\n<\/div>\n\n\t\t\t\t\t\t\t\t\t<\/div>\n\n\t\t\t\t\t\t\t<\/div>\n\t\t<\/div>\n\t\t\t\t\t\t<\/div>\n\t\t\t\t<\/div>\n\t\t\t\t\t<\/div>\n\t\t\t\t<\/div>\n\t\t\t\t<\/div>","protected":false},"excerpt":{"rendered":"<p>D\u00e9couvrez le Curli Vest Harness Merino Odor Resistant : le harnais ultime pour chien en toute saison. Fabriqu\u00e9 en laine m\u00e9rinos de premi\u00e8re qualit\u00e9, il offre une r\u00e9gulation naturelle de la temp\u00e9rature par temps froid ou chaud.<\/p>","protected":false},"featured_media":32041,"template":"","meta":[],"product_brand":[],"product_cat":[42,95,131],"product_tag":[],"class_list":{"0":"post-32030","1":"product","2":"type-product","3":"status-publish","4":"has-post-thumbnail","6":"product_cat-all","7":"product_cat-dogs","8":"product_cat-travel-walk-dogs","10":"first","11":"instock","12":"sale","13":"shipping-taxable","14":"purchasable","15":"product-type-variable"},"_links":{"self":[{"href":"https:\/\/koussikou.ch\/fr\/wp-json\/wp\/v2\/product\/32030","targetHints":{"allow":["GET"]}}],"collection":[{"href":"https:\/\/koussikou.ch\/fr\/wp-json\/wp\/v2\/product"}],"about":[{"href":"https:\/\/koussikou.ch\/fr\/wp-json\/wp\/v2\/types\/product"}],"version-history":[{"count":2,"href":"https:\/\/koussikou.ch\/fr\/wp-json\/wp\/v2\/product\/32030\/revisions"}],"predecessor-version":[{"id":32505,"href":"https:\/\/koussikou.ch\/fr\/wp-json\/wp\/v2\/product\/32030\/revisions\/32505"}],"wp:featuredmedia":[{"embeddable":true,"href":"https:\/\/koussikou.ch\/fr\/wp-json\/wp\/v2\/media\/32041"}],"wp:attachment":[{"href":"https:\/\/koussikou.ch\/fr\/wp-json\/wp\/v2\/media?parent=32030"}],"wp:term":[{"taxonomy":"product_brand","embeddable":true,"href":"https:\/\/koussikou.ch\/fr\/wp-json\/wp\/v2\/product_brand?post=32030"},{"taxonomy":"product_cat","embeddable":true,"href":"https:\/\/koussikou.ch\/fr\/wp-json\/wp\/v2\/product_cat?post=32030"},{"taxonomy":"product_tag","embeddable":true,"href":"https:\/\/koussikou.ch\/fr\/wp-json\/wp\/v2\/product_tag?post=32030"}],"curies":[{"name":"wp","href":"https:\/\/api.w.org\/{rel}","templated":true}]}}