{"id":32241,"date":"2024-07-27T21:57:25","date_gmt":"2024-07-27T19:57:25","guid":{"rendered":"https:\/\/koussikou.ch\/?post_type=product&#038;p=32241"},"modified":"2024-07-28T12:48:38","modified_gmt":"2024-07-28T10:48:38","slug":"bowl-bone-republic-chill-mat","status":"publish","type":"product","link":"https:\/\/koussikou.ch\/fr\/produit\/bowl-bone-republic-chill-mat\/","title":{"rendered":"Bowl &#038; Bone Republic &#8211; Chill Mat"},"content":{"rendered":"<div data-elementor-type=\"wp-post\" data-elementor-id=\"32241\" class=\"elementor elementor-32241\">\n\t\t\t\t<div class=\"wd-negative-gap elementor-element elementor-element-99edbc9 e-flex e-con-boxed e-con e-parent\" data-id=\"99edbc9\" data-element_type=\"container\" data-e-type=\"container\">\n\t\t\t\t\t<div class=\"e-con-inner\">\n\t\t\t\t<div class=\"elementor-element elementor-element-27491523 color-scheme-inherit text-left elementor-widget elementor-widget-text-editor\" data-id=\"27491523\" data-element_type=\"widget\" data-e-type=\"widget\" data-widget_type=\"text-editor.default\">\n\t\t\t\t<div class=\"elementor-widget-container\">\n\t\t\t\t\t\t\t\t\t<p>Le <strong><span style=\"color: #83b735;\">CHILL<\/span><\/strong> mat pour chien est le m\u00e9lange parfait de confort et de style pour votre compagnon \u00e0 fourrure. Con\u00e7u avec une surface douce et pelucheuse, ce tapis offre \u00e0 votre chien un refuge douillet pour se d\u00e9tendre et se ressourcer. Sa couleur chic s'harmonise avec n'importe quel d\u00e9cor, tandis que son tissu durable et facile \u00e0 nettoyer garantit une utilisation durable.<\/p><p>Que ce soit pour la sieste ou pour se pr\u00e9lasser, ce tapis offre un espace s\u00fbr et accueillant pour que votre chien se sente \u00e0 l'aise.<\/p><p>Le tapis Chill Dog est le meilleur choix pour <strong>les jeunes chiots<\/strong> \u00e0 la recherche de leur zone de confort et aussi pour <strong>les chiens matures <\/strong>qui ont besoin de soins particuliers en raison de probl\u00e8mes li\u00e9s \u00e0 l'\u00e2ge, tels que des douleurs articulaires<strong> \ud83d\udc36\ud83d\udca4<\/strong><\/p><blockquote><h5>CARACT\u00c9RISTIQUES<\/h5><\/blockquote><p>\u2714 fabriqu\u00e9 \u00e0 partir de mat\u00e9riaux de tr\u00e8s haute qualit\u00e9 et adapt\u00e9s aux chiens<br \/>\u2714 taille compacte, maniabilit\u00e9, facilit\u00e9 de transport<br \/>\u2714 housse amovible avec fermeture \u00e9clair<br \/>\u2714 possibilit\u00e9 de laver la housse du tapis \u00e0 la main ou dans une machine \u00e0 laver<\/p><p>Offrez \u00e0 votre animal le confort qu'il m\u00e9rite avec le tapis pour chien CHILL !<\/p>\t\t\t\t\t\t\t\t<\/div>\n\t\t\t\t<\/div>\n\t\t\t\t\t<\/div>\n\t\t\t\t<\/div>\n\t\t<div class=\"elementor-element elementor-element-a9fd9ca e-grid e-con-boxed e-con e-parent\" data-id=\"a9fd9ca\" data-element_type=\"container\" data-e-type=\"container\">\n\t\t\t\t\t<div class=\"e-con-inner\">\n\t\t\t\t<div class=\"elementor-element elementor-element-8d3e644 elementor-widget elementor-widget-wd_text_block\" data-id=\"8d3e644\" data-element_type=\"widget\" data-e-type=\"widget\" data-widget_type=\"wd_text_block.default\">\n\t\t\t\t<div class=\"elementor-widget-container\">\n\t\t\t\t\t\t\t<div class=\"wd-text-block reset-last-child text-left\">\n\t\t\t\n\t\t\t<blockquote><p style=\"text-align: center;\"><span style=\"color: #83b735;\"><strong>M<\/strong><\/span>\u00a0taille<br \/>80cm x 60cm x 5cm<\/p><\/blockquote>\n\t\t\t\t\t<\/div>\n\t\t\t\t\t\t<\/div>\n\t\t\t\t<\/div>\n\t\t\t\t<div class=\"elementor-element elementor-element-42c9f30 elementor-widget elementor-widget-wd_text_block\" data-id=\"42c9f30\" data-element_type=\"widget\" data-e-type=\"widget\" data-widget_type=\"wd_text_block.default\">\n\t\t\t\t<div class=\"elementor-widget-container\">\n\t\t\t\t\t\t\t<div class=\"wd-text-block reset-last-child text-left\">\n\t\t\t\n\t\t\t<blockquote><p style=\"text-align: center;\"><span style=\"color: #83b735;\"><strong>L<\/strong><\/span>\u00a0taille<br \/>100cm x 70cm x 5cm<\/p><\/blockquote>\n\t\t\t\t\t<\/div>\n\t\t\t\t\t\t<\/div>\n\t\t\t\t<\/div>\n\t\t\t\t\t<\/div>\n\t\t\t\t<\/div>\n\t\t\t\t<\/div>","protected":false},"excerpt":{"rendered":"<p>Transformez le lieu de d\u00e9tente de votre chien avec le tapis pour chien CHILL de Bowl &amp; Bone Republic ! Ce tapis en mousse douillet assure \u00e0 votre ami \u00e0 fourrure un sommeil r\u00e9parateur et un sentiment de s\u00e9curit\u00e9, ce qui en fait un \u00e9l\u00e9ment essentiel de sa vie \u00e0 la maison<\/p>","protected":false},"featured_media":32254,"template":"","meta":[],"product_brand":[],"product_cat":[42,95,130],"product_tag":[],"class_list":{"0":"post-32241","1":"product","2":"type-product","3":"status-publish","4":"has-post-thumbnail","6":"product_cat-all","7":"product_cat-dogs","8":"product_cat-sleep-relax-dogs","10":"first","11":"instock","12":"shipping-taxable","13":"purchasable","14":"product-type-variable"},"_links":{"self":[{"href":"https:\/\/koussikou.ch\/fr\/wp-json\/wp\/v2\/product\/32241","targetHints":{"allow":["GET"]}}],"collection":[{"href":"https:\/\/koussikou.ch\/fr\/wp-json\/wp\/v2\/product"}],"about":[{"href":"https:\/\/koussikou.ch\/fr\/wp-json\/wp\/v2\/types\/product"}],"version-history":[{"count":10,"href":"https:\/\/koussikou.ch\/fr\/wp-json\/wp\/v2\/product\/32241\/revisions"}],"predecessor-version":[{"id":32284,"href":"https:\/\/koussikou.ch\/fr\/wp-json\/wp\/v2\/product\/32241\/revisions\/32284"}],"wp:featuredmedia":[{"embeddable":true,"href":"https:\/\/koussikou.ch\/fr\/wp-json\/wp\/v2\/media\/32254"}],"wp:attachment":[{"href":"https:\/\/koussikou.ch\/fr\/wp-json\/wp\/v2\/media?parent=32241"}],"wp:term":[{"taxonomy":"product_brand","embeddable":true,"href":"https:\/\/koussikou.ch\/fr\/wp-json\/wp\/v2\/product_brand?post=32241"},{"taxonomy":"product_cat","embeddable":true,"href":"https:\/\/koussikou.ch\/fr\/wp-json\/wp\/v2\/product_cat?post=32241"},{"taxonomy":"product_tag","embeddable":true,"href":"https:\/\/koussikou.ch\/fr\/wp-json\/wp\/v2\/product_tag?post=32241"}],"curies":[{"name":"wp","href":"https:\/\/api.w.org\/{rel}","templated":true}]}}