{"id":32326,"date":"2024-08-08T13:35:22","date_gmt":"2024-08-08T11:35:22","guid":{"rendered":"https:\/\/koussikou.ch\/?post_type=product&#038;p=32326"},"modified":"2024-08-08T14:12:46","modified_gmt":"2024-08-08T12:12:46","slug":"freezack-dry-and-cool-towel","status":"publish","type":"product","link":"https:\/\/koussikou.ch\/fr\/produit\/freezack-dry-and-cool-towel\/","title":{"rendered":"Freezack \u2013 Dry and Cool Towel"},"content":{"rendered":"<p>Cette <strong><span style=\"color: #83b735;\">serviette Freezack dry &amp; cool<\/span><\/strong> est extr\u00eamement absorbante. Elle est parfaite pour s\u00e9cher votre chien et retrouve son pouvoir absorbant d\u00e8s qu'elle est essor\u00e9e. Gorg\u00e9e d'eau, elle apporte un rafra\u00eechissement formidable \u00e0 votre chien en \u00e9t\u00e9.<\/p>\n<p>Rincez soigneusement la serviette avant la premi\u00e8re utilisation. Ensuite, conservez l\u00e0 humide dans sa bo\u00eete.<\/p>\n<p>\ud83d\udca7Apr\u00e8s une baignade, le bain ou une promenade sous la pluie.<\/p>\n<p>\u2744\ufe0f Pour rafra\u00eechir par temps chaud.<\/p>\n<p>&nbsp;<\/p>","protected":false},"excerpt":{"rendered":"<p>La serviette Freezack Dry and Cool est con\u00e7ue pour s\u00e9cher rapidement votre chien. Fabriqu\u00e9e \u00e0 partir de mat\u00e9riaux absorbants de haute qualit\u00e9, cette serviette polyvalente est parfaite pour les aventures en plein air, les sorties \u00e0 la plage ou simplement pour se pr\u00e9lasser \u00e0 la maison. Restez au frais, restez au sec avec Freezack !<\/p>","protected":false},"featured_media":32327,"template":"","meta":[],"product_brand":[],"product_cat":[42,95,131],"product_tag":[],"class_list":{"0":"post-32326","1":"product","2":"type-product","3":"status-publish","4":"has-post-thumbnail","6":"product_cat-all","7":"product_cat-dogs","8":"product_cat-travel-walk-dogs","10":"first","11":"instock","12":"shipping-taxable","13":"purchasable","14":"product-type-variable"},"_links":{"self":[{"href":"https:\/\/koussikou.ch\/fr\/wp-json\/wp\/v2\/product\/32326","targetHints":{"allow":["GET"]}}],"collection":[{"href":"https:\/\/koussikou.ch\/fr\/wp-json\/wp\/v2\/product"}],"about":[{"href":"https:\/\/koussikou.ch\/fr\/wp-json\/wp\/v2\/types\/product"}],"version-history":[{"count":2,"href":"https:\/\/koussikou.ch\/fr\/wp-json\/wp\/v2\/product\/32326\/revisions"}],"predecessor-version":[{"id":32334,"href":"https:\/\/koussikou.ch\/fr\/wp-json\/wp\/v2\/product\/32326\/revisions\/32334"}],"wp:featuredmedia":[{"embeddable":true,"href":"https:\/\/koussikou.ch\/fr\/wp-json\/wp\/v2\/media\/32327"}],"wp:attachment":[{"href":"https:\/\/koussikou.ch\/fr\/wp-json\/wp\/v2\/media?parent=32326"}],"wp:term":[{"taxonomy":"product_brand","embeddable":true,"href":"https:\/\/koussikou.ch\/fr\/wp-json\/wp\/v2\/product_brand?post=32326"},{"taxonomy":"product_cat","embeddable":true,"href":"https:\/\/koussikou.ch\/fr\/wp-json\/wp\/v2\/product_cat?post=32326"},{"taxonomy":"product_tag","embeddable":true,"href":"https:\/\/koussikou.ch\/fr\/wp-json\/wp\/v2\/product_tag?post=32326"}],"curies":[{"name":"wp","href":"https:\/\/api.w.org\/{rel}","templated":true}]}}