{"id":32335,"date":"2024-08-08T18:25:15","date_gmt":"2024-08-08T16:25:15","guid":{"rendered":"https:\/\/koussikou.ch\/?post_type=product&#038;p=32335"},"modified":"2024-08-16T13:31:34","modified_gmt":"2024-08-16T11:31:34","slug":"kong-puppy","status":"publish","type":"product","link":"https:\/\/koussikou.ch\/fr\/produit\/kong-puppy\/","title":{"rendered":"Kong &#8211; Puppy"},"content":{"rendered":"<p>Le <strong><span style=\"color: #83b735;\">Puppy Kong<\/span><\/strong> est un jouet pour chien personnalis\u00e9 <strong>pour les dents de lait du chiot en croissance<\/strong>. La formule unique en caoutchouc naturel est la plus douce. Con\u00e7ue pour r\u00e9pondre aux besoins des 28 dents de lait d'un chiot, elle permet d'enseigner un comportement de mastication appropri\u00e9 tout en offrant un enrichissement et en satisfaisant les besoins instinctifs d'un jeune chiot, tandis que le rebond erratique en fait la solution id\u00e9ale pour les chiots qui veulent simplement jouer.<\/p>\n<p>Le Puppy Kong rempli de snack occupe les chiots tout en permettant aux parents d'animaux de compagnie de r\u00e9pondre \u00e0 leurs besoins particuliers. Vous voulez faciliter l'apprentissage de la cage ou prolonger le temps de jeu ? N'oubliez pas de le remplir de croquettes pour chiots, par exemple.<\/p>\n<p>\u2714 Enseigne un comportement de mastication appropri\u00e9 tout en offrant un enrichissement mental<br \/>\n\u2714 Rebond impr\u00e9visible pour les jeux de poursuite<br \/>\n\u2714 Recommand\u00e9 par les v\u00e9t\u00e9rinaires et les entra\u00eeneurs du monde entier<br \/>\n\u2714 Id\u00e9al pour farcir avec des friandises ou des snacks<br \/>\n\u2714 La formule en caoutchouc KONG pour chiots est adapt\u00e9e aux dents et aux gencives des chiots.<br \/>\n\u2714 Caoutchouc naturel<\/p>\n<p>Gardez votre chiot heureux et occup\u00e9 avec Kong - l\u00e0 o\u00f9 le jeu rencontre le soin des chiots !<\/p>\n<blockquote>\n<h5>Size Guide:<\/h5>\n<\/blockquote>\n<p>\ud83d\udc3e XS : Extra Small convient pour un poids allant jusqu'\u00e0 2 kg<\/p>\n<p>\ud83d\udc36 S : Petit, adapt\u00e9 \u00e0 un poids maximal de 9 kg<\/p>\n<p>\ud83d\udc15 M : Medium convient pour 7 \u00e0 16 kg<\/p>","protected":false},"excerpt":{"rendered":"<p>Con\u00e7u pour les chiots en pleine croissance, le jouet Kong Puppy est dot\u00e9 d'un caoutchouc souple et durable qui apaise les gencives douloureuses et favorise de bonnes habitudes de mastication. Id\u00e9al pour la stimulation mentale, l'entra\u00eenement \u00e0 la cage et la r\u00e9duction de l'anxi\u00e9t\u00e9 de s\u00e9paration, ce jouet peut \u00eatre rempli de friandises pour plus de plaisir.<\/p>","protected":false},"featured_media":32351,"template":"","meta":[],"product_brand":[],"product_cat":[95,53],"product_tag":[],"class_list":{"0":"post-32335","1":"product","2":"type-product","3":"status-publish","4":"has-post-thumbnail","6":"product_cat-dogs","7":"product_cat-toys-dogs","9":"first","10":"instock","11":"shipping-taxable","12":"purchasable","13":"product-type-variable"},"_links":{"self":[{"href":"https:\/\/koussikou.ch\/fr\/wp-json\/wp\/v2\/product\/32335","targetHints":{"allow":["GET"]}}],"collection":[{"href":"https:\/\/koussikou.ch\/fr\/wp-json\/wp\/v2\/product"}],"about":[{"href":"https:\/\/koussikou.ch\/fr\/wp-json\/wp\/v2\/types\/product"}],"version-history":[{"count":9,"href":"https:\/\/koussikou.ch\/fr\/wp-json\/wp\/v2\/product\/32335\/revisions"}],"predecessor-version":[{"id":32471,"href":"https:\/\/koussikou.ch\/fr\/wp-json\/wp\/v2\/product\/32335\/revisions\/32471"}],"wp:featuredmedia":[{"embeddable":true,"href":"https:\/\/koussikou.ch\/fr\/wp-json\/wp\/v2\/media\/32351"}],"wp:attachment":[{"href":"https:\/\/koussikou.ch\/fr\/wp-json\/wp\/v2\/media?parent=32335"}],"wp:term":[{"taxonomy":"product_brand","embeddable":true,"href":"https:\/\/koussikou.ch\/fr\/wp-json\/wp\/v2\/product_brand?post=32335"},{"taxonomy":"product_cat","embeddable":true,"href":"https:\/\/koussikou.ch\/fr\/wp-json\/wp\/v2\/product_cat?post=32335"},{"taxonomy":"product_tag","embeddable":true,"href":"https:\/\/koussikou.ch\/fr\/wp-json\/wp\/v2\/product_tag?post=32335"}],"curies":[{"name":"wp","href":"https:\/\/api.w.org\/{rel}","templated":true}]}}