{"id":32444,"date":"2024-08-11T12:51:33","date_gmt":"2024-08-11T10:51:33","guid":{"rendered":"https:\/\/koussikou.ch\/?post_type=product&#038;p=32444"},"modified":"2024-08-11T13:09:35","modified_gmt":"2024-08-11T11:09:35","slug":"rogz-grinz-fetch-ball","status":"publish","type":"product","link":"https:\/\/koussikou.ch\/fr\/produit\/rogz-grinz-fetch-ball\/","title":{"rendered":"Rogz &#8211; Grinz Fetch Ball"},"content":{"rendered":"<div data-elementor-type=\"wp-post\" data-elementor-id=\"32444\" class=\"elementor elementor-32444\">\n\t\t\t\t<div class=\"wd-negative-gap elementor-element elementor-element-ded6a3c e-flex e-con-boxed e-con e-parent\" data-id=\"ded6a3c\" data-element_type=\"container\" data-e-type=\"container\">\n\t\t\t\t\t<div class=\"e-con-inner\">\n\t\t\t\t<div class=\"elementor-element elementor-element-7ec5333b color-scheme-inherit text-left elementor-widget elementor-widget-text-editor\" data-id=\"7ec5333b\" data-element_type=\"widget\" data-e-type=\"widget\" data-widget_type=\"text-editor.default\">\n\t\t\t\t<div class=\"elementor-widget-container\">\n\t\t\t\t\t\t\t\t\t<p><strong><span style=\"color: #83b735;\">Rogz Grinz Ball<\/span><\/strong> est un jouet \u00e0 rebondir et \u00e0 attraper pour plus de plaisir et de r\u00e9compense. Suffisamment souple pour m\u00e9nager les dents de votre chien, assez ferme pour rebondir et flotter dans l'eau.<\/p><p>Remplissez la cavit\u00e9 de la friandise avec la friandise pr\u00e9f\u00e9r\u00e9e de votre chien et voyez le sourire de Grinz !<\/p><blockquote><h5>Float <a href=\"https:\/\/koussikou.ch\/wp-content\/uploads\/2024\/08\/71.webp\"><img loading=\"lazy\" decoding=\"async\" class=\"alignleft wp-image-32447\" src=\"https:\/\/koussikou.ch\/wp-content\/uploads\/2024\/08\/71-150x150.webp\" alt=\"\" width=\"50\" height=\"50\" srcset=\"https:\/\/koussikou.ch\/wp-content\/uploads\/2024\/08\/71-150x150.webp 150w, https:\/\/koussikou.ch\/wp-content\/uploads\/2024\/08\/71-300x300.webp 300w, https:\/\/koussikou.ch\/wp-content\/uploads\/2024\/08\/71-800x800.webp 800w, https:\/\/koussikou.ch\/wp-content\/uploads\/2024\/08\/71-768x768.webp 768w, https:\/\/koussikou.ch\/wp-content\/uploads\/2024\/08\/71-1536x1536.webp 1536w, https:\/\/koussikou.ch\/wp-content\/uploads\/2024\/08\/71-12x12.webp 12w, https:\/\/koussikou.ch\/wp-content\/uploads\/2024\/08\/71-430x430.webp 430w, https:\/\/koussikou.ch\/wp-content\/uploads\/2024\/08\/71-700x700.webp 700w, https:\/\/koussikou.ch\/wp-content\/uploads\/2024\/08\/71.webp 1920w\" sizes=\"auto, (max-width: 50px) 100vw, 50px\" \/><\/a><\/h5><\/blockquote><p>Fabriqu\u00e9 en TPR, il flotte visiblement sur l'eau pour faciliter la recherche.<\/p><blockquote><h5><a href=\"https:\/\/koussikou.ch\/wp-content\/uploads\/2024\/08\/70.webp\"><img loading=\"lazy\" decoding=\"async\" class=\"alignleft wp-image-32446\" src=\"https:\/\/koussikou.ch\/wp-content\/uploads\/2024\/08\/70-150x150.webp\" alt=\"\" width=\"50\" height=\"50\" srcset=\"https:\/\/koussikou.ch\/wp-content\/uploads\/2024\/08\/70-150x150.webp 150w, https:\/\/koussikou.ch\/wp-content\/uploads\/2024\/08\/70-300x300.webp 300w, https:\/\/koussikou.ch\/wp-content\/uploads\/2024\/08\/70-800x800.webp 800w, https:\/\/koussikou.ch\/wp-content\/uploads\/2024\/08\/70-768x768.webp 768w, https:\/\/koussikou.ch\/wp-content\/uploads\/2024\/08\/70-1536x1536.webp 1536w, https:\/\/koussikou.ch\/wp-content\/uploads\/2024\/08\/70-12x12.webp 12w, https:\/\/koussikou.ch\/wp-content\/uploads\/2024\/08\/70-430x430.webp 430w, https:\/\/koussikou.ch\/wp-content\/uploads\/2024\/08\/70-700x700.webp 700w, https:\/\/koussikou.ch\/wp-content\/uploads\/2024\/08\/70.webp 1920w\" sizes=\"auto, (max-width: 50px) 100vw, 50px\" \/><\/a>Bounce and Fetch<\/h5><\/blockquote><p>Suffisamment souple pour ne pas blesser les dents de votre chien, mais assez ferme pour rebondir !<\/p><blockquote><h5><a href=\"https:\/\/koussikou.ch\/wp-content\/uploads\/2024\/08\/72.webp\"><img loading=\"lazy\" decoding=\"async\" class=\"alignleft  wp-image-32448\" src=\"https:\/\/koussikou.ch\/wp-content\/uploads\/2024\/08\/72-300x300.webp\" alt=\"\" width=\"50\" height=\"50\" srcset=\"https:\/\/koussikou.ch\/wp-content\/uploads\/2024\/08\/72-300x300.webp 300w, https:\/\/koussikou.ch\/wp-content\/uploads\/2024\/08\/72-800x800.webp 800w, https:\/\/koussikou.ch\/wp-content\/uploads\/2024\/08\/72-150x150.webp 150w, https:\/\/koussikou.ch\/wp-content\/uploads\/2024\/08\/72-768x768.webp 768w, https:\/\/koussikou.ch\/wp-content\/uploads\/2024\/08\/72-1536x1536.webp 1536w, https:\/\/koussikou.ch\/wp-content\/uploads\/2024\/08\/72-12x12.webp 12w, https:\/\/koussikou.ch\/wp-content\/uploads\/2024\/08\/72-430x430.webp 430w, https:\/\/koussikou.ch\/wp-content\/uploads\/2024\/08\/72-700x700.webp 700w, https:\/\/koussikou.ch\/wp-content\/uploads\/2024\/08\/72.webp 1920w\" sizes=\"auto, (max-width: 50px) 100vw, 50px\" \/><\/a>Treat<\/h5><\/blockquote><p>Introduisez des friandises dans le trou et regardez votre chien s'amuser pendant des heures !<\/p>\t\t\t\t\t\t\t\t<\/div>\n\t\t\t\t<\/div>\n\t\t\t\t\t<\/div>\n\t\t\t\t<\/div>\n\t\t\t\t<\/div>","protected":false},"excerpt":{"rendered":"<p>D\u00e9couvrez le jouet pour chien Rogz Pupz Grinz, con\u00e7u pour le plaisir et la durabilit\u00e9 ! Cette balle attrayante favorise un jeu actif pour les chiots et les chiens, ce qui ne manquera pas d'amuser votre ami \u00e0 fourrure !<\/p>","protected":false},"featured_media":32449,"template":"","meta":[],"product_brand":[],"product_cat":[42,95,53],"product_tag":[],"class_list":{"0":"post-32444","1":"product","2":"type-product","3":"status-publish","4":"has-post-thumbnail","6":"product_cat-all","7":"product_cat-dogs","8":"product_cat-toys-dogs","10":"first","11":"instock","12":"shipping-taxable","13":"purchasable","14":"product-type-variable"},"_links":{"self":[{"href":"https:\/\/koussikou.ch\/fr\/wp-json\/wp\/v2\/product\/32444","targetHints":{"allow":["GET"]}}],"collection":[{"href":"https:\/\/koussikou.ch\/fr\/wp-json\/wp\/v2\/product"}],"about":[{"href":"https:\/\/koussikou.ch\/fr\/wp-json\/wp\/v2\/types\/product"}],"version-history":[{"count":9,"href":"https:\/\/koussikou.ch\/fr\/wp-json\/wp\/v2\/product\/32444\/revisions"}],"predecessor-version":[{"id":32468,"href":"https:\/\/koussikou.ch\/fr\/wp-json\/wp\/v2\/product\/32444\/revisions\/32468"}],"wp:featuredmedia":[{"embeddable":true,"href":"https:\/\/koussikou.ch\/fr\/wp-json\/wp\/v2\/media\/32449"}],"wp:attachment":[{"href":"https:\/\/koussikou.ch\/fr\/wp-json\/wp\/v2\/media?parent=32444"}],"wp:term":[{"taxonomy":"product_brand","embeddable":true,"href":"https:\/\/koussikou.ch\/fr\/wp-json\/wp\/v2\/product_brand?post=32444"},{"taxonomy":"product_cat","embeddable":true,"href":"https:\/\/koussikou.ch\/fr\/wp-json\/wp\/v2\/product_cat?post=32444"},{"taxonomy":"product_tag","embeddable":true,"href":"https:\/\/koussikou.ch\/fr\/wp-json\/wp\/v2\/product_tag?post=32444"}],"curies":[{"name":"wp","href":"https:\/\/api.w.org\/{rel}","templated":true}]}}