{"id":32664,"date":"2025-03-09T14:43:45","date_gmt":"2025-03-09T12:43:45","guid":{"rendered":"https:\/\/koussikou.ch\/?post_type=product&#038;p=32664"},"modified":"2025-03-09T21:10:54","modified_gmt":"2025-03-09T19:10:54","slug":"rogz-plush-bird","status":"publish","type":"product","link":"https:\/\/koussikou.ch\/fr\/produit\/rogz-plush-bird\/","title":{"rendered":"Rogz \u2013 Plush Bird"},"content":{"rendered":"<p>Engagez les instincts naturels de chasse de votre chat avec <strong><span style=\"color: #83b735;\">Rogz Catnip Plush Bird<\/span><\/strong>. Ce charmant jouet en peluche est con\u00e7u pour offrir un divertissement sans fin \u00e0 votre f\u00e9lin.<\/p>\n<p>\u2714 Stimule le comportement de chasse naturel : L'oiseau en peluche Rogz Catnip est parfait pour encourager les instincts de traque et de bondissement de votre chat.<br \/>\n\u2714 Son de froissement int\u00e9gr\u00e9 : Le jouet \u00e9met un son de froissement irr\u00e9sistible qui maintient votre chat activement diverti.<br \/>\n\u2714 Design l\u00e9ger : Id\u00e9al pour des jeux de bondissement et de rapport excitants, le design l\u00e9ger permet \u00e0 votre chat de l'attraper et de le transporter facilement.<br \/>\n\u2714 Doux et durable : Fabriqu\u00e9 \u00e0 partir de mat\u00e9riaux en peluche douce de qualit\u00e9 sup\u00e9rieure, ce jouet est \u00e0 la fois s\u00fbr et durable pour des heures de jeu prolong\u00e9es.<br \/>\n\u2714 Infus\u00e9 avec de l'herbe \u00e0 chat biologique : La peluche est infus\u00e9e avec de l'herbe \u00e0 chat biologique de haute qualit\u00e9 pour attirer et engager votre chat.<\/p>\n<p>\u2714 Mat\u00e9riau : Tissu en peluche douce de qualit\u00e9 sup\u00e9rieure<br \/>\n\u2714 Son : Effet de froissement engageant<br \/>\n\u2714 Poids : Ultra-l\u00e9ger pour une manipulation facile<\/p>\n<p>Des s\u00e9ances de jeu r\u00e9guli\u00e8res avec l'oiseau en peluche Rogz Catnip favorisent non seulement le bien-\u00eatre de votre chat, mais renforcent \u00e9galement le lien entre vous et votre animal.<\/p>","protected":false},"excerpt":{"rendered":"<p>Ce jouet est parfait pour les chats de tous \u00e2ges et tailles, offrant \u00e0 la fois une stimulation mentale et physique<\/p>","protected":false},"featured_media":32667,"template":"","meta":[],"product_brand":[],"product_cat":[42,104,105],"product_tag":[],"class_list":{"0":"post-32664","1":"product","2":"type-product","3":"status-publish","4":"has-post-thumbnail","6":"product_cat-all","7":"product_cat-cats","8":"product_cat-toys-cats","10":"first","11":"instock","12":"sale","13":"shipping-taxable","14":"purchasable","15":"product-type-simple"},"_links":{"self":[{"href":"https:\/\/koussikou.ch\/fr\/wp-json\/wp\/v2\/product\/32664","targetHints":{"allow":["GET"]}}],"collection":[{"href":"https:\/\/koussikou.ch\/fr\/wp-json\/wp\/v2\/product"}],"about":[{"href":"https:\/\/koussikou.ch\/fr\/wp-json\/wp\/v2\/types\/product"}],"version-history":[{"count":4,"href":"https:\/\/koussikou.ch\/fr\/wp-json\/wp\/v2\/product\/32664\/revisions"}],"predecessor-version":[{"id":32671,"href":"https:\/\/koussikou.ch\/fr\/wp-json\/wp\/v2\/product\/32664\/revisions\/32671"}],"wp:featuredmedia":[{"embeddable":true,"href":"https:\/\/koussikou.ch\/fr\/wp-json\/wp\/v2\/media\/32667"}],"wp:attachment":[{"href":"https:\/\/koussikou.ch\/fr\/wp-json\/wp\/v2\/media?parent=32664"}],"wp:term":[{"taxonomy":"product_brand","embeddable":true,"href":"https:\/\/koussikou.ch\/fr\/wp-json\/wp\/v2\/product_brand?post=32664"},{"taxonomy":"product_cat","embeddable":true,"href":"https:\/\/koussikou.ch\/fr\/wp-json\/wp\/v2\/product_cat?post=32664"},{"taxonomy":"product_tag","embeddable":true,"href":"https:\/\/koussikou.ch\/fr\/wp-json\/wp\/v2\/product_tag?post=32664"}],"curies":[{"name":"wp","href":"https:\/\/api.w.org\/{rel}","templated":true}]}}