{"id":32685,"date":"2025-04-06T22:39:21","date_gmt":"2025-04-06T20:39:21","guid":{"rendered":"https:\/\/koussikou.ch\/?post_type=product&#038;p=32685"},"modified":"2025-04-07T14:48:10","modified_gmt":"2025-04-07T12:48:10","slug":"freezack-bamboo-soft-brush","status":"publish","type":"product","link":"https:\/\/koussikou.ch\/fr\/produit\/freezack-bamboo-soft-brush\/","title":{"rendered":"Freezack &#8211; Bamboo Soft Brush"},"content":{"rendered":"<p>Le <strong><span style=\"color: #83b735;\">cardes Freezack<\/span><\/strong> permettent de d\u00e9s\u00e9paissir le pelage avec douceur et minutie.<\/p>\n<p>Les races au pelage r\u00eache ou laineux ont souvent un sous-poil particuli\u00e8rement dense qui doit \u00eatre bross\u00e9 minutieusement.<\/p>\n<p>Vous pouvez facilement retirer les poils perdus et les poils morts des pelages emm\u00eal\u00e9s.<\/p>\n<p>Gardez le pelage de votre animal de compagnie sain, lisse et magnifiquement entretenu avec cette brosse polyvalente et de haute qualit\u00e9.<\/p>\n<blockquote><p><strong>Pour chats &amp; chiens<\/strong><\/p><\/blockquote>\n<p>&nbsp;<\/p>","protected":false},"excerpt":{"rendered":"<p>D\u00e9couvrez la brosse de massage en bambou Freezack, un outil de toilettage respectueux de l'environnement con\u00e7u pour des soins confortables et efficaces, favorisant un pelage sain et brillant.<\/p>","protected":false},"featured_media":32687,"template":"","meta":[],"product_brand":[],"product_cat":[138,104,95,121],"product_tag":[],"class_list":{"0":"post-32685","1":"product","2":"type-product","3":"status-publish","4":"has-post-thumbnail","6":"product_cat-care-dogs","7":"product_cat-cats","8":"product_cat-dogs","9":"product_cat-toilet","11":"first","12":"instock","13":"shipping-taxable","14":"purchasable","15":"product-type-simple"},"_links":{"self":[{"href":"https:\/\/koussikou.ch\/fr\/wp-json\/wp\/v2\/product\/32685","targetHints":{"allow":["GET"]}}],"collection":[{"href":"https:\/\/koussikou.ch\/fr\/wp-json\/wp\/v2\/product"}],"about":[{"href":"https:\/\/koussikou.ch\/fr\/wp-json\/wp\/v2\/types\/product"}],"version-history":[{"count":4,"href":"https:\/\/koussikou.ch\/fr\/wp-json\/wp\/v2\/product\/32685\/revisions"}],"predecessor-version":[{"id":32692,"href":"https:\/\/koussikou.ch\/fr\/wp-json\/wp\/v2\/product\/32685\/revisions\/32692"}],"wp:featuredmedia":[{"embeddable":true,"href":"https:\/\/koussikou.ch\/fr\/wp-json\/wp\/v2\/media\/32687"}],"wp:attachment":[{"href":"https:\/\/koussikou.ch\/fr\/wp-json\/wp\/v2\/media?parent=32685"}],"wp:term":[{"taxonomy":"product_brand","embeddable":true,"href":"https:\/\/koussikou.ch\/fr\/wp-json\/wp\/v2\/product_brand?post=32685"},{"taxonomy":"product_cat","embeddable":true,"href":"https:\/\/koussikou.ch\/fr\/wp-json\/wp\/v2\/product_cat?post=32685"},{"taxonomy":"product_tag","embeddable":true,"href":"https:\/\/koussikou.ch\/fr\/wp-json\/wp\/v2\/product_tag?post=32685"}],"curies":[{"name":"wp","href":"https:\/\/api.w.org\/{rel}","templated":true}]}}