{"id":32693,"date":"2025-04-07T15:16:42","date_gmt":"2025-04-07T13:16:42","guid":{"rendered":"https:\/\/koussikou.ch\/?post_type=product&#038;p=32693"},"modified":"2025-04-08T13:55:31","modified_gmt":"2025-04-08T11:55:31","slug":"all-for-paws-cool-dog-mat","status":"publish","type":"product","link":"https:\/\/koussikou.ch\/fr\/produit\/all-for-paws-cool-dog-mat\/","title":{"rendered":"All for Paws &#8211; Cool Dog Mat"},"content":{"rendered":"<p>Le <strong><span style=\"color: #83b735;\">Tapis Always Cool Dog<\/span><\/strong> offre \u00e0 votre chien un endroit pour se reposer et se rafra\u00eechir pendant les chaudes journ\u00e9es d'\u00e9t\u00e9 \u2600\ufe0f. Le tapis Always Cool Dog sera plus frais (\u2744\ufe0f 10 \u00e0 15\u00b0) que l'environnement pendant 3 \u00e0 4 heures d'utilisation continue. Pour le re-refroidir, il suffit de laisser le tapis inutilis\u00e9 pendant une courte p\u00e9riode, et le gel se re-refroidira automatiquement.<\/p>\n<blockquote>\n<h5><span style=\"color: #83b735;\">Caract\u00e9ristiques<\/span><\/h5>\n<\/blockquote>\n<p>\u2714 Frais et confortable<\/p>\n<p>\u2714 R\u00e9gule la temp\u00e9rature corporelle de votre chien, r\u00e9duisant ainsi le risque de surchauffe<\/p>\n<p>\u2714 Compatible avec les caisses et les chenils<\/p>\n<p>\u2714 Facile \u00e0 plier<\/p>\n<p>\u2714 Portable lors des voyages<\/p>\n<p>\u2714 Facile \u00e0 utiliser et \u00e0 nettoyer simplement avec un chiffon<\/p>\n<p>\u2714 \u00c0 ranger pendant les mois d'hiver pour prolonger la dur\u00e9e de vie du produit<\/p>\n<p>\u2714 M &#8211; 50 x 40 cm<\/p>\n<p>Ne pas laisser en plein soleil, chaleur ou air chaud, cela affectera les performances du tapis rafra\u00eechissant pour chien.<\/p>","protected":false},"excerpt":{"rendered":"<p>D\u00e9tendez-vous ! et gardez votre chien au frais ! avec le tapis Always Cool Dog, rempli de gel rafra\u00eechissant \ud83d\udca7<\/p>","protected":false},"featured_media":32696,"template":"","meta":[],"product_brand":[],"product_cat":[42,95,130,131],"product_tag":[],"class_list":{"0":"post-32693","1":"product","2":"type-product","3":"status-publish","4":"has-post-thumbnail","6":"product_cat-all","7":"product_cat-dogs","8":"product_cat-sleep-relax-dogs","9":"product_cat-travel-walk-dogs","11":"first","12":"instock","13":"shipping-taxable","14":"purchasable","15":"product-type-simple"},"_links":{"self":[{"href":"https:\/\/koussikou.ch\/fr\/wp-json\/wp\/v2\/product\/32693","targetHints":{"allow":["GET"]}}],"collection":[{"href":"https:\/\/koussikou.ch\/fr\/wp-json\/wp\/v2\/product"}],"about":[{"href":"https:\/\/koussikou.ch\/fr\/wp-json\/wp\/v2\/types\/product"}],"version-history":[{"count":8,"href":"https:\/\/koussikou.ch\/fr\/wp-json\/wp\/v2\/product\/32693\/revisions"}],"predecessor-version":[{"id":32707,"href":"https:\/\/koussikou.ch\/fr\/wp-json\/wp\/v2\/product\/32693\/revisions\/32707"}],"wp:featuredmedia":[{"embeddable":true,"href":"https:\/\/koussikou.ch\/fr\/wp-json\/wp\/v2\/media\/32696"}],"wp:attachment":[{"href":"https:\/\/koussikou.ch\/fr\/wp-json\/wp\/v2\/media?parent=32693"}],"wp:term":[{"taxonomy":"product_brand","embeddable":true,"href":"https:\/\/koussikou.ch\/fr\/wp-json\/wp\/v2\/product_brand?post=32693"},{"taxonomy":"product_cat","embeddable":true,"href":"https:\/\/koussikou.ch\/fr\/wp-json\/wp\/v2\/product_cat?post=32693"},{"taxonomy":"product_tag","embeddable":true,"href":"https:\/\/koussikou.ch\/fr\/wp-json\/wp\/v2\/product_tag?post=32693"}],"curies":[{"name":"wp","href":"https:\/\/api.w.org\/{rel}","templated":true}]}}