{"id":32711,"date":"2025-04-09T19:36:06","date_gmt":"2025-04-09T17:36:06","guid":{"rendered":"https:\/\/koussikou.ch\/?post_type=product&#038;p=32711"},"modified":"2025-04-09T20:15:03","modified_gmt":"2025-04-09T18:15:03","slug":"freezack-cool-pet-mat","status":"publish","type":"product","link":"https:\/\/koussikou.ch\/fr\/produit\/freezack-cool-pet-mat\/","title":{"rendered":"Freezack &#8211; Cool Pet Mat"},"content":{"rendered":"<p>Le <strong><span style=\"color: #83b735;\">Tapis rafra\u00eechissant Freezack<\/span><\/strong> est con\u00e7u pour garder les chiens confortables pendant les journ\u00e9es \u2600\ufe0f chaudes en offrant un effet de refroidissement sans avoir besoin d'\u00e9lectricit\u00e9 ou de r\u00e9frig\u00e9ration. Le tapis s'active gr\u00e2ce au poids du corps de l'animal et devient \u2744\ufe0f 10 \u00e0 15\u00b0C plus frais que l'environnement ambiant. Il reste efficace pendant 3 \u00e0 4 heures avant de se recharger automatiquement lorsqu'il n'est pas utilis\u00e9.<\/p>\n<p>Facile \u00e0 nettoyer, pliable et adapt\u00e9 aux cages et aux chenils, il repr\u00e9sente une solution pratique pour les propri\u00e9taires d'animaux qui souhaitent aider leurs compagnons \u00e0 rester au frais.<\/p>\n<p>Placez-le dans un endroit ombrag\u00e9 \ud83c\udfe1 \u2013 Bien que le tapis refroidisse par lui-m\u00eame, le garder \u00e0 l'abri de la lumi\u00e8re directe du soleil aide \u00e0 maintenir son effet rafra\u00eechissant plus longtemps.<\/p>\n<p>Id\u00e9al pour les voyages \ud83d\ude97 \u2013 Pliez-le et emmenez-le avec vous lors de vos d\u00e9placements ou vacances afin de garantir que votre animal reste au frais dans la voiture ou dans de nouveaux environnements.<\/p>\n<p>Parfait pour la r\u00e9cup\u00e9ration apr\u00e8s l'exercice \ud83d\udc36 \u2013 Apr\u00e8s un moment de jeu ou une promenade, laissez votre animal se d\u00e9tendre sur le tapis pour l'aider \u00e0 r\u00e9guler sa temp\u00e9rature corporelle plus rapidement.<\/p>\n<p>90 x 50 cm<\/p>","protected":false},"excerpt":{"rendered":"<p>Gardez votre animal au frais et \u00e0 l'aise sans effort gr\u00e2ce \u00e0 ce tapis rafra\u00eechissant pratique et \ud83d\udca7 auto-r\u00e9g\u00e9n\u00e9rant ! \ud83d\udc3e<\/p>","protected":false},"featured_media":32713,"template":"","meta":[],"product_brand":[],"product_cat":[42,95,130,131],"product_tag":[],"class_list":{"0":"post-32711","1":"product","2":"type-product","3":"status-publish","4":"has-post-thumbnail","6":"product_cat-all","7":"product_cat-dogs","8":"product_cat-sleep-relax-dogs","9":"product_cat-travel-walk-dogs","11":"first","12":"instock","13":"sale","14":"shipping-taxable","15":"purchasable","16":"product-type-simple"},"_links":{"self":[{"href":"https:\/\/koussikou.ch\/fr\/wp-json\/wp\/v2\/product\/32711","targetHints":{"allow":["GET"]}}],"collection":[{"href":"https:\/\/koussikou.ch\/fr\/wp-json\/wp\/v2\/product"}],"about":[{"href":"https:\/\/koussikou.ch\/fr\/wp-json\/wp\/v2\/types\/product"}],"version-history":[{"count":7,"href":"https:\/\/koussikou.ch\/fr\/wp-json\/wp\/v2\/product\/32711\/revisions"}],"predecessor-version":[{"id":32721,"href":"https:\/\/koussikou.ch\/fr\/wp-json\/wp\/v2\/product\/32711\/revisions\/32721"}],"wp:featuredmedia":[{"embeddable":true,"href":"https:\/\/koussikou.ch\/fr\/wp-json\/wp\/v2\/media\/32713"}],"wp:attachment":[{"href":"https:\/\/koussikou.ch\/fr\/wp-json\/wp\/v2\/media?parent=32711"}],"wp:term":[{"taxonomy":"product_brand","embeddable":true,"href":"https:\/\/koussikou.ch\/fr\/wp-json\/wp\/v2\/product_brand?post=32711"},{"taxonomy":"product_cat","embeddable":true,"href":"https:\/\/koussikou.ch\/fr\/wp-json\/wp\/v2\/product_cat?post=32711"},{"taxonomy":"product_tag","embeddable":true,"href":"https:\/\/koussikou.ch\/fr\/wp-json\/wp\/v2\/product_tag?post=32711"}],"curies":[{"name":"wp","href":"https:\/\/api.w.org\/{rel}","templated":true}]}}