{"id":32736,"date":"2025-04-12T12:43:39","date_gmt":"2025-04-12T10:43:39","guid":{"rendered":"https:\/\/koussikou.ch\/?post_type=product&#038;p=32736"},"modified":"2025-04-12T13:10:34","modified_gmt":"2025-04-12T11:10:34","slug":"freezack-cat-tumbler","status":"publish","type":"product","link":"https:\/\/koussikou.ch\/fr\/produit\/freezack-cat-tumbler\/","title":{"rendered":"Freezack &#8211; Cat Tumbler"},"content":{"rendered":"<p>Le <strong><span style=\"color: #83b735;\">Freezack Cat Tumbler<\/span><\/strong> est un jouet amusant et interactif \ud83d\udc3e con\u00e7u pour divertir votre f\u00e9lin \ud83d\udc31 et stimuler son esprit \ud83e\udde0. Il peut \u00eatre rempli de friandises \ud83c\udf6c ou de catnip \ud83c\udf3f, encourageant votre chat \u00e0 jouer \ud83c\udf89 et \u00e0 interagir avec lui. Fabriqu\u00e9 en plastique non toxique \u267b\ufe0f, il est facile \u00e0 nettoyer \ud83e\uddfc et offre \u00e0 votre animal \u00e0 la fois une activit\u00e9 physique et un d\u00e9fi mental \ud83e\udde9.<\/p>","protected":false},"excerpt":{"rendered":"<p>Fun! Can&#8217;t stop playing! Keep your cat entertained and engaged with the Freezack Cat Tumbler<\/p>","protected":false},"featured_media":32764,"template":"","meta":[],"product_brand":[],"product_cat":[42,104,105],"product_tag":[],"class_list":{"0":"post-32736","1":"product","2":"type-product","3":"status-publish","4":"has-post-thumbnail","6":"product_cat-all","7":"product_cat-cats","8":"product_cat-toys-cats","10":"first","11":"instock","12":"shipping-taxable","13":"purchasable","14":"product-type-variable"},"_links":{"self":[{"href":"https:\/\/koussikou.ch\/fr\/wp-json\/wp\/v2\/product\/32736","targetHints":{"allow":["GET"]}}],"collection":[{"href":"https:\/\/koussikou.ch\/fr\/wp-json\/wp\/v2\/product"}],"about":[{"href":"https:\/\/koussikou.ch\/fr\/wp-json\/wp\/v2\/types\/product"}],"version-history":[{"count":6,"href":"https:\/\/koussikou.ch\/fr\/wp-json\/wp\/v2\/product\/32736\/revisions"}],"predecessor-version":[{"id":32768,"href":"https:\/\/koussikou.ch\/fr\/wp-json\/wp\/v2\/product\/32736\/revisions\/32768"}],"wp:featuredmedia":[{"embeddable":true,"href":"https:\/\/koussikou.ch\/fr\/wp-json\/wp\/v2\/media\/32764"}],"wp:attachment":[{"href":"https:\/\/koussikou.ch\/fr\/wp-json\/wp\/v2\/media?parent=32736"}],"wp:term":[{"taxonomy":"product_brand","embeddable":true,"href":"https:\/\/koussikou.ch\/fr\/wp-json\/wp\/v2\/product_brand?post=32736"},{"taxonomy":"product_cat","embeddable":true,"href":"https:\/\/koussikou.ch\/fr\/wp-json\/wp\/v2\/product_cat?post=32736"},{"taxonomy":"product_tag","embeddable":true,"href":"https:\/\/koussikou.ch\/fr\/wp-json\/wp\/v2\/product_tag?post=32736"}],"curies":[{"name":"wp","href":"https:\/\/api.w.org\/{rel}","templated":true}]}}