{"id":32779,"date":"2025-04-12T20:55:32","date_gmt":"2025-04-12T18:55:32","guid":{"rendered":"https:\/\/koussikou.ch\/?post_type=product&#038;p=32779"},"modified":"2025-04-13T12:55:02","modified_gmt":"2025-04-13T10:55:02","slug":"all-for-paws-treat-hider-tree-hider-squirrel","status":"publish","type":"product","link":"https:\/\/koussikou.ch\/fr\/produit\/all-for-paws-treat-hider-tree-hider-squirrel\/","title":{"rendered":"All For Paws &#8211; Treat \u200bHider Squirrel"},"content":{"rendered":"<p>Le <strong><span style=\"color: #83b735;\">All For Paws Treat Tree-Hider Squirrel<\/span><\/strong> est un jouet interactif \ud83d\udc36 con\u00e7u pour garder votre chien actif et mentalement stimul\u00e9. Il comprend un distributeur de friandises en caoutchouc, encourageant les chiens \u00e0 travailler pour leurs r\u00e9compenses, ainsi qu\u2019un \u00e9cureuil en peluche pouvant \u00eatre cach\u00e9 \u00e0 l\u2019int\u00e9rieur, \u00e9veillant leurs instincts de chasse naturels.<\/p>\n<p>Pour les chiens de petite et moyenne taille<\/p>","protected":false},"excerpt":{"rendered":"<p>Gardez votre chien diverti avec le All For Paws Treat Hider Tree-Hider Squirrel\u2014un jouet casse-t\u00eate amusant qui allie r\u00e9compenses gourmandes et jeu interactif !<\/p>","protected":false},"featured_media":32814,"template":"","meta":[],"product_brand":[],"product_cat":[42,95,53],"product_tag":[],"class_list":{"0":"post-32779","1":"product","2":"type-product","3":"status-publish","4":"has-post-thumbnail","6":"product_cat-all","7":"product_cat-dogs","8":"product_cat-toys-dogs","10":"first","11":"instock","12":"shipping-taxable","13":"purchasable","14":"product-type-simple"},"_links":{"self":[{"href":"https:\/\/koussikou.ch\/fr\/wp-json\/wp\/v2\/product\/32779","targetHints":{"allow":["GET"]}}],"collection":[{"href":"https:\/\/koussikou.ch\/fr\/wp-json\/wp\/v2\/product"}],"about":[{"href":"https:\/\/koussikou.ch\/fr\/wp-json\/wp\/v2\/types\/product"}],"version-history":[{"count":5,"href":"https:\/\/koussikou.ch\/fr\/wp-json\/wp\/v2\/product\/32779\/revisions"}],"predecessor-version":[{"id":32788,"href":"https:\/\/koussikou.ch\/fr\/wp-json\/wp\/v2\/product\/32779\/revisions\/32788"}],"wp:featuredmedia":[{"embeddable":true,"href":"https:\/\/koussikou.ch\/fr\/wp-json\/wp\/v2\/media\/32814"}],"wp:attachment":[{"href":"https:\/\/koussikou.ch\/fr\/wp-json\/wp\/v2\/media?parent=32779"}],"wp:term":[{"taxonomy":"product_brand","embeddable":true,"href":"https:\/\/koussikou.ch\/fr\/wp-json\/wp\/v2\/product_brand?post=32779"},{"taxonomy":"product_cat","embeddable":true,"href":"https:\/\/koussikou.ch\/fr\/wp-json\/wp\/v2\/product_cat?post=32779"},{"taxonomy":"product_tag","embeddable":true,"href":"https:\/\/koussikou.ch\/fr\/wp-json\/wp\/v2\/product_tag?post=32779"}],"curies":[{"name":"wp","href":"https:\/\/api.w.org\/{rel}","templated":true}]}}