{"id":32852,"date":"2025-04-26T15:43:40","date_gmt":"2025-04-26T13:43:40","guid":{"rendered":"https:\/\/koussikou.ch\/?post_type=product&#038;p=32852"},"modified":"2025-04-26T15:52:16","modified_gmt":"2025-04-26T13:52:16","slug":"freezack-star-bed","status":"publish","type":"product","link":"https:\/\/koussikou.ch\/fr\/produit\/freezack-star-bed\/","title":{"rendered":"Freezack &#8211; Star Bed"},"content":{"rendered":"<p>Offrez \u00e0 votre ami \u00e0 fourrure un endroit confortable et \u00e9l\u00e9gant pour se reposer ! <span style=\"color: #83b735;\"><strong>Le lit Freezack Star pour chien<\/strong><\/span> Fabriqu\u00e9 \u00e0 partir d'un mat\u00e9riau doux et confortable, il garantit une exp\u00e9rience de sommeil parfaite pour votre animal. Son design \u00e9l\u00e9gant s'int\u00e8gre parfaitement \u00e0 tout d\u00e9cor int\u00e9rieur \ud83c\udfe1, en faisant un excellent ajout \u00e0 votre espace. De plus, il est facile \u00e0 nettoyer et lavable en machine \u00e0 30\u00b0C \ud83e\uddfc.<\/p>","protected":false},"excerpt":{"rendered":"<p>Lit Doux &amp; \u00c9l\u00e9gant pour Chien \u2b50\ud83d\udc36 Doux, \u00e9l\u00e9gant et facile \u00e0 nettoyer ! \ud83e\uddfc Le lit Freezack Star offre un confort ultime !<\/p>","protected":false},"featured_media":32855,"template":"","meta":[],"product_brand":[],"product_cat":[42,95,130],"product_tag":[],"class_list":{"0":"post-32852","1":"product","2":"type-product","3":"status-publish","4":"has-post-thumbnail","6":"product_cat-all","7":"product_cat-dogs","8":"product_cat-sleep-relax-dogs","10":"first","11":"instock","12":"sale","13":"shipping-taxable","14":"purchasable","15":"product-type-simple"},"_links":{"self":[{"href":"https:\/\/koussikou.ch\/fr\/wp-json\/wp\/v2\/product\/32852","targetHints":{"allow":["GET"]}}],"collection":[{"href":"https:\/\/koussikou.ch\/fr\/wp-json\/wp\/v2\/product"}],"about":[{"href":"https:\/\/koussikou.ch\/fr\/wp-json\/wp\/v2\/types\/product"}],"version-history":[{"count":2,"href":"https:\/\/koussikou.ch\/fr\/wp-json\/wp\/v2\/product\/32852\/revisions"}],"predecessor-version":[{"id":32857,"href":"https:\/\/koussikou.ch\/fr\/wp-json\/wp\/v2\/product\/32852\/revisions\/32857"}],"wp:featuredmedia":[{"embeddable":true,"href":"https:\/\/koussikou.ch\/fr\/wp-json\/wp\/v2\/media\/32855"}],"wp:attachment":[{"href":"https:\/\/koussikou.ch\/fr\/wp-json\/wp\/v2\/media?parent=32852"}],"wp:term":[{"taxonomy":"product_brand","embeddable":true,"href":"https:\/\/koussikou.ch\/fr\/wp-json\/wp\/v2\/product_brand?post=32852"},{"taxonomy":"product_cat","embeddable":true,"href":"https:\/\/koussikou.ch\/fr\/wp-json\/wp\/v2\/product_cat?post=32852"},{"taxonomy":"product_tag","embeddable":true,"href":"https:\/\/koussikou.ch\/fr\/wp-json\/wp\/v2\/product_tag?post=32852"}],"curies":[{"name":"wp","href":"https:\/\/api.w.org\/{rel}","templated":true}]}}